{"id":241,"date":"2024-10-19T14:09:06","date_gmt":"2024-10-19T14:09:06","guid":{"rendered":"https:\/\/desireemeiser-coaching-beratung.com\/desiree-meiser\/"},"modified":"2025-08-06T12:02:56","modified_gmt":"2025-08-06T12:02:56","slug":"desiree-meiser","status":"publish","type":"page","link":"https:\/\/desireemeiser-coaching-beratung.com\/en\/desiree-meiser\/","title":{"rendered":"D\u00e9sir\u00e9e Meiser"},"content":{"rendered":"\t\t<div data-elementor-type=\"wp-page\" data-elementor-id=\"241\" class=\"elementor elementor-241 elementor-149\" data-elementor-post-type=\"page\">\n\t\t\t\t<div class=\"elementor-element elementor-element-052102c e-flex e-con-boxed e-con e-parent\" data-id=\"052102c\" data-element_type=\"container\">\n\t\t\t\t\t<div class=\"e-con-inner\">\n\t\t<div class=\"elementor-element elementor-element-ae77b12 e-con-full e-flex e-con e-child\" data-id=\"ae77b12\" data-element_type=\"container\">\n\t\t\t\t<div class=\"elementor-element elementor-element-d6236bd elementor-widget elementor-widget-text-editor\" data-id=\"d6236bd\" data-element_type=\"widget\" data-widget_type=\"text-editor.default\">\n\t\t\t\t\t\t\t\t\t<p class=\"p1\"><b>D\u00e9sir\u00e9e Meiser \u2013 Building Bridges Between Art, Coaching, and Personal Development<\/b><b><\/b><\/p><p class=\"p1\">D\u00e9sir\u00e9e Meiser connects her extensive experience as an artist with her passion for enabling individuals in their personal and professional growth through her work. As an experienced mentor, business, and organizational coach, she assists people in navigating complex life situations today \u2013 whether in private contexts, within the business realm, or along their artistic career paths. Her work is deeply shaped by a profound understanding of creative processes, a values-driven mindset, and her talent for inspiring others to surpass their limitations.<\/p><p class=\"p1\">D\u00e9sir\u00e9e Meiser was born in K\u00f6nigstein im Taunus (Germany) and spent her early childhood years in the USA (NY). After finishing high school, she studied history and theater studies in Berlin, eventually completing her training at the State Drama School in Hannover.<\/p><p class=\"p1\">Her first role as an actress was at the Staatstheater Darmstadt before she became permanently engaged at the Theater Basel under Frank Baumbauer in 1988. During this time, she enhanced her artistic skills with professional vocal training and gradually shifted into music theater. She took part in numerous productions as a singer and performer, particularly at the Theater Basel.<\/p><p class=\"p1\">In 1993, she began creating and directing her own music theater projects, including for the Theater Basel, the Opera S\u00e3o Carlos in Lisbon, and the Teatro La Fenice in Venice. These early projects highlighted her ability to build creative bridges and realize innovative ideas in collaboration with others \u2013 a skill that continues to be central to her current work as a coach.<\/p><p class=\"p1\">In 2002, she co-founded &#8220;Gare du Nord,&#8221; a hub for contemporary music in Basel, alongside music dramaturg Ute Haferburg. As the artistic director, she influenced the cultural landscape of Basel and beyond for more than 22 years. She developed numerous projects and partnerships, including with the Lucerne Festival, the Hochschule f\u00fcr Musik Basel, and the Schola Cantorum Basiliensis. Concurrently, she acted as a mentor for master&#8217;s students in music education, actively nurturing the next generation.<\/p><p>Based on her rich expertise, D\u00e9sir\u00e9e Meiser chose to develop her skills further by training as a values-oriented systemic coach following the St. Gallen Model (SCM). She is now trained as a systemic Master of Coaching, a Master of Business Coaching, a Team Coach, and a certified Coach in Systemic Constellations.<\/p><p>Her work is focused on building bridges between challenges and solutions, between goals and potentials.<\/p><p class=\"p1\">D\u00e9sir\u00e9e Meiser is the mother of three adult children.<\/p>\t\t\t\t\t\t\t\t<\/div>\n\t\t\t\t<\/div>\n\t\t<div class=\"elementor-element elementor-element-4a3dc12 e-con-full e-flex e-con e-child\" data-id=\"4a3dc12\" data-element_type=\"container\">\n\t\t\t\t<div class=\"elementor-element elementor-element-553b136 elementor-widget elementor-widget-image\" data-id=\"553b136\" data-element_type=\"widget\" data-widget_type=\"image.default\">\n\t\t\t\t\t\t\t\t\t\t\t\t\t\t\t<img fetchpriority=\"high\" decoding=\"async\" width=\"1499\" height=\"944\" src=\"https:\/\/desireemeiser-coaching-beratung.com\/wp-content\/uploads\/2024\/11\/2022-Desiree-Meiser-02.jpg\" class=\"attachment-full size-full wp-image-1741\" alt=\"\" srcset=\"https:\/\/desireemeiser-coaching-beratung.com\/wp-content\/uploads\/2024\/11\/2022-Desiree-Meiser-02.jpg 1499w, https:\/\/desireemeiser-coaching-beratung.com\/wp-content\/uploads\/2024\/11\/2022-Desiree-Meiser-02-300x189.jpg 300w, https:\/\/desireemeiser-coaching-beratung.com\/wp-content\/uploads\/2024\/11\/2022-Desiree-Meiser-02-1024x645.jpg 1024w, https:\/\/desireemeiser-coaching-beratung.com\/wp-content\/uploads\/2024\/11\/2022-Desiree-Meiser-02-768x484.jpg 768w\" sizes=\"(max-width: 1499px) 100vw, 1499px\" \/>\t\t\t\t\t\t\t\t\t\t\t\t\t\t\t<\/div>\n\t\t\t\t<div class=\"elementor-element elementor-element-c636582 elementor-widget elementor-widget-spacer\" data-id=\"c636582\" data-element_type=\"widget\" data-widget_type=\"spacer.default\">\n\t\t\t\t\t\t\t<div class=\"elementor-spacer\">\n\t\t\t<div class=\"elementor-spacer-inner\"><\/div>\n\t\t<\/div>\n\t\t\t\t\t\t<\/div>\n\t\t\t\t<\/div>\n\t\t\t\t\t<\/div>\n\t\t\t\t<\/div>\n\t\t\t\t<\/div>\n\t\t","protected":false},"excerpt":{"rendered":"<p>D\u00e9sir\u00e9e Meiser \u2013 Building Bridges Between Art, Coaching, and Personal Development D\u00e9sir\u00e9e Meiser connects her extensive experience as an artist with her passion for enabling individuals in their personal and professional growth through her work. As an experienced mentor, business, and organizational coach, she assists people in navigating complex life situations today \u2013 whether in&hellip;&nbsp;<a href=\"https:\/\/desireemeiser-coaching-beratung.com\/en\/desiree-meiser\/\" rel=\"bookmark\">Read More &raquo;<span class=\"screen-reader-text\">D\u00e9sir\u00e9e Meiser<\/span><\/a><\/p>\n","protected":false},"author":1,"featured_media":0,"parent":0,"menu_order":0,"comment_status":"closed","ping_status":"closed","template":"page-templates\/template-pagebuilder-full-width.php","meta":{"neve_meta_sidebar":"","neve_meta_container":"","neve_meta_enable_content_width":"on","neve_meta_content_width":100,"neve_meta_title_alignment":"","neve_meta_author_avatar":"","neve_post_elements_order":"","neve_meta_disable_header":"","neve_meta_disable_footer":"","neve_meta_disable_title":"on","neve_meta_reading_time":"","footnotes":""},"class_list":["post-241","page","type-page","status-publish","hentry"],"yoast_head":"<!-- This site is optimized with the Yoast SEO plugin v26.6 - https:\/\/yoast.com\/wordpress\/plugins\/seo\/ -->\n<title>D\u00e9sir\u00e9e Meiser - D\u00e9sir\u00e9e Meiser<\/title>\n<meta name=\"robots\" content=\"index, follow, max-snippet:-1, max-image-preview:large, max-video-preview:-1\" \/>\n<link rel=\"canonical\" href=\"https:\/\/desireemeiser-coaching-beratung.com\/en\/desiree-meiser\/\" \/>\n<meta property=\"og:locale\" content=\"en_US\" \/>\n<meta property=\"og:type\" content=\"article\" \/>\n<meta property=\"og:title\" content=\"D\u00e9sir\u00e9e Meiser - D\u00e9sir\u00e9e Meiser\" \/>\n<meta property=\"og:description\" content=\"D\u00e9sir\u00e9e Meiser \u2013 Building Bridges Between Art, Coaching, and Personal Development D\u00e9sir\u00e9e Meiser connects her extensive experience as an artist with her passion for enabling individuals in their personal and professional growth through her work. As an experienced mentor, business, and organizational coach, she assists people in navigating complex life situations today \u2013 whether in&hellip;&nbsp;Read More &raquo;D\u00e9sir\u00e9e Meiser\" \/>\n<meta property=\"og:url\" content=\"https:\/\/desireemeiser-coaching-beratung.com\/en\/desiree-meiser\/\" \/>\n<meta property=\"og:site_name\" content=\"D\u00e9sir\u00e9e Meiser\" \/>\n<meta property=\"article:modified_time\" content=\"2025-08-06T12:02:56+00:00\" \/>\n<meta property=\"og:image\" content=\"https:\/\/desireemeiser-coaching-beratung.com\/wp-content\/uploads\/2024\/11\/2022-Desiree-Meiser-02.jpg\" \/>\n\t<meta property=\"og:image:width\" content=\"1499\" \/>\n\t<meta property=\"og:image:height\" content=\"944\" \/>\n\t<meta property=\"og:image:type\" content=\"image\/jpeg\" \/>\n<meta name=\"twitter:card\" content=\"summary_large_image\" \/>\n<meta name=\"twitter:label1\" content=\"Est. reading time\" \/>\n\t<meta name=\"twitter:data1\" content=\"2 minutes\" \/>\n<script type=\"application\/ld+json\" class=\"yoast-schema-graph\">{\"@context\":\"https:\/\/schema.org\",\"@graph\":[{\"@type\":\"WebPage\",\"@id\":\"https:\/\/desireemeiser-coaching-beratung.com\/en\/desiree-meiser\/\",\"url\":\"https:\/\/desireemeiser-coaching-beratung.com\/en\/desiree-meiser\/\",\"name\":\"D\u00e9sir\u00e9e Meiser - D\u00e9sir\u00e9e Meiser\",\"isPartOf\":{\"@id\":\"https:\/\/desireemeiser-coaching-beratung.com\/en\/#website\"},\"primaryImageOfPage\":{\"@id\":\"https:\/\/desireemeiser-coaching-beratung.com\/en\/desiree-meiser\/#primaryimage\"},\"image\":{\"@id\":\"https:\/\/desireemeiser-coaching-beratung.com\/en\/desiree-meiser\/#primaryimage\"},\"thumbnailUrl\":\"https:\/\/desireemeiser-coaching-beratung.com\/wp-content\/uploads\/2024\/11\/2022-Desiree-Meiser-02.jpg\",\"datePublished\":\"2024-10-19T14:09:06+00:00\",\"dateModified\":\"2025-08-06T12:02:56+00:00\",\"breadcrumb\":{\"@id\":\"https:\/\/desireemeiser-coaching-beratung.com\/en\/desiree-meiser\/#breadcrumb\"},\"inLanguage\":\"en-US\",\"potentialAction\":[{\"@type\":\"ReadAction\",\"target\":[\"https:\/\/desireemeiser-coaching-beratung.com\/en\/desiree-meiser\/\"]}]},{\"@type\":\"ImageObject\",\"inLanguage\":\"en-US\",\"@id\":\"https:\/\/desireemeiser-coaching-beratung.com\/en\/desiree-meiser\/#primaryimage\",\"url\":\"https:\/\/desireemeiser-coaching-beratung.com\/wp-content\/uploads\/2024\/11\/2022-Desiree-Meiser-02.jpg\",\"contentUrl\":\"https:\/\/desireemeiser-coaching-beratung.com\/wp-content\/uploads\/2024\/11\/2022-Desiree-Meiser-02.jpg\"},{\"@type\":\"BreadcrumbList\",\"@id\":\"https:\/\/desireemeiser-coaching-beratung.com\/en\/desiree-meiser\/#breadcrumb\",\"itemListElement\":[{\"@type\":\"ListItem\",\"position\":1,\"name\":\"Startseite\",\"item\":\"https:\/\/desireemeiser-coaching-beratung.com\/en\/\"},{\"@type\":\"ListItem\",\"position\":2,\"name\":\"D\u00e9sir\u00e9e Meiser\"}]},{\"@type\":\"WebSite\",\"@id\":\"https:\/\/desireemeiser-coaching-beratung.com\/en\/#website\",\"url\":\"https:\/\/desireemeiser-coaching-beratung.com\/en\/\",\"name\":\"D\u00e9sir\u00e9e Meiser\",\"description\":\"Coaching &amp; Beratung\",\"potentialAction\":[{\"@type\":\"SearchAction\",\"target\":{\"@type\":\"EntryPoint\",\"urlTemplate\":\"https:\/\/desireemeiser-coaching-beratung.com\/en\/?s={search_term_string}\"},\"query-input\":{\"@type\":\"PropertyValueSpecification\",\"valueRequired\":true,\"valueName\":\"search_term_string\"}}],\"inLanguage\":\"en-US\"}]}<\/script>\n<!-- \/ Yoast SEO plugin. -->","yoast_head_json":{"title":"D\u00e9sir\u00e9e Meiser - D\u00e9sir\u00e9e Meiser","robots":{"index":"index","follow":"follow","max-snippet":"max-snippet:-1","max-image-preview":"max-image-preview:large","max-video-preview":"max-video-preview:-1"},"canonical":"https:\/\/desireemeiser-coaching-beratung.com\/en\/desiree-meiser\/","og_locale":"en_US","og_type":"article","og_title":"D\u00e9sir\u00e9e Meiser - D\u00e9sir\u00e9e Meiser","og_description":"D\u00e9sir\u00e9e Meiser \u2013 Building Bridges Between Art, Coaching, and Personal Development D\u00e9sir\u00e9e Meiser connects her extensive experience as an artist with her passion for enabling individuals in their personal and professional growth through her work. As an experienced mentor, business, and organizational coach, she assists people in navigating complex life situations today \u2013 whether in&hellip;&nbsp;Read More &raquo;D\u00e9sir\u00e9e Meiser","og_url":"https:\/\/desireemeiser-coaching-beratung.com\/en\/desiree-meiser\/","og_site_name":"D\u00e9sir\u00e9e Meiser","article_modified_time":"2025-08-06T12:02:56+00:00","og_image":[{"width":1499,"height":944,"url":"https:\/\/desireemeiser-coaching-beratung.com\/wp-content\/uploads\/2024\/11\/2022-Desiree-Meiser-02.jpg","type":"image\/jpeg"}],"twitter_card":"summary_large_image","twitter_misc":{"Est. reading time":"2 minutes"},"schema":{"@context":"https:\/\/schema.org","@graph":[{"@type":"WebPage","@id":"https:\/\/desireemeiser-coaching-beratung.com\/en\/desiree-meiser\/","url":"https:\/\/desireemeiser-coaching-beratung.com\/en\/desiree-meiser\/","name":"D\u00e9sir\u00e9e Meiser - D\u00e9sir\u00e9e Meiser","isPartOf":{"@id":"https:\/\/desireemeiser-coaching-beratung.com\/en\/#website"},"primaryImageOfPage":{"@id":"https:\/\/desireemeiser-coaching-beratung.com\/en\/desiree-meiser\/#primaryimage"},"image":{"@id":"https:\/\/desireemeiser-coaching-beratung.com\/en\/desiree-meiser\/#primaryimage"},"thumbnailUrl":"https:\/\/desireemeiser-coaching-beratung.com\/wp-content\/uploads\/2024\/11\/2022-Desiree-Meiser-02.jpg","datePublished":"2024-10-19T14:09:06+00:00","dateModified":"2025-08-06T12:02:56+00:00","breadcrumb":{"@id":"https:\/\/desireemeiser-coaching-beratung.com\/en\/desiree-meiser\/#breadcrumb"},"inLanguage":"en-US","potentialAction":[{"@type":"ReadAction","target":["https:\/\/desireemeiser-coaching-beratung.com\/en\/desiree-meiser\/"]}]},{"@type":"ImageObject","inLanguage":"en-US","@id":"https:\/\/desireemeiser-coaching-beratung.com\/en\/desiree-meiser\/#primaryimage","url":"https:\/\/desireemeiser-coaching-beratung.com\/wp-content\/uploads\/2024\/11\/2022-Desiree-Meiser-02.jpg","contentUrl":"https:\/\/desireemeiser-coaching-beratung.com\/wp-content\/uploads\/2024\/11\/2022-Desiree-Meiser-02.jpg"},{"@type":"BreadcrumbList","@id":"https:\/\/desireemeiser-coaching-beratung.com\/en\/desiree-meiser\/#breadcrumb","itemListElement":[{"@type":"ListItem","position":1,"name":"Startseite","item":"https:\/\/desireemeiser-coaching-beratung.com\/en\/"},{"@type":"ListItem","position":2,"name":"D\u00e9sir\u00e9e Meiser"}]},{"@type":"WebSite","@id":"https:\/\/desireemeiser-coaching-beratung.com\/en\/#website","url":"https:\/\/desireemeiser-coaching-beratung.com\/en\/","name":"D\u00e9sir\u00e9e Meiser","description":"Coaching &amp; Beratung","potentialAction":[{"@type":"SearchAction","target":{"@type":"EntryPoint","urlTemplate":"https:\/\/desireemeiser-coaching-beratung.com\/en\/?s={search_term_string}"},"query-input":{"@type":"PropertyValueSpecification","valueRequired":true,"valueName":"search_term_string"}}],"inLanguage":"en-US"}]}},"_links":{"self":[{"href":"https:\/\/desireemeiser-coaching-beratung.com\/en\/wp-json\/wp\/v2\/pages\/241","targetHints":{"allow":["GET"]}}],"collection":[{"href":"https:\/\/desireemeiser-coaching-beratung.com\/en\/wp-json\/wp\/v2\/pages"}],"about":[{"href":"https:\/\/desireemeiser-coaching-beratung.com\/en\/wp-json\/wp\/v2\/types\/page"}],"author":[{"embeddable":true,"href":"https:\/\/desireemeiser-coaching-beratung.com\/en\/wp-json\/wp\/v2\/users\/1"}],"replies":[{"embeddable":true,"href":"https:\/\/desireemeiser-coaching-beratung.com\/en\/wp-json\/wp\/v2\/comments?post=241"}],"version-history":[{"count":23,"href":"https:\/\/desireemeiser-coaching-beratung.com\/en\/wp-json\/wp\/v2\/pages\/241\/revisions"}],"predecessor-version":[{"id":2465,"href":"https:\/\/desireemeiser-coaching-beratung.com\/en\/wp-json\/wp\/v2\/pages\/241\/revisions\/2465"}],"wp:attachment":[{"href":"https:\/\/desireemeiser-coaching-beratung.com\/en\/wp-json\/wp\/v2\/media?parent=241"}],"curies":[{"name":"wp","href":"https:\/\/api.w.org\/{rel}","templated":true}]}}