{"id":1428,"date":"2024-11-19T19:21:56","date_gmt":"2024-11-19T19:21:56","guid":{"rendered":"https:\/\/desireemeiser-coaching-beratung.com\/?page_id=1428"},"modified":"2025-05-26T18:32:35","modified_gmt":"2025-05-26T18:32:35","slug":"a-quien-esta-dirigido-el-coaching-sistemico-orientado-a-valores","status":"publish","type":"page","link":"https:\/\/desireemeiser-coaching-beratung.com\/es\/a-quien-esta-dirigido-el-coaching-sistemico-orientado-a-valores\/","title":{"rendered":"\u00bfA qui\u00e9n est\u00e1 dirigido el coaching sist\u00e9mico orientado a valores?"},"content":{"rendered":"\t\t<div data-elementor-type=\"wp-page\" data-elementor-id=\"1428\" class=\"elementor elementor-1428 elementor-1426\" data-elementor-post-type=\"page\">\n\t\t\t\t<div class=\"elementor-element elementor-element-58a156e0 e-con-full e-flex e-con e-parent\" data-id=\"58a156e0\" data-element_type=\"container\">\n\t\t<div class=\"elementor-element elementor-element-4e4a8dc e-flex e-con-boxed e-con e-child\" data-id=\"4e4a8dc\" data-element_type=\"container\">\n\t\t\t\t\t<div class=\"e-con-inner\">\n\t\t\t\t<div class=\"elementor-element elementor-element-7d66d8d elementor-widget elementor-widget-text-editor\" data-id=\"7d66d8d\" data-element_type=\"widget\" data-widget_type=\"text-editor.default\">\n\t\t\t\t\t\t\t\t\t<h2>\u00bfA qui\u00e9n est\u00e1 dirigido el coaching sist\u00e9mico orientado a valores?<\/h2><p>\u00c1reas de aplicaci\u00f3n m\u00e1s comunes:<\/p><ul><li>Ante miedos, obst\u00e1culos, bloqueos<\/li><li>Deseo de cambio<\/li><li>Aclaraci\u00f3n de situaciones vitales confusas o decisiones dif\u00edciles<\/li><li>Orientaci\u00f3n, por ejemplo, en cuestiones de carrera<\/li><li>En situaciones de conflicto, ya sea profesional o personal<\/li><li>Falta de autoestima o confianza en uno mismo<\/li><li>En problemas de pareja o laborales<\/li><li>Manejo del estr\u00e9s<\/li><li>Provisi\u00f3n contra el burnout<\/li><\/ul>\t\t\t\t\t\t\t\t<\/div>\n\t\t\t\t<div class=\"elementor-element elementor-element-800b074 elementor-widget elementor-widget-text-editor\" data-id=\"800b074\" data-element_type=\"widget\" data-widget_type=\"text-editor.default\">\n\t\t\t\t\t\t\t\t\t<p>El coaching sist\u00e9mico orientado a valores nos ayuda a descubrir de qu\u00e9 se trata realmente. Crea accesos a nuestro sistema m\u00e1s profundo y nos permite disolver bloqueos, miedos o patrones antiguos y conectar con nuestros recursos.<\/p>\t\t\t\t\t\t\t\t<\/div>\n\t\t\t\t<div class=\"elementor-element elementor-element-f33d6d7 elementor-widget elementor-widget-text-editor\" data-id=\"f33d6d7\" data-element_type=\"widget\" data-widget_type=\"text-editor.default\">\n\t\t\t\t\t\t\t\t\t<p>Trabajo con el St.Galler Coachingmodell (SCM)\u00ae, que abarca 5 dimensiones y se completa en un m\u00e1ximo de<br \/>10 sesiones de 90 minutos. Sin embargo, tambi\u00e9n es posible trabajar con procesos a corto plazo que<br \/>ofrecen apoyo inmediato y altamente orientado a soluciones en situaciones dif\u00edciles.<br \/>En una primera reuni\u00f3n, aclaremos qu\u00e9 camino tomaremos juntos.<\/p>\t\t\t\t\t\t\t\t<\/div>\n\t\t\t\t<div class=\"elementor-element elementor-element-23ba2c3 elementor-widget elementor-widget-text-editor\" data-id=\"23ba2c3\" data-element_type=\"widget\" data-widget_type=\"text-editor.default\">\n\t\t\t\t\t\t\t\t\t<p><span style=\"text-align: var(--text-align); font-family: var(--bodyfontfamily),var(--nv-fallback-ff); font-size: var(--bodyfontsize); letter-spacing: var(--bodyletterspacing); text-transform: var(--bodytexttransform);\">\u00bfTienes el deseo de un cambio personal o profesional, pero no sabes c\u00f3mo abordarlo? <\/span>\u00bfTe sientes atrapado en un callej\u00f3n sin salida emocional del que no puedes salir? \u00bfEst\u00e1s constantemente estresado y abrumado, sintiendo que no puedes cumplir con las exigencias de la vida diaria? \u00bfTe preocupan miedos? \u00bfQuieres comprender mejor h\u00e1bitos o patrones de comportamiento propios y optimizarlos o cambiarlos con enfoques constructivos? \u00bfTe gustar\u00eda aprender a aprovechar tu potencial para convertirlo en una fortaleza? \u00bfTienes el valor para invertir en ti mismo? A veces, solo se necesita un primer paso.<\/p>\t\t\t\t\t\t\t\t<\/div>\n\t\t\t\t\t<\/div>\n\t\t\t\t<\/div>\n\t\t\t\t<\/div>\n\t\t\t\t<\/div>\n\t\t","protected":false},"excerpt":{"rendered":"<p>\u00bfA qui\u00e9n est\u00e1 dirigido el coaching sist\u00e9mico orientado a valores? \u00c1reas de aplicaci\u00f3n m\u00e1s comunes: Ante miedos, obst\u00e1culos, bloqueos Deseo de cambio Aclaraci\u00f3n de situaciones vitales confusas o decisiones dif\u00edciles Orientaci\u00f3n, por ejemplo, en cuestiones de carrera En situaciones de conflicto, ya sea profesional o personal Falta de autoestima o confianza en uno mismo En&hellip;&nbsp;<a href=\"https:\/\/desireemeiser-coaching-beratung.com\/es\/a-quien-esta-dirigido-el-coaching-sistemico-orientado-a-valores\/\" rel=\"bookmark\">Read More &raquo;<span class=\"screen-reader-text\">\u00bfA qui\u00e9n est\u00e1 dirigido el coaching sist\u00e9mico orientado a valores?<\/span><\/a><\/p>\n","protected":false},"author":1,"featured_media":0,"parent":0,"menu_order":0,"comment_status":"closed","ping_status":"closed","template":"page-templates\/template-pagebuilder-full-width.php","meta":{"neve_meta_sidebar":"","neve_meta_container":"","neve_meta_enable_content_width":"on","neve_meta_content_width":100,"neve_meta_title_alignment":"","neve_meta_author_avatar":"","neve_post_elements_order":"","neve_meta_disable_header":"","neve_meta_disable_footer":"","neve_meta_disable_title":"on","neve_meta_reading_time":"","footnotes":""},"class_list":["post-1428","page","type-page","status-publish","hentry"],"yoast_head":"<!-- This site is optimized with the Yoast SEO plugin v26.6 - https:\/\/yoast.com\/wordpress\/plugins\/seo\/ -->\n<title>\u00bfA qui\u00e9n est\u00e1 dirigido el coaching sist\u00e9mico orientado a valores? - D\u00e9sir\u00e9e Meiser<\/title>\n<meta name=\"robots\" content=\"index, follow, max-snippet:-1, max-image-preview:large, max-video-preview:-1\" \/>\n<link rel=\"canonical\" href=\"https:\/\/desireemeiser-coaching-beratung.com\/es\/a-quien-esta-dirigido-el-coaching-sistemico-orientado-a-valores\/\" \/>\n<meta property=\"og:locale\" content=\"es_ES\" \/>\n<meta property=\"og:type\" content=\"article\" \/>\n<meta property=\"og:title\" content=\"\u00bfA qui\u00e9n est\u00e1 dirigido el coaching sist\u00e9mico orientado a valores? - D\u00e9sir\u00e9e Meiser\" \/>\n<meta property=\"og:description\" content=\"\u00bfA qui\u00e9n est\u00e1 dirigido el coaching sist\u00e9mico orientado a valores? \u00c1reas de aplicaci\u00f3n m\u00e1s comunes: Ante miedos, obst\u00e1culos, bloqueos Deseo de cambio Aclaraci\u00f3n de situaciones vitales confusas o decisiones dif\u00edciles Orientaci\u00f3n, por ejemplo, en cuestiones de carrera En situaciones de conflicto, ya sea profesional o personal Falta de autoestima o confianza en uno mismo En&hellip;&nbsp;Read More &raquo;\u00bfA qui\u00e9n est\u00e1 dirigido el coaching sist\u00e9mico orientado a valores?\" \/>\n<meta property=\"og:url\" content=\"https:\/\/desireemeiser-coaching-beratung.com\/es\/a-quien-esta-dirigido-el-coaching-sistemico-orientado-a-valores\/\" \/>\n<meta property=\"og:site_name\" content=\"D\u00e9sir\u00e9e Meiser\" \/>\n<meta property=\"article:modified_time\" content=\"2025-05-26T18:32:35+00:00\" \/>\n<meta name=\"twitter:card\" content=\"summary_large_image\" \/>\n<meta name=\"twitter:label1\" content=\"Tiempo de lectura\" \/>\n\t<meta name=\"twitter:data1\" content=\"2 minutos\" \/>\n<script type=\"application\/ld+json\" class=\"yoast-schema-graph\">{\"@context\":\"https:\/\/schema.org\",\"@graph\":[{\"@type\":\"WebPage\",\"@id\":\"https:\/\/desireemeiser-coaching-beratung.com\/es\/a-quien-esta-dirigido-el-coaching-sistemico-orientado-a-valores\/\",\"url\":\"https:\/\/desireemeiser-coaching-beratung.com\/es\/a-quien-esta-dirigido-el-coaching-sistemico-orientado-a-valores\/\",\"name\":\"\u00bfA qui\u00e9n est\u00e1 dirigido el coaching sist\u00e9mico orientado a valores? - D\u00e9sir\u00e9e Meiser\",\"isPartOf\":{\"@id\":\"https:\/\/desireemeiser-coaching-beratung.com\/es\/#website\"},\"datePublished\":\"2024-11-19T19:21:56+00:00\",\"dateModified\":\"2025-05-26T18:32:35+00:00\",\"breadcrumb\":{\"@id\":\"https:\/\/desireemeiser-coaching-beratung.com\/es\/a-quien-esta-dirigido-el-coaching-sistemico-orientado-a-valores\/#breadcrumb\"},\"inLanguage\":\"es\",\"potentialAction\":[{\"@type\":\"ReadAction\",\"target\":[\"https:\/\/desireemeiser-coaching-beratung.com\/es\/a-quien-esta-dirigido-el-coaching-sistemico-orientado-a-valores\/\"]}]},{\"@type\":\"BreadcrumbList\",\"@id\":\"https:\/\/desireemeiser-coaching-beratung.com\/es\/a-quien-esta-dirigido-el-coaching-sistemico-orientado-a-valores\/#breadcrumb\",\"itemListElement\":[{\"@type\":\"ListItem\",\"position\":1,\"name\":\"Startseite\",\"item\":\"https:\/\/desireemeiser-coaching-beratung.com\/es\/\"},{\"@type\":\"ListItem\",\"position\":2,\"name\":\"\u00bfA qui\u00e9n est\u00e1 dirigido el coaching sist\u00e9mico orientado a valores?\"}]},{\"@type\":\"WebSite\",\"@id\":\"https:\/\/desireemeiser-coaching-beratung.com\/es\/#website\",\"url\":\"https:\/\/desireemeiser-coaching-beratung.com\/es\/\",\"name\":\"D\u00e9sir\u00e9e Meiser\",\"description\":\"Coaching &amp; Beratung\",\"potentialAction\":[{\"@type\":\"SearchAction\",\"target\":{\"@type\":\"EntryPoint\",\"urlTemplate\":\"https:\/\/desireemeiser-coaching-beratung.com\/es\/?s={search_term_string}\"},\"query-input\":{\"@type\":\"PropertyValueSpecification\",\"valueRequired\":true,\"valueName\":\"search_term_string\"}}],\"inLanguage\":\"es\"}]}<\/script>\n<!-- \/ Yoast SEO plugin. -->","yoast_head_json":{"title":"\u00bfA qui\u00e9n est\u00e1 dirigido el coaching sist\u00e9mico orientado a valores? - D\u00e9sir\u00e9e Meiser","robots":{"index":"index","follow":"follow","max-snippet":"max-snippet:-1","max-image-preview":"max-image-preview:large","max-video-preview":"max-video-preview:-1"},"canonical":"https:\/\/desireemeiser-coaching-beratung.com\/es\/a-quien-esta-dirigido-el-coaching-sistemico-orientado-a-valores\/","og_locale":"es_ES","og_type":"article","og_title":"\u00bfA qui\u00e9n est\u00e1 dirigido el coaching sist\u00e9mico orientado a valores? - D\u00e9sir\u00e9e Meiser","og_description":"\u00bfA qui\u00e9n est\u00e1 dirigido el coaching sist\u00e9mico orientado a valores? \u00c1reas de aplicaci\u00f3n m\u00e1s comunes: Ante miedos, obst\u00e1culos, bloqueos Deseo de cambio Aclaraci\u00f3n de situaciones vitales confusas o decisiones dif\u00edciles Orientaci\u00f3n, por ejemplo, en cuestiones de carrera En situaciones de conflicto, ya sea profesional o personal Falta de autoestima o confianza en uno mismo En&hellip;&nbsp;Read More &raquo;\u00bfA qui\u00e9n est\u00e1 dirigido el coaching sist\u00e9mico orientado a valores?","og_url":"https:\/\/desireemeiser-coaching-beratung.com\/es\/a-quien-esta-dirigido-el-coaching-sistemico-orientado-a-valores\/","og_site_name":"D\u00e9sir\u00e9e Meiser","article_modified_time":"2025-05-26T18:32:35+00:00","twitter_card":"summary_large_image","twitter_misc":{"Tiempo de lectura":"2 minutos"},"schema":{"@context":"https:\/\/schema.org","@graph":[{"@type":"WebPage","@id":"https:\/\/desireemeiser-coaching-beratung.com\/es\/a-quien-esta-dirigido-el-coaching-sistemico-orientado-a-valores\/","url":"https:\/\/desireemeiser-coaching-beratung.com\/es\/a-quien-esta-dirigido-el-coaching-sistemico-orientado-a-valores\/","name":"\u00bfA qui\u00e9n est\u00e1 dirigido el coaching sist\u00e9mico orientado a valores? - D\u00e9sir\u00e9e Meiser","isPartOf":{"@id":"https:\/\/desireemeiser-coaching-beratung.com\/es\/#website"},"datePublished":"2024-11-19T19:21:56+00:00","dateModified":"2025-05-26T18:32:35+00:00","breadcrumb":{"@id":"https:\/\/desireemeiser-coaching-beratung.com\/es\/a-quien-esta-dirigido-el-coaching-sistemico-orientado-a-valores\/#breadcrumb"},"inLanguage":"es","potentialAction":[{"@type":"ReadAction","target":["https:\/\/desireemeiser-coaching-beratung.com\/es\/a-quien-esta-dirigido-el-coaching-sistemico-orientado-a-valores\/"]}]},{"@type":"BreadcrumbList","@id":"https:\/\/desireemeiser-coaching-beratung.com\/es\/a-quien-esta-dirigido-el-coaching-sistemico-orientado-a-valores\/#breadcrumb","itemListElement":[{"@type":"ListItem","position":1,"name":"Startseite","item":"https:\/\/desireemeiser-coaching-beratung.com\/es\/"},{"@type":"ListItem","position":2,"name":"\u00bfA qui\u00e9n est\u00e1 dirigido el coaching sist\u00e9mico orientado a valores?"}]},{"@type":"WebSite","@id":"https:\/\/desireemeiser-coaching-beratung.com\/es\/#website","url":"https:\/\/desireemeiser-coaching-beratung.com\/es\/","name":"D\u00e9sir\u00e9e Meiser","description":"Coaching &amp; Beratung","potentialAction":[{"@type":"SearchAction","target":{"@type":"EntryPoint","urlTemplate":"https:\/\/desireemeiser-coaching-beratung.com\/es\/?s={search_term_string}"},"query-input":{"@type":"PropertyValueSpecification","valueRequired":true,"valueName":"search_term_string"}}],"inLanguage":"es"}]}},"_links":{"self":[{"href":"https:\/\/desireemeiser-coaching-beratung.com\/es\/wp-json\/wp\/v2\/pages\/1428","targetHints":{"allow":["GET"]}}],"collection":[{"href":"https:\/\/desireemeiser-coaching-beratung.com\/es\/wp-json\/wp\/v2\/pages"}],"about":[{"href":"https:\/\/desireemeiser-coaching-beratung.com\/es\/wp-json\/wp\/v2\/types\/page"}],"author":[{"embeddable":true,"href":"https:\/\/desireemeiser-coaching-beratung.com\/es\/wp-json\/wp\/v2\/users\/1"}],"replies":[{"embeddable":true,"href":"https:\/\/desireemeiser-coaching-beratung.com\/es\/wp-json\/wp\/v2\/comments?post=1428"}],"version-history":[{"count":21,"href":"https:\/\/desireemeiser-coaching-beratung.com\/es\/wp-json\/wp\/v2\/pages\/1428\/revisions"}],"predecessor-version":[{"id":2374,"href":"https:\/\/desireemeiser-coaching-beratung.com\/es\/wp-json\/wp\/v2\/pages\/1428\/revisions\/2374"}],"wp:attachment":[{"href":"https:\/\/desireemeiser-coaching-beratung.com\/es\/wp-json\/wp\/v2\/media?parent=1428"}],"curies":[{"name":"wp","href":"https:\/\/api.w.org\/{rel}","templated":true}]}}