{"id":1594,"date":"2024-11-20T10:38:42","date_gmt":"2024-11-20T10:38:42","guid":{"rendered":"https:\/\/desireemeiser-coaching-beratung.com\/?page_id=1594"},"modified":"2025-05-26T18:49:52","modified_gmt":"2025-05-26T18:49:52","slug":"coaching-asesoramiento-y-mentoria-para-artistas-de-musica-y-teatro","status":"publish","type":"page","link":"https:\/\/desireemeiser-coaching-beratung.com\/es\/coaching-asesoramiento-y-mentoria-para-artistas-de-musica-y-teatro\/","title":{"rendered":"Coaching, asesoramiento y mentor\u00eda para artistas de m\u00fasica y teatro"},"content":{"rendered":"\t\t<div data-elementor-type=\"wp-page\" data-elementor-id=\"1594\" class=\"elementor elementor-1594 elementor-1592\" data-elementor-post-type=\"page\">\n\t\t\t\t<div class=\"elementor-element elementor-element-58a156e0 e-con-full e-flex e-con e-parent\" data-id=\"58a156e0\" data-element_type=\"container\">\n\t\t<div class=\"elementor-element elementor-element-4e4a8dc e-flex e-con-boxed e-con e-child\" data-id=\"4e4a8dc\" data-element_type=\"container\">\n\t\t\t\t\t<div class=\"e-con-inner\">\n\t\t\t\t<div class=\"elementor-element elementor-element-7d66d8d elementor-widget elementor-widget-text-editor\" data-id=\"7d66d8d\" data-element_type=\"widget\" data-widget_type=\"text-editor.default\">\n\t\t\t\t\t\t\t\t\t<h2>Coaching, asesoramiento y mentor\u00eda para artistas de m\u00fasica y teatro<\/h2><p>A trav\u00e9s de mi larga trayectoria como directora art\u00edstica del Gare du Nord y mi amplia experiencia como artista, tengo un profundo entendimiento de los problemas y preocupaciones que enfrentan los creadores en el \u00e1mbito de la m\u00fasica y el teatro.<\/p><p>Desde hace muchos a\u00f1os, trabajo como mentora para j\u00f3venes estudiantes en la Hochschule f\u00fcr Musik FHNW, lo que me ha permitido obtener una visi\u00f3n profunda de los potenciales desaf\u00edos y presiones que pueden acompa\u00f1ar este camino. Temas comunes incluyen, por ejemplo, el miedo esc\u00e9nico, dificultades para manejar la presi\u00f3n, dudas sobre la carrera, ansiedades o la falta de autoestima.<\/p><p>Adem\u00e1s del modelo de coaching de San Galo, que aborda problemas y preocupaciones en un proceso de 8 a 10 sesiones, tambi\u00e9n ofrezco procesos a corto plazo para ofrecer soluciones r\u00e1pidas y eficaces en situaciones problem\u00e1ticas. Tambi\u00e9n estoy disponible como mentora para acompa\u00f1amiento de proyectos o como consultora en relaci\u00f3n con cuestiones de carrera o personales. Lo que mejor se ajuste a cada necesidad, lo aclaro con mis clientes en una conversaci\u00f3n preparatoria personal.<\/p><p>Las sesiones pueden llevarse a cabo en alem\u00e1n, ingl\u00e9s, franc\u00e9s o espa\u00f1ol.<\/p><p>\u00a0<\/p><h2>Art\u00edculos interesantes sobre este tema<\/h2><p><a href=\"https:\/\/van-magazin.de\/mag\/petra-kessler\/\">Entrevista con la coach y entrenadora mental Petra Kessler<\/a><\/p><p><a href=\"https:\/\/van-magazin.de\/mag\/daniel-scholz-professur-musizierendengesundheit-luebeck\/?fbclid=IwAR2_v3hV4C1xiyLbtT3ni0kyWMesMA8Wf27gMMbLASyknzYi4ijfOJXK-ms\" target=\"_blank\" rel=\"noopener\">Entrevista con Daniel Sebastian Scholz<\/a><\/p>\t\t\t\t\t\t\t\t<\/div>\n\t\t\t\t\t<\/div>\n\t\t\t\t<\/div>\n\t\t\t\t<\/div>\n\t\t\t\t<\/div>\n\t\t","protected":false},"excerpt":{"rendered":"<p>Coaching, asesoramiento y mentor\u00eda para artistas de m\u00fasica y teatro A trav\u00e9s de mi larga trayectoria como directora art\u00edstica del Gare du Nord y mi amplia experiencia como artista, tengo un profundo entendimiento de los problemas y preocupaciones que enfrentan los creadores en el \u00e1mbito de la m\u00fasica y el teatro. Desde hace muchos a\u00f1os,&hellip;&nbsp;<a href=\"https:\/\/desireemeiser-coaching-beratung.com\/es\/coaching-asesoramiento-y-mentoria-para-artistas-de-musica-y-teatro\/\" rel=\"bookmark\">Read More &raquo;<span class=\"screen-reader-text\">Coaching, asesoramiento y mentor\u00eda para artistas de m\u00fasica y teatro<\/span><\/a><\/p>\n","protected":false},"author":1,"featured_media":0,"parent":0,"menu_order":0,"comment_status":"closed","ping_status":"closed","template":"page-templates\/template-pagebuilder-full-width.php","meta":{"neve_meta_sidebar":"","neve_meta_container":"","neve_meta_enable_content_width":"on","neve_meta_content_width":100,"neve_meta_title_alignment":"","neve_meta_author_avatar":"","neve_post_elements_order":"","neve_meta_disable_header":"","neve_meta_disable_footer":"","neve_meta_disable_title":"on","neve_meta_reading_time":"","footnotes":""},"class_list":["post-1594","page","type-page","status-publish","hentry"],"yoast_head":"<!-- This site is optimized with the Yoast SEO plugin v26.6 - https:\/\/yoast.com\/wordpress\/plugins\/seo\/ -->\n<title>Coaching, asesoramiento y mentor\u00eda para artistas de m\u00fasica y teatro - D\u00e9sir\u00e9e Meiser<\/title>\n<meta name=\"robots\" content=\"index, follow, max-snippet:-1, max-image-preview:large, max-video-preview:-1\" \/>\n<link rel=\"canonical\" href=\"https:\/\/desireemeiser-coaching-beratung.com\/es\/coaching-asesoramiento-y-mentoria-para-artistas-de-musica-y-teatro\/\" \/>\n<meta property=\"og:locale\" content=\"es_ES\" \/>\n<meta property=\"og:type\" content=\"article\" \/>\n<meta property=\"og:title\" content=\"Coaching, asesoramiento y mentor\u00eda para artistas de m\u00fasica y teatro - D\u00e9sir\u00e9e Meiser\" \/>\n<meta property=\"og:description\" content=\"Coaching, asesoramiento y mentor\u00eda para artistas de m\u00fasica y teatro A trav\u00e9s de mi larga trayectoria como directora art\u00edstica del Gare du Nord y mi amplia experiencia como artista, tengo un profundo entendimiento de los problemas y preocupaciones que enfrentan los creadores en el \u00e1mbito de la m\u00fasica y el teatro. Desde hace muchos a\u00f1os,&hellip;&nbsp;Read More &raquo;Coaching, asesoramiento y mentor\u00eda para artistas de m\u00fasica y teatro\" \/>\n<meta property=\"og:url\" content=\"https:\/\/desireemeiser-coaching-beratung.com\/es\/coaching-asesoramiento-y-mentoria-para-artistas-de-musica-y-teatro\/\" \/>\n<meta property=\"og:site_name\" content=\"D\u00e9sir\u00e9e Meiser\" \/>\n<meta property=\"article:modified_time\" content=\"2025-05-26T18:49:52+00:00\" \/>\n<meta name=\"twitter:card\" content=\"summary_large_image\" \/>\n<meta name=\"twitter:label1\" content=\"Tiempo de lectura\" \/>\n\t<meta name=\"twitter:data1\" content=\"1 minuto\" \/>\n<script type=\"application\/ld+json\" class=\"yoast-schema-graph\">{\"@context\":\"https:\/\/schema.org\",\"@graph\":[{\"@type\":\"WebPage\",\"@id\":\"https:\/\/desireemeiser-coaching-beratung.com\/es\/coaching-asesoramiento-y-mentoria-para-artistas-de-musica-y-teatro\/\",\"url\":\"https:\/\/desireemeiser-coaching-beratung.com\/es\/coaching-asesoramiento-y-mentoria-para-artistas-de-musica-y-teatro\/\",\"name\":\"Coaching, asesoramiento y mentor\u00eda para artistas de m\u00fasica y teatro - D\u00e9sir\u00e9e Meiser\",\"isPartOf\":{\"@id\":\"https:\/\/desireemeiser-coaching-beratung.com\/es\/#website\"},\"datePublished\":\"2024-11-20T10:38:42+00:00\",\"dateModified\":\"2025-05-26T18:49:52+00:00\",\"breadcrumb\":{\"@id\":\"https:\/\/desireemeiser-coaching-beratung.com\/es\/coaching-asesoramiento-y-mentoria-para-artistas-de-musica-y-teatro\/#breadcrumb\"},\"inLanguage\":\"es\",\"potentialAction\":[{\"@type\":\"ReadAction\",\"target\":[\"https:\/\/desireemeiser-coaching-beratung.com\/es\/coaching-asesoramiento-y-mentoria-para-artistas-de-musica-y-teatro\/\"]}]},{\"@type\":\"BreadcrumbList\",\"@id\":\"https:\/\/desireemeiser-coaching-beratung.com\/es\/coaching-asesoramiento-y-mentoria-para-artistas-de-musica-y-teatro\/#breadcrumb\",\"itemListElement\":[{\"@type\":\"ListItem\",\"position\":1,\"name\":\"Startseite\",\"item\":\"https:\/\/desireemeiser-coaching-beratung.com\/es\/\"},{\"@type\":\"ListItem\",\"position\":2,\"name\":\"Coaching, asesoramiento y mentor\u00eda para artistas de m\u00fasica y teatro\"}]},{\"@type\":\"WebSite\",\"@id\":\"https:\/\/desireemeiser-coaching-beratung.com\/es\/#website\",\"url\":\"https:\/\/desireemeiser-coaching-beratung.com\/es\/\",\"name\":\"D\u00e9sir\u00e9e Meiser\",\"description\":\"Coaching &amp; Beratung\",\"potentialAction\":[{\"@type\":\"SearchAction\",\"target\":{\"@type\":\"EntryPoint\",\"urlTemplate\":\"https:\/\/desireemeiser-coaching-beratung.com\/es\/?s={search_term_string}\"},\"query-input\":{\"@type\":\"PropertyValueSpecification\",\"valueRequired\":true,\"valueName\":\"search_term_string\"}}],\"inLanguage\":\"es\"}]}<\/script>\n<!-- \/ Yoast SEO plugin. -->","yoast_head_json":{"title":"Coaching, asesoramiento y mentor\u00eda para artistas de m\u00fasica y teatro - D\u00e9sir\u00e9e Meiser","robots":{"index":"index","follow":"follow","max-snippet":"max-snippet:-1","max-image-preview":"max-image-preview:large","max-video-preview":"max-video-preview:-1"},"canonical":"https:\/\/desireemeiser-coaching-beratung.com\/es\/coaching-asesoramiento-y-mentoria-para-artistas-de-musica-y-teatro\/","og_locale":"es_ES","og_type":"article","og_title":"Coaching, asesoramiento y mentor\u00eda para artistas de m\u00fasica y teatro - D\u00e9sir\u00e9e Meiser","og_description":"Coaching, asesoramiento y mentor\u00eda para artistas de m\u00fasica y teatro A trav\u00e9s de mi larga trayectoria como directora art\u00edstica del Gare du Nord y mi amplia experiencia como artista, tengo un profundo entendimiento de los problemas y preocupaciones que enfrentan los creadores en el \u00e1mbito de la m\u00fasica y el teatro. Desde hace muchos a\u00f1os,&hellip;&nbsp;Read More &raquo;Coaching, asesoramiento y mentor\u00eda para artistas de m\u00fasica y teatro","og_url":"https:\/\/desireemeiser-coaching-beratung.com\/es\/coaching-asesoramiento-y-mentoria-para-artistas-de-musica-y-teatro\/","og_site_name":"D\u00e9sir\u00e9e Meiser","article_modified_time":"2025-05-26T18:49:52+00:00","twitter_card":"summary_large_image","twitter_misc":{"Tiempo de lectura":"1 minuto"},"schema":{"@context":"https:\/\/schema.org","@graph":[{"@type":"WebPage","@id":"https:\/\/desireemeiser-coaching-beratung.com\/es\/coaching-asesoramiento-y-mentoria-para-artistas-de-musica-y-teatro\/","url":"https:\/\/desireemeiser-coaching-beratung.com\/es\/coaching-asesoramiento-y-mentoria-para-artistas-de-musica-y-teatro\/","name":"Coaching, asesoramiento y mentor\u00eda para artistas de m\u00fasica y teatro - D\u00e9sir\u00e9e Meiser","isPartOf":{"@id":"https:\/\/desireemeiser-coaching-beratung.com\/es\/#website"},"datePublished":"2024-11-20T10:38:42+00:00","dateModified":"2025-05-26T18:49:52+00:00","breadcrumb":{"@id":"https:\/\/desireemeiser-coaching-beratung.com\/es\/coaching-asesoramiento-y-mentoria-para-artistas-de-musica-y-teatro\/#breadcrumb"},"inLanguage":"es","potentialAction":[{"@type":"ReadAction","target":["https:\/\/desireemeiser-coaching-beratung.com\/es\/coaching-asesoramiento-y-mentoria-para-artistas-de-musica-y-teatro\/"]}]},{"@type":"BreadcrumbList","@id":"https:\/\/desireemeiser-coaching-beratung.com\/es\/coaching-asesoramiento-y-mentoria-para-artistas-de-musica-y-teatro\/#breadcrumb","itemListElement":[{"@type":"ListItem","position":1,"name":"Startseite","item":"https:\/\/desireemeiser-coaching-beratung.com\/es\/"},{"@type":"ListItem","position":2,"name":"Coaching, asesoramiento y mentor\u00eda para artistas de m\u00fasica y teatro"}]},{"@type":"WebSite","@id":"https:\/\/desireemeiser-coaching-beratung.com\/es\/#website","url":"https:\/\/desireemeiser-coaching-beratung.com\/es\/","name":"D\u00e9sir\u00e9e Meiser","description":"Coaching &amp; Beratung","potentialAction":[{"@type":"SearchAction","target":{"@type":"EntryPoint","urlTemplate":"https:\/\/desireemeiser-coaching-beratung.com\/es\/?s={search_term_string}"},"query-input":{"@type":"PropertyValueSpecification","valueRequired":true,"valueName":"search_term_string"}}],"inLanguage":"es"}]}},"_links":{"self":[{"href":"https:\/\/desireemeiser-coaching-beratung.com\/es\/wp-json\/wp\/v2\/pages\/1594","targetHints":{"allow":["GET"]}}],"collection":[{"href":"https:\/\/desireemeiser-coaching-beratung.com\/es\/wp-json\/wp\/v2\/pages"}],"about":[{"href":"https:\/\/desireemeiser-coaching-beratung.com\/es\/wp-json\/wp\/v2\/types\/page"}],"author":[{"embeddable":true,"href":"https:\/\/desireemeiser-coaching-beratung.com\/es\/wp-json\/wp\/v2\/users\/1"}],"replies":[{"embeddable":true,"href":"https:\/\/desireemeiser-coaching-beratung.com\/es\/wp-json\/wp\/v2\/comments?post=1594"}],"version-history":[{"count":9,"href":"https:\/\/desireemeiser-coaching-beratung.com\/es\/wp-json\/wp\/v2\/pages\/1594\/revisions"}],"predecessor-version":[{"id":2398,"href":"https:\/\/desireemeiser-coaching-beratung.com\/es\/wp-json\/wp\/v2\/pages\/1594\/revisions\/2398"}],"wp:attachment":[{"href":"https:\/\/desireemeiser-coaching-beratung.com\/es\/wp-json\/wp\/v2\/media?parent=1594"}],"curies":[{"name":"wp","href":"https:\/\/api.w.org\/{rel}","templated":true}]}}