{"id":190,"date":"2024-10-19T14:09:06","date_gmt":"2024-10-19T14:09:06","guid":{"rendered":"https:\/\/desireemeiser-coaching-beratung.com\/desiree-meiser\/"},"modified":"2025-08-06T12:10:58","modified_gmt":"2025-08-06T12:10:58","slug":"desiree-meiser","status":"publish","type":"page","link":"https:\/\/desireemeiser-coaching-beratung.com\/es\/desiree-meiser\/","title":{"rendered":"D\u00e9sir\u00e9e Meiser"},"content":{"rendered":"\t\t<div data-elementor-type=\"wp-page\" data-elementor-id=\"190\" class=\"elementor elementor-190 elementor-149\" data-elementor-post-type=\"page\">\n\t\t\t\t<div class=\"elementor-element elementor-element-052102c e-flex e-con-boxed e-con e-parent\" data-id=\"052102c\" data-element_type=\"container\">\n\t\t\t\t\t<div class=\"e-con-inner\">\n\t\t<div class=\"elementor-element elementor-element-ae77b12 e-con-full e-flex e-con e-child\" data-id=\"ae77b12\" data-element_type=\"container\">\n\t\t\t\t<div class=\"elementor-element elementor-element-d6236bd elementor-widget elementor-widget-text-editor\" data-id=\"d6236bd\" data-element_type=\"widget\" data-widget_type=\"text-editor.default\">\n\t\t\t\t\t\t\t\t\t<p class=\"p1\"><b>D\u00e9sir\u00e9e Meiser \u2013 Construyendo puentes entre arte, coaching y desarrollo personal<\/b><b><\/b><\/p><p class=\"p1\">D\u00e9sir\u00e9e Meiser construye con su trabajo puentes entre d\u00e9cadas de experiencia como artista y su pasi\u00f3n por apoyar a las personas en su desarrollo personal y profesional. Como mentora experimentada y coach de negocios, actualmente acompa\u00f1a a individuos en situaciones complejas de la vida, ya sea en el contexto privado, en el \u00e1mbito empresarial o en el camino de una carrera art\u00edstica. Su trabajo se caracteriza por una profunda comprensi\u00f3n de los procesos creativos, una actitud basada en valores y su capacidad para inspirar a las personas a superarse a s\u00ed mismas.<\/p><p class=\"p1\">D\u00e9sir\u00e9e Meiser naci\u00f3 en K\u00f6nigstein im Taunus (D) y pas\u00f3 sus primeros a\u00f1os de infancia en EE. UU. (NY). Tras finalizar el bachillerato, estudi\u00f3 Historia y Ciencias del Teatro en Berl\u00edn, antes de completar su formaci\u00f3n en la Escuela Superior de Teatro Estatal en Hannover.<\/p><p class=\"p1\">Su primer compromiso como actriz lo obtuvo en el Staatstheater Darmstadt, antes de ser contratada de manera estable en el Teatro Basilea bajo la direcci\u00f3n de Frank Baumbauer a partir de 1988. Al mismo tiempo, ampli\u00f3 sus habilidades art\u00edsticas con una formaci\u00f3n profesional en canto y comenz\u00f3 a incursionar en el teatro musical. All\u00ed particip\u00f3 en numerosas producciones como cantante y actriz, especialmente en el Teatro Basilea.<\/p><p class=\"p1\">En 1993, comenz\u00f3 a desarrollar y dirigir sus propios proyectos de teatro musical, entre ellos para el Teatro Basilea, la \u00d3pera S\u00e3o Carlos en Lisboa y el Teatro La Fenice en Venecia. Estos proyectos mostraron desde temprano su capacidad para construir puentes creativos y realizar ideas innovadoras en colaboraci\u00f3n con otros, una competencia que tambi\u00e9n juega un papel central en su trabajo actual como coach.<\/p><p class=\"p1\">En 2002, fund\u00f3 junto con la music\u00f3loga Ute Haferburg \u00abGare du Nord\u00bb, la estaci\u00f3n de m\u00fasica contempor\u00e1nea en Basilea. Como directora art\u00edstica, ha moldeado durante m\u00e1s de 22 a\u00f1os la vida cultural de Basilea y m\u00e1s all\u00e1. Ha realizado numerosos proyectos y colaboraciones, entre ellos con el Festival de Lucerna, la Hochschule f\u00fcr Musik Basel y la Schola Cantorum Basiliensis. Adem\u00e1s, se comprometi\u00f3 como mentora para estudiantes de maestr\u00eda en el programa de pedagog\u00eda musical, fomentando as\u00ed activamente el talento emergente.<\/p><p>Bas\u00e1ndose en su amplia experiencia, D\u00e9sir\u00e9e Meiser decidi\u00f3 desarrollar sus habilidades a trav\u00e9s de la formaci\u00f3n como coach sist\u00e9mica basada en valores seg\u00fan el modelo de St. Gallen (SCM). Actualmente, es Master en Coaching Sist\u00e9mico, Master en Coaching Empresarial, Coach de Equipos y Coach Diplomada en Configuraci\u00f3n.<\/p><p>Su trabajo est\u00e1 enfocado en establecer puentes entre desaf\u00edos y soluciones, entre objetivos y potenciales.<\/p><p class=\"p1\">D\u00e9sir\u00e9e Meiser es madre de tres hijos adultos.<\/p>\t\t\t\t\t\t\t\t<\/div>\n\t\t\t\t<\/div>\n\t\t<div class=\"elementor-element elementor-element-4a3dc12 e-con-full e-flex e-con e-child\" data-id=\"4a3dc12\" data-element_type=\"container\">\n\t\t\t\t<div class=\"elementor-element elementor-element-553b136 elementor-widget elementor-widget-image\" data-id=\"553b136\" data-element_type=\"widget\" data-widget_type=\"image.default\">\n\t\t\t\t\t\t\t\t\t\t\t\t\t\t\t<img fetchpriority=\"high\" decoding=\"async\" width=\"1499\" height=\"944\" src=\"https:\/\/desireemeiser-coaching-beratung.com\/wp-content\/uploads\/2024\/11\/2022-Desiree-Meiser-02.jpg\" class=\"attachment-full size-full wp-image-1743\" alt=\"\" srcset=\"https:\/\/desireemeiser-coaching-beratung.com\/wp-content\/uploads\/2024\/11\/2022-Desiree-Meiser-02.jpg 1499w, https:\/\/desireemeiser-coaching-beratung.com\/wp-content\/uploads\/2024\/11\/2022-Desiree-Meiser-02-300x189.jpg 300w, https:\/\/desireemeiser-coaching-beratung.com\/wp-content\/uploads\/2024\/11\/2022-Desiree-Meiser-02-1024x645.jpg 1024w, https:\/\/desireemeiser-coaching-beratung.com\/wp-content\/uploads\/2024\/11\/2022-Desiree-Meiser-02-768x484.jpg 768w\" sizes=\"(max-width: 1499px) 100vw, 1499px\" \/>\t\t\t\t\t\t\t\t\t\t\t\t\t\t\t<\/div>\n\t\t\t\t<div class=\"elementor-element elementor-element-c636582 elementor-widget elementor-widget-spacer\" data-id=\"c636582\" data-element_type=\"widget\" data-widget_type=\"spacer.default\">\n\t\t\t\t\t\t\t<div class=\"elementor-spacer\">\n\t\t\t<div class=\"elementor-spacer-inner\"><\/div>\n\t\t<\/div>\n\t\t\t\t\t\t<\/div>\n\t\t\t\t<\/div>\n\t\t\t\t\t<\/div>\n\t\t\t\t<\/div>\n\t\t\t\t<\/div>\n\t\t","protected":false},"excerpt":{"rendered":"<p>D\u00e9sir\u00e9e Meiser \u2013 Construyendo puentes entre arte, coaching y desarrollo personal D\u00e9sir\u00e9e Meiser construye con su trabajo puentes entre d\u00e9cadas de experiencia como artista y su pasi\u00f3n por apoyar a las personas en su desarrollo personal y profesional. Como mentora experimentada y coach de negocios, actualmente acompa\u00f1a a individuos en situaciones complejas de la vida,&hellip;&nbsp;<a href=\"https:\/\/desireemeiser-coaching-beratung.com\/es\/desiree-meiser\/\" rel=\"bookmark\">Read More &raquo;<span class=\"screen-reader-text\">D\u00e9sir\u00e9e Meiser<\/span><\/a><\/p>\n","protected":false},"author":1,"featured_media":0,"parent":0,"menu_order":0,"comment_status":"closed","ping_status":"closed","template":"page-templates\/template-pagebuilder-full-width.php","meta":{"neve_meta_sidebar":"","neve_meta_container":"","neve_meta_enable_content_width":"on","neve_meta_content_width":100,"neve_meta_title_alignment":"","neve_meta_author_avatar":"","neve_post_elements_order":"","neve_meta_disable_header":"","neve_meta_disable_footer":"","neve_meta_disable_title":"on","neve_meta_reading_time":"","footnotes":""},"class_list":["post-190","page","type-page","status-publish","hentry"],"yoast_head":"<!-- This site is optimized with the Yoast SEO plugin v26.6 - https:\/\/yoast.com\/wordpress\/plugins\/seo\/ -->\n<title>D\u00e9sir\u00e9e Meiser - D\u00e9sir\u00e9e Meiser<\/title>\n<meta name=\"robots\" content=\"index, follow, max-snippet:-1, max-image-preview:large, max-video-preview:-1\" \/>\n<link rel=\"canonical\" href=\"https:\/\/desireemeiser-coaching-beratung.com\/es\/desiree-meiser\/\" \/>\n<meta property=\"og:locale\" content=\"es_ES\" \/>\n<meta property=\"og:type\" content=\"article\" \/>\n<meta property=\"og:title\" content=\"D\u00e9sir\u00e9e Meiser - D\u00e9sir\u00e9e Meiser\" \/>\n<meta property=\"og:description\" content=\"D\u00e9sir\u00e9e Meiser \u2013 Construyendo puentes entre arte, coaching y desarrollo personal D\u00e9sir\u00e9e Meiser construye con su trabajo puentes entre d\u00e9cadas de experiencia como artista y su pasi\u00f3n por apoyar a las personas en su desarrollo personal y profesional. Como mentora experimentada y coach de negocios, actualmente acompa\u00f1a a individuos en situaciones complejas de la vida,&hellip;&nbsp;Read More &raquo;D\u00e9sir\u00e9e Meiser\" \/>\n<meta property=\"og:url\" content=\"https:\/\/desireemeiser-coaching-beratung.com\/es\/desiree-meiser\/\" \/>\n<meta property=\"og:site_name\" content=\"D\u00e9sir\u00e9e Meiser\" \/>\n<meta property=\"article:modified_time\" content=\"2025-08-06T12:10:58+00:00\" \/>\n<meta property=\"og:image\" content=\"https:\/\/desireemeiser-coaching-beratung.com\/wp-content\/uploads\/2024\/11\/2022-Desiree-Meiser-02.jpg\" \/>\n\t<meta property=\"og:image:width\" content=\"1499\" \/>\n\t<meta property=\"og:image:height\" content=\"944\" \/>\n\t<meta property=\"og:image:type\" content=\"image\/jpeg\" \/>\n<meta name=\"twitter:card\" content=\"summary_large_image\" \/>\n<meta name=\"twitter:label1\" content=\"Tiempo de lectura\" \/>\n\t<meta name=\"twitter:data1\" content=\"2 minutos\" \/>\n<script type=\"application\/ld+json\" class=\"yoast-schema-graph\">{\"@context\":\"https:\/\/schema.org\",\"@graph\":[{\"@type\":\"WebPage\",\"@id\":\"https:\/\/desireemeiser-coaching-beratung.com\/es\/desiree-meiser\/\",\"url\":\"https:\/\/desireemeiser-coaching-beratung.com\/es\/desiree-meiser\/\",\"name\":\"D\u00e9sir\u00e9e Meiser - D\u00e9sir\u00e9e Meiser\",\"isPartOf\":{\"@id\":\"https:\/\/desireemeiser-coaching-beratung.com\/es\/#website\"},\"primaryImageOfPage\":{\"@id\":\"https:\/\/desireemeiser-coaching-beratung.com\/es\/desiree-meiser\/#primaryimage\"},\"image\":{\"@id\":\"https:\/\/desireemeiser-coaching-beratung.com\/es\/desiree-meiser\/#primaryimage\"},\"thumbnailUrl\":\"https:\/\/desireemeiser-coaching-beratung.com\/wp-content\/uploads\/2024\/11\/2022-Desiree-Meiser-02.jpg\",\"datePublished\":\"2024-10-19T14:09:06+00:00\",\"dateModified\":\"2025-08-06T12:10:58+00:00\",\"breadcrumb\":{\"@id\":\"https:\/\/desireemeiser-coaching-beratung.com\/es\/desiree-meiser\/#breadcrumb\"},\"inLanguage\":\"es\",\"potentialAction\":[{\"@type\":\"ReadAction\",\"target\":[\"https:\/\/desireemeiser-coaching-beratung.com\/es\/desiree-meiser\/\"]}]},{\"@type\":\"ImageObject\",\"inLanguage\":\"es\",\"@id\":\"https:\/\/desireemeiser-coaching-beratung.com\/es\/desiree-meiser\/#primaryimage\",\"url\":\"https:\/\/desireemeiser-coaching-beratung.com\/wp-content\/uploads\/2024\/11\/2022-Desiree-Meiser-02.jpg\",\"contentUrl\":\"https:\/\/desireemeiser-coaching-beratung.com\/wp-content\/uploads\/2024\/11\/2022-Desiree-Meiser-02.jpg\"},{\"@type\":\"BreadcrumbList\",\"@id\":\"https:\/\/desireemeiser-coaching-beratung.com\/es\/desiree-meiser\/#breadcrumb\",\"itemListElement\":[{\"@type\":\"ListItem\",\"position\":1,\"name\":\"Startseite\",\"item\":\"https:\/\/desireemeiser-coaching-beratung.com\/es\/\"},{\"@type\":\"ListItem\",\"position\":2,\"name\":\"D\u00e9sir\u00e9e Meiser\"}]},{\"@type\":\"WebSite\",\"@id\":\"https:\/\/desireemeiser-coaching-beratung.com\/es\/#website\",\"url\":\"https:\/\/desireemeiser-coaching-beratung.com\/es\/\",\"name\":\"D\u00e9sir\u00e9e Meiser\",\"description\":\"Coaching &amp; Beratung\",\"potentialAction\":[{\"@type\":\"SearchAction\",\"target\":{\"@type\":\"EntryPoint\",\"urlTemplate\":\"https:\/\/desireemeiser-coaching-beratung.com\/es\/?s={search_term_string}\"},\"query-input\":{\"@type\":\"PropertyValueSpecification\",\"valueRequired\":true,\"valueName\":\"search_term_string\"}}],\"inLanguage\":\"es\"}]}<\/script>\n<!-- \/ Yoast SEO plugin. -->","yoast_head_json":{"title":"D\u00e9sir\u00e9e Meiser - D\u00e9sir\u00e9e Meiser","robots":{"index":"index","follow":"follow","max-snippet":"max-snippet:-1","max-image-preview":"max-image-preview:large","max-video-preview":"max-video-preview:-1"},"canonical":"https:\/\/desireemeiser-coaching-beratung.com\/es\/desiree-meiser\/","og_locale":"es_ES","og_type":"article","og_title":"D\u00e9sir\u00e9e Meiser - D\u00e9sir\u00e9e Meiser","og_description":"D\u00e9sir\u00e9e Meiser \u2013 Construyendo puentes entre arte, coaching y desarrollo personal D\u00e9sir\u00e9e Meiser construye con su trabajo puentes entre d\u00e9cadas de experiencia como artista y su pasi\u00f3n por apoyar a las personas en su desarrollo personal y profesional. Como mentora experimentada y coach de negocios, actualmente acompa\u00f1a a individuos en situaciones complejas de la vida,&hellip;&nbsp;Read More &raquo;D\u00e9sir\u00e9e Meiser","og_url":"https:\/\/desireemeiser-coaching-beratung.com\/es\/desiree-meiser\/","og_site_name":"D\u00e9sir\u00e9e Meiser","article_modified_time":"2025-08-06T12:10:58+00:00","og_image":[{"width":1499,"height":944,"url":"https:\/\/desireemeiser-coaching-beratung.com\/wp-content\/uploads\/2024\/11\/2022-Desiree-Meiser-02.jpg","type":"image\/jpeg"}],"twitter_card":"summary_large_image","twitter_misc":{"Tiempo de lectura":"2 minutos"},"schema":{"@context":"https:\/\/schema.org","@graph":[{"@type":"WebPage","@id":"https:\/\/desireemeiser-coaching-beratung.com\/es\/desiree-meiser\/","url":"https:\/\/desireemeiser-coaching-beratung.com\/es\/desiree-meiser\/","name":"D\u00e9sir\u00e9e Meiser - D\u00e9sir\u00e9e Meiser","isPartOf":{"@id":"https:\/\/desireemeiser-coaching-beratung.com\/es\/#website"},"primaryImageOfPage":{"@id":"https:\/\/desireemeiser-coaching-beratung.com\/es\/desiree-meiser\/#primaryimage"},"image":{"@id":"https:\/\/desireemeiser-coaching-beratung.com\/es\/desiree-meiser\/#primaryimage"},"thumbnailUrl":"https:\/\/desireemeiser-coaching-beratung.com\/wp-content\/uploads\/2024\/11\/2022-Desiree-Meiser-02.jpg","datePublished":"2024-10-19T14:09:06+00:00","dateModified":"2025-08-06T12:10:58+00:00","breadcrumb":{"@id":"https:\/\/desireemeiser-coaching-beratung.com\/es\/desiree-meiser\/#breadcrumb"},"inLanguage":"es","potentialAction":[{"@type":"ReadAction","target":["https:\/\/desireemeiser-coaching-beratung.com\/es\/desiree-meiser\/"]}]},{"@type":"ImageObject","inLanguage":"es","@id":"https:\/\/desireemeiser-coaching-beratung.com\/es\/desiree-meiser\/#primaryimage","url":"https:\/\/desireemeiser-coaching-beratung.com\/wp-content\/uploads\/2024\/11\/2022-Desiree-Meiser-02.jpg","contentUrl":"https:\/\/desireemeiser-coaching-beratung.com\/wp-content\/uploads\/2024\/11\/2022-Desiree-Meiser-02.jpg"},{"@type":"BreadcrumbList","@id":"https:\/\/desireemeiser-coaching-beratung.com\/es\/desiree-meiser\/#breadcrumb","itemListElement":[{"@type":"ListItem","position":1,"name":"Startseite","item":"https:\/\/desireemeiser-coaching-beratung.com\/es\/"},{"@type":"ListItem","position":2,"name":"D\u00e9sir\u00e9e Meiser"}]},{"@type":"WebSite","@id":"https:\/\/desireemeiser-coaching-beratung.com\/es\/#website","url":"https:\/\/desireemeiser-coaching-beratung.com\/es\/","name":"D\u00e9sir\u00e9e Meiser","description":"Coaching &amp; Beratung","potentialAction":[{"@type":"SearchAction","target":{"@type":"EntryPoint","urlTemplate":"https:\/\/desireemeiser-coaching-beratung.com\/es\/?s={search_term_string}"},"query-input":{"@type":"PropertyValueSpecification","valueRequired":true,"valueName":"search_term_string"}}],"inLanguage":"es"}]}},"_links":{"self":[{"href":"https:\/\/desireemeiser-coaching-beratung.com\/es\/wp-json\/wp\/v2\/pages\/190","targetHints":{"allow":["GET"]}}],"collection":[{"href":"https:\/\/desireemeiser-coaching-beratung.com\/es\/wp-json\/wp\/v2\/pages"}],"about":[{"href":"https:\/\/desireemeiser-coaching-beratung.com\/es\/wp-json\/wp\/v2\/types\/page"}],"author":[{"embeddable":true,"href":"https:\/\/desireemeiser-coaching-beratung.com\/es\/wp-json\/wp\/v2\/users\/1"}],"replies":[{"embeddable":true,"href":"https:\/\/desireemeiser-coaching-beratung.com\/es\/wp-json\/wp\/v2\/comments?post=190"}],"version-history":[{"count":108,"href":"https:\/\/desireemeiser-coaching-beratung.com\/es\/wp-json\/wp\/v2\/pages\/190\/revisions"}],"predecessor-version":[{"id":2471,"href":"https:\/\/desireemeiser-coaching-beratung.com\/es\/wp-json\/wp\/v2\/pages\/190\/revisions\/2471"}],"wp:attachment":[{"href":"https:\/\/desireemeiser-coaching-beratung.com\/es\/wp-json\/wp\/v2\/media?parent=190"}],"curies":[{"name":"wp","href":"https:\/\/api.w.org\/{rel}","templated":true}]}}