{"id":2213,"date":"2025-05-21T13:05:26","date_gmt":"2025-05-21T13:05:26","guid":{"rendered":"https:\/\/desireemeiser-coaching-beratung.com\/?page_id=2213"},"modified":"2025-05-26T18:52:38","modified_gmt":"2025-05-26T18:52:38","slug":"desiree-meiser-2","status":"publish","type":"page","link":"https:\/\/desireemeiser-coaching-beratung.com\/es\/desiree-meiser-2\/","title":{"rendered":"D\u00e9sir\u00e9e Meiser"},"content":{"rendered":"\t\t<div data-elementor-type=\"wp-page\" data-elementor-id=\"2213\" class=\"elementor elementor-2213 elementor-2211\" data-elementor-post-type=\"page\">\n\t\t\t\t<div class=\"elementor-element elementor-element-052102c e-flex e-con-boxed e-con e-parent\" data-id=\"052102c\" data-element_type=\"container\">\n\t\t\t\t\t<div class=\"e-con-inner\">\n\t\t<div class=\"elementor-element elementor-element-ae77b12 e-con-full e-flex e-con e-child\" data-id=\"ae77b12\" data-element_type=\"container\">\n\t\t\t\t<div class=\"elementor-element elementor-element-d6236bd elementor-widget elementor-widget-text-editor\" data-id=\"d6236bd\" data-element_type=\"widget\" data-widget_type=\"text-editor.default\">\n\t\t\t\t\t\t\t\t\t<p>A trav\u00e9s de mi larga experiencia como actriz, cantante y directora, s\u00e9 exactamente qu\u00e9 es lo que importa cuando las personas se presentan ante una audiencia, ya sea en el escenario, en una presentaci\u00f3n profesional, en una reuni\u00f3n importante, durante un pitch o en una exposici\u00f3n. <br \/><br \/>En esos momentos expuestos, no solo el contenido determina el \u00e9xito, sino tambi\u00e9n la proyecci\u00f3n, la presencia y la capacidad de transmitir el propio mensaje de manera aut\u00e9ntica y convincente. Sentirse seguro en estas situaciones y actuar de manera efectiva no es solo una cuesti\u00f3n de talento, sino el resultado de una preparaci\u00f3n espec\u00edfica, trabajo corporal consciente y presencia mental. Y esto se puede aprender.<br \/><br \/>En mi coaching, le apoyo para que desarrolle su expresi\u00f3n individual, utilice su voz con intenci\u00f3n, ajuste su lenguaje corporal y fortalezca su impacto personal de manera sostenible, ya sea en actuaciones en vivo, reuniones en l\u00ednea, presentaciones o conversaciones en situaciones desafiantes.<br \/><br \/>Ofrezco entrenamientos individuales y talleres a medida que abordan sus desaf\u00edos y objetivos espec\u00edficos. Ya sea que se est\u00e9 preparando para una actuaci\u00f3n importante, mejorando su competencia en presentaciones en la vida laboral diaria o desarrollando su presencia en el escenario, trabajaremos juntos en estrategias pr\u00e1cticas que se adapten a usted y a su estilo personal.<br \/><br \/>A petici\u00f3n, tambi\u00e9n le acompa\u00f1o puntualmente en ocasiones concretas, como en una moderaci\u00f3n, una conferencia, una entrevista de trabajo o una actuaci\u00f3n p\u00fablica.<br \/><br \/>Mi objetivo es que se sienta bien en su propia piel y que logre alcanzar a su audiencia con claridad, calidez y presencia.<\/p>\t\t\t\t\t\t\t\t<\/div>\n\t\t\t\t<\/div>\n\t\t<div class=\"elementor-element elementor-element-4a3dc12 e-con-full e-flex e-con e-child\" data-id=\"4a3dc12\" data-element_type=\"container\">\n\t\t\t\t<div class=\"elementor-element elementor-element-553b136 elementor-widget elementor-widget-image\" data-id=\"553b136\" data-element_type=\"widget\" data-widget_type=\"image.default\">\n\t\t\t\t\t\t\t\t\t\t\t\t\t\t\t<img fetchpriority=\"high\" decoding=\"async\" width=\"1391\" height=\"2560\" src=\"https:\/\/desireemeiser-coaching-beratung.com\/wp-content\/uploads\/2024\/10\/desiree-meiser-coaching-und-beratung-basel-schweiz-3-scaled.jpg\" class=\"attachment-full size-full wp-image-643\" alt=\"\" srcset=\"https:\/\/desireemeiser-coaching-beratung.com\/wp-content\/uploads\/2024\/10\/desiree-meiser-coaching-und-beratung-basel-schweiz-3-scaled.jpg 1391w, https:\/\/desireemeiser-coaching-beratung.com\/wp-content\/uploads\/2024\/10\/desiree-meiser-coaching-und-beratung-basel-schweiz-3-163x300.jpg 163w, https:\/\/desireemeiser-coaching-beratung.com\/wp-content\/uploads\/2024\/10\/desiree-meiser-coaching-und-beratung-basel-schweiz-3-556x1024.jpg 556w, https:\/\/desireemeiser-coaching-beratung.com\/wp-content\/uploads\/2024\/10\/desiree-meiser-coaching-und-beratung-basel-schweiz-3-768x1414.jpg 768w, https:\/\/desireemeiser-coaching-beratung.com\/wp-content\/uploads\/2024\/10\/desiree-meiser-coaching-und-beratung-basel-schweiz-3-834x1536.jpg 834w, https:\/\/desireemeiser-coaching-beratung.com\/wp-content\/uploads\/2024\/10\/desiree-meiser-coaching-und-beratung-basel-schweiz-3-1113x2048.jpg 1113w\" sizes=\"(max-width: 1391px) 100vw, 1391px\" \/>\t\t\t\t\t\t\t\t\t\t\t\t\t\t\t<\/div>\n\t\t\t\t<div class=\"elementor-element elementor-element-c636582 elementor-widget elementor-widget-spacer\" data-id=\"c636582\" data-element_type=\"widget\" data-widget_type=\"spacer.default\">\n\t\t\t\t\t\t\t<div class=\"elementor-spacer\">\n\t\t\t<div class=\"elementor-spacer-inner\"><\/div>\n\t\t<\/div>\n\t\t\t\t\t\t<\/div>\n\t\t\t\t<\/div>\n\t\t\t\t\t<\/div>\n\t\t\t\t<\/div>\n\t\t\t\t<\/div>\n\t\t","protected":false},"excerpt":{"rendered":"<p>A trav\u00e9s de mi larga experiencia como actriz, cantante y directora, s\u00e9 exactamente qu\u00e9 es lo que importa cuando las personas se presentan ante una audiencia, ya sea en el escenario, en una presentaci\u00f3n profesional, en una reuni\u00f3n importante, durante un pitch o en una exposici\u00f3n. En esos momentos expuestos, no solo el contenido determina&hellip;&nbsp;<a href=\"https:\/\/desireemeiser-coaching-beratung.com\/es\/desiree-meiser-2\/\" rel=\"bookmark\">Read More &raquo;<span class=\"screen-reader-text\">D\u00e9sir\u00e9e Meiser<\/span><\/a><\/p>\n","protected":false},"author":1,"featured_media":0,"parent":0,"menu_order":0,"comment_status":"closed","ping_status":"closed","template":"page-templates\/template-pagebuilder-full-width.php","meta":{"neve_meta_sidebar":"","neve_meta_container":"","neve_meta_enable_content_width":"on","neve_meta_content_width":100,"neve_meta_title_alignment":"","neve_meta_author_avatar":"","neve_post_elements_order":"","neve_meta_disable_header":"","neve_meta_disable_footer":"","neve_meta_disable_title":"on","neve_meta_reading_time":"","footnotes":""},"class_list":["post-2213","page","type-page","status-publish","hentry"],"yoast_head":"<!-- This site is optimized with the Yoast SEO plugin v26.6 - https:\/\/yoast.com\/wordpress\/plugins\/seo\/ -->\n<title>D\u00e9sir\u00e9e Meiser - D\u00e9sir\u00e9e Meiser<\/title>\n<meta name=\"robots\" content=\"index, follow, max-snippet:-1, max-image-preview:large, max-video-preview:-1\" \/>\n<link rel=\"canonical\" href=\"https:\/\/desireemeiser-coaching-beratung.com\/es\/desiree-meiser-2\/\" \/>\n<meta property=\"og:locale\" content=\"es_ES\" \/>\n<meta property=\"og:type\" content=\"article\" \/>\n<meta property=\"og:title\" content=\"D\u00e9sir\u00e9e Meiser - D\u00e9sir\u00e9e Meiser\" \/>\n<meta property=\"og:description\" content=\"A trav\u00e9s de mi larga experiencia como actriz, cantante y directora, s\u00e9 exactamente qu\u00e9 es lo que importa cuando las personas se presentan ante una audiencia, ya sea en el escenario, en una presentaci\u00f3n profesional, en una reuni\u00f3n importante, durante un pitch o en una exposici\u00f3n. En esos momentos expuestos, no solo el contenido determina&hellip;&nbsp;Read More &raquo;D\u00e9sir\u00e9e Meiser\" \/>\n<meta property=\"og:url\" content=\"https:\/\/desireemeiser-coaching-beratung.com\/es\/desiree-meiser-2\/\" \/>\n<meta property=\"og:site_name\" content=\"D\u00e9sir\u00e9e Meiser\" \/>\n<meta property=\"article:modified_time\" content=\"2025-05-26T18:52:38+00:00\" \/>\n<meta property=\"og:image\" content=\"https:\/\/desireemeiser-coaching-beratung.com\/wp-content\/uploads\/2024\/10\/desiree-meiser-coaching-und-beratung-basel-schweiz-3-scaled.jpg\" \/>\n\t<meta property=\"og:image:width\" content=\"1391\" \/>\n\t<meta property=\"og:image:height\" content=\"2560\" \/>\n\t<meta property=\"og:image:type\" content=\"image\/jpeg\" \/>\n<meta name=\"twitter:card\" content=\"summary_large_image\" \/>\n<meta name=\"twitter:label1\" content=\"Tiempo de lectura\" \/>\n\t<meta name=\"twitter:data1\" content=\"2 minutos\" \/>\n<script type=\"application\/ld+json\" class=\"yoast-schema-graph\">{\"@context\":\"https:\/\/schema.org\",\"@graph\":[{\"@type\":\"WebPage\",\"@id\":\"https:\/\/desireemeiser-coaching-beratung.com\/es\/desiree-meiser-2\/\",\"url\":\"https:\/\/desireemeiser-coaching-beratung.com\/es\/desiree-meiser-2\/\",\"name\":\"D\u00e9sir\u00e9e Meiser - D\u00e9sir\u00e9e Meiser\",\"isPartOf\":{\"@id\":\"https:\/\/desireemeiser-coaching-beratung.com\/es\/#website\"},\"primaryImageOfPage\":{\"@id\":\"https:\/\/desireemeiser-coaching-beratung.com\/es\/desiree-meiser-2\/#primaryimage\"},\"image\":{\"@id\":\"https:\/\/desireemeiser-coaching-beratung.com\/es\/desiree-meiser-2\/#primaryimage\"},\"thumbnailUrl\":\"https:\/\/desireemeiser-coaching-beratung.com\/wp-content\/uploads\/2024\/10\/desiree-meiser-coaching-und-beratung-basel-schweiz-3-scaled.jpg\",\"datePublished\":\"2025-05-21T13:05:26+00:00\",\"dateModified\":\"2025-05-26T18:52:38+00:00\",\"breadcrumb\":{\"@id\":\"https:\/\/desireemeiser-coaching-beratung.com\/es\/desiree-meiser-2\/#breadcrumb\"},\"inLanguage\":\"es\",\"potentialAction\":[{\"@type\":\"ReadAction\",\"target\":[\"https:\/\/desireemeiser-coaching-beratung.com\/es\/desiree-meiser-2\/\"]}]},{\"@type\":\"ImageObject\",\"inLanguage\":\"es\",\"@id\":\"https:\/\/desireemeiser-coaching-beratung.com\/es\/desiree-meiser-2\/#primaryimage\",\"url\":\"https:\/\/desireemeiser-coaching-beratung.com\/wp-content\/uploads\/2024\/10\/desiree-meiser-coaching-und-beratung-basel-schweiz-3-scaled.jpg\",\"contentUrl\":\"https:\/\/desireemeiser-coaching-beratung.com\/wp-content\/uploads\/2024\/10\/desiree-meiser-coaching-und-beratung-basel-schweiz-3-scaled.jpg\"},{\"@type\":\"BreadcrumbList\",\"@id\":\"https:\/\/desireemeiser-coaching-beratung.com\/es\/desiree-meiser-2\/#breadcrumb\",\"itemListElement\":[{\"@type\":\"ListItem\",\"position\":1,\"name\":\"Startseite\",\"item\":\"https:\/\/desireemeiser-coaching-beratung.com\/es\/\"},{\"@type\":\"ListItem\",\"position\":2,\"name\":\"D\u00e9sir\u00e9e Meiser\"}]},{\"@type\":\"WebSite\",\"@id\":\"https:\/\/desireemeiser-coaching-beratung.com\/es\/#website\",\"url\":\"https:\/\/desireemeiser-coaching-beratung.com\/es\/\",\"name\":\"D\u00e9sir\u00e9e Meiser\",\"description\":\"Coaching &amp; Beratung\",\"potentialAction\":[{\"@type\":\"SearchAction\",\"target\":{\"@type\":\"EntryPoint\",\"urlTemplate\":\"https:\/\/desireemeiser-coaching-beratung.com\/es\/?s={search_term_string}\"},\"query-input\":{\"@type\":\"PropertyValueSpecification\",\"valueRequired\":true,\"valueName\":\"search_term_string\"}}],\"inLanguage\":\"es\"}]}<\/script>\n<!-- \/ Yoast SEO plugin. -->","yoast_head_json":{"title":"D\u00e9sir\u00e9e Meiser - D\u00e9sir\u00e9e Meiser","robots":{"index":"index","follow":"follow","max-snippet":"max-snippet:-1","max-image-preview":"max-image-preview:large","max-video-preview":"max-video-preview:-1"},"canonical":"https:\/\/desireemeiser-coaching-beratung.com\/es\/desiree-meiser-2\/","og_locale":"es_ES","og_type":"article","og_title":"D\u00e9sir\u00e9e Meiser - D\u00e9sir\u00e9e Meiser","og_description":"A trav\u00e9s de mi larga experiencia como actriz, cantante y directora, s\u00e9 exactamente qu\u00e9 es lo que importa cuando las personas se presentan ante una audiencia, ya sea en el escenario, en una presentaci\u00f3n profesional, en una reuni\u00f3n importante, durante un pitch o en una exposici\u00f3n. En esos momentos expuestos, no solo el contenido determina&hellip;&nbsp;Read More &raquo;D\u00e9sir\u00e9e Meiser","og_url":"https:\/\/desireemeiser-coaching-beratung.com\/es\/desiree-meiser-2\/","og_site_name":"D\u00e9sir\u00e9e Meiser","article_modified_time":"2025-05-26T18:52:38+00:00","og_image":[{"width":1391,"height":2560,"url":"https:\/\/desireemeiser-coaching-beratung.com\/wp-content\/uploads\/2024\/10\/desiree-meiser-coaching-und-beratung-basel-schweiz-3-scaled.jpg","type":"image\/jpeg"}],"twitter_card":"summary_large_image","twitter_misc":{"Tiempo de lectura":"2 minutos"},"schema":{"@context":"https:\/\/schema.org","@graph":[{"@type":"WebPage","@id":"https:\/\/desireemeiser-coaching-beratung.com\/es\/desiree-meiser-2\/","url":"https:\/\/desireemeiser-coaching-beratung.com\/es\/desiree-meiser-2\/","name":"D\u00e9sir\u00e9e Meiser - D\u00e9sir\u00e9e Meiser","isPartOf":{"@id":"https:\/\/desireemeiser-coaching-beratung.com\/es\/#website"},"primaryImageOfPage":{"@id":"https:\/\/desireemeiser-coaching-beratung.com\/es\/desiree-meiser-2\/#primaryimage"},"image":{"@id":"https:\/\/desireemeiser-coaching-beratung.com\/es\/desiree-meiser-2\/#primaryimage"},"thumbnailUrl":"https:\/\/desireemeiser-coaching-beratung.com\/wp-content\/uploads\/2024\/10\/desiree-meiser-coaching-und-beratung-basel-schweiz-3-scaled.jpg","datePublished":"2025-05-21T13:05:26+00:00","dateModified":"2025-05-26T18:52:38+00:00","breadcrumb":{"@id":"https:\/\/desireemeiser-coaching-beratung.com\/es\/desiree-meiser-2\/#breadcrumb"},"inLanguage":"es","potentialAction":[{"@type":"ReadAction","target":["https:\/\/desireemeiser-coaching-beratung.com\/es\/desiree-meiser-2\/"]}]},{"@type":"ImageObject","inLanguage":"es","@id":"https:\/\/desireemeiser-coaching-beratung.com\/es\/desiree-meiser-2\/#primaryimage","url":"https:\/\/desireemeiser-coaching-beratung.com\/wp-content\/uploads\/2024\/10\/desiree-meiser-coaching-und-beratung-basel-schweiz-3-scaled.jpg","contentUrl":"https:\/\/desireemeiser-coaching-beratung.com\/wp-content\/uploads\/2024\/10\/desiree-meiser-coaching-und-beratung-basel-schweiz-3-scaled.jpg"},{"@type":"BreadcrumbList","@id":"https:\/\/desireemeiser-coaching-beratung.com\/es\/desiree-meiser-2\/#breadcrumb","itemListElement":[{"@type":"ListItem","position":1,"name":"Startseite","item":"https:\/\/desireemeiser-coaching-beratung.com\/es\/"},{"@type":"ListItem","position":2,"name":"D\u00e9sir\u00e9e Meiser"}]},{"@type":"WebSite","@id":"https:\/\/desireemeiser-coaching-beratung.com\/es\/#website","url":"https:\/\/desireemeiser-coaching-beratung.com\/es\/","name":"D\u00e9sir\u00e9e Meiser","description":"Coaching &amp; Beratung","potentialAction":[{"@type":"SearchAction","target":{"@type":"EntryPoint","urlTemplate":"https:\/\/desireemeiser-coaching-beratung.com\/es\/?s={search_term_string}"},"query-input":{"@type":"PropertyValueSpecification","valueRequired":true,"valueName":"search_term_string"}}],"inLanguage":"es"}]}},"_links":{"self":[{"href":"https:\/\/desireemeiser-coaching-beratung.com\/es\/wp-json\/wp\/v2\/pages\/2213","targetHints":{"allow":["GET"]}}],"collection":[{"href":"https:\/\/desireemeiser-coaching-beratung.com\/es\/wp-json\/wp\/v2\/pages"}],"about":[{"href":"https:\/\/desireemeiser-coaching-beratung.com\/es\/wp-json\/wp\/v2\/types\/page"}],"author":[{"embeddable":true,"href":"https:\/\/desireemeiser-coaching-beratung.com\/es\/wp-json\/wp\/v2\/users\/1"}],"replies":[{"embeddable":true,"href":"https:\/\/desireemeiser-coaching-beratung.com\/es\/wp-json\/wp\/v2\/comments?post=2213"}],"version-history":[{"count":7,"href":"https:\/\/desireemeiser-coaching-beratung.com\/es\/wp-json\/wp\/v2\/pages\/2213\/revisions"}],"predecessor-version":[{"id":2410,"href":"https:\/\/desireemeiser-coaching-beratung.com\/es\/wp-json\/wp\/v2\/pages\/2213\/revisions\/2410"}],"wp:attachment":[{"href":"https:\/\/desireemeiser-coaching-beratung.com\/es\/wp-json\/wp\/v2\/media?parent=2213"}],"curies":[{"name":"wp","href":"https:\/\/api.w.org\/{rel}","templated":true}]}}