{"id":1719,"date":"2024-10-19T14:09:55","date_gmt":"2024-10-19T14:09:55","guid":{"rendered":"https:\/\/desireemeiser-coaching-beratung.com\/?page_id=1719"},"modified":"2025-05-26T19:05:27","modified_gmt":"2025-05-26T19:05:27","slug":"kontakt","status":"publish","type":"page","link":"https:\/\/desireemeiser-coaching-beratung.com\/fr\/kontakt\/","title":{"rendered":"Kontakt"},"content":{"rendered":"\t\t<div data-elementor-type=\"wp-page\" data-elementor-id=\"1719\" class=\"elementor elementor-1719 elementor-154\" data-elementor-post-type=\"page\">\n\t\t\t\t<div class=\"elementor-element elementor-element-de2e0d1 e-flex e-con-boxed e-con e-parent\" data-id=\"de2e0d1\" data-element_type=\"container\">\n\t\t\t\t\t<div class=\"e-con-inner\">\n\t\t\t\t<div class=\"elementor-element elementor-element-4630f46 elementor-widget elementor-widget-spacer\" data-id=\"4630f46\" data-element_type=\"widget\" data-widget_type=\"spacer.default\">\n\t\t\t\t\t\t\t<div class=\"elementor-spacer\">\n\t\t\t<div class=\"elementor-spacer-inner\"><\/div>\n\t\t<\/div>\n\t\t\t\t\t\t<\/div>\n\t\t\t\t<div class=\"elementor-element elementor-element-2cb4b02 elementor-widget elementor-widget-text-editor\" data-id=\"2cb4b02\" data-element_type=\"widget\" data-widget_type=\"text-editor.default\">\n\t\t\t\t\t\t\t\t\t<p>D\u00e9sir\u00e9e Meiser<br \/>Neubadrain 79<br \/>CH-4102 Binningen<br \/>Suisse<\/p><p><a href=\"tel:+41 76 376 02 33\">+41 76 376 02 33<\/a><\/p><p><a href=\"mailto:dm@desireemeiser-coaching.com\">Email<\/a><\/p><p>\u00a0<\/p><p>Itin\u00e9raire : Prenez le tram num\u00e9ro 8 jusqu\u2019\u00e0 l\u2019arr\u00eat Neubad. Ensuite, suivez la rue \u00e0 droite du Coop et marchez environ 6 minutes en mont\u00e9e. Notre maison se trouve sur le c\u00f4t\u00e9 gauche de la rue.<\/p><p>\u00a0<\/p><p><a href=\"https:\/\/desireemeiser-coaching-beratung.com\/impressum\/\">Impressum<\/a><\/p><p><a href=\"https:\/\/desireemeiser-coaching-beratung.com\/datenschutz\/\">Datenschutzvereinbarung<\/a><\/p>\t\t\t\t\t\t\t\t<\/div>\n\t\t\t\t<div class=\"elementor-element elementor-element-4ae4b35 elementor-widget elementor-widget-spacer\" data-id=\"4ae4b35\" data-element_type=\"widget\" data-widget_type=\"spacer.default\">\n\t\t\t\t\t\t\t<div class=\"elementor-spacer\">\n\t\t\t<div class=\"elementor-spacer-inner\"><\/div>\n\t\t<\/div>\n\t\t\t\t\t\t<\/div>\n\t\t\t\t\t<\/div>\n\t\t\t\t<\/div>\n\t\t<div class=\"elementor-element elementor-element-e657b2b e-flex e-con-boxed e-con e-parent\" data-id=\"e657b2b\" data-element_type=\"container\">\n\t\t\t\t\t<div class=\"e-con-inner\">\n\t\t\t\t<div class=\"elementor-element elementor-element-e4f0ee2 elementor-widget elementor-widget-image\" data-id=\"e4f0ee2\" data-element_type=\"widget\" data-widget_type=\"image.default\">\n\t\t\t\t\t\t\t\t\t\t\t\t\t\t\t\t<a href=\"https:\/\/coachakademie.ch\" target=\"_blank\" rel=\"nofollow\">\n\t\t\t\t\t\t\t<img decoding=\"async\" width=\"300\" height=\"50\" src=\"https:\/\/desireemeiser-coaching-beratung.com\/wp-content\/uploads\/2024\/11\/logo-3-300x50.png\" class=\"attachment-medium size-medium wp-image-1646\" alt=\"\" srcset=\"https:\/\/desireemeiser-coaching-beratung.com\/wp-content\/uploads\/2024\/11\/logo-3-300x50.png 300w, https:\/\/desireemeiser-coaching-beratung.com\/wp-content\/uploads\/2024\/11\/logo-3-1024x169.png 1024w, https:\/\/desireemeiser-coaching-beratung.com\/wp-content\/uploads\/2024\/11\/logo-3-768x127.png 768w, https:\/\/desireemeiser-coaching-beratung.com\/wp-content\/uploads\/2024\/11\/logo-3-1536x254.png 1536w, https:\/\/desireemeiser-coaching-beratung.com\/wp-content\/uploads\/2024\/11\/logo-3.png 1772w\" sizes=\"(max-width: 300px) 100vw, 300px\" \/>\t\t\t\t\t\t\t\t<\/a>\n\t\t\t\t\t\t\t\t\t\t\t\t\t\t\t<\/div>\n\t\t\t\t<div class=\"elementor-element elementor-element-b701489 elementor-widget elementor-widget-image\" data-id=\"b701489\" data-element_type=\"widget\" data-widget_type=\"image.default\">\n\t\t\t\t\t\t\t\t\t\t\t\t\t\t\t\t<a href=\"https:\/\/www.coaching-institutes.net\" target=\"_blank\" rel=\"nofollow\">\n\t\t\t\t\t\t\t<img decoding=\"async\" width=\"150\" height=\"150\" src=\"https:\/\/desireemeiser-coaching-beratung.com\/wp-content\/uploads\/2024\/11\/ICI_logo_print_optimized-150x150.png\" class=\"attachment-thumbnail size-thumbnail wp-image-1624\" alt=\"\" \/>\t\t\t\t\t\t\t\t<\/a>\n\t\t\t\t\t\t\t\t\t\t\t\t\t\t\t<\/div>\n\t\t\t\t\t<\/div>\n\t\t\t\t<\/div>\n\t\t\t\t<\/div>\n\t\t","protected":false},"excerpt":{"rendered":"<p>D\u00e9sir\u00e9e MeiserNeubadrain 79CH-4102 BinningenSuisse +41 76 376 02 33 Email \u00a0 Itin\u00e9raire : Prenez le tram num\u00e9ro 8 jusqu\u2019\u00e0 l\u2019arr\u00eat Neubad. Ensuite, suivez la rue \u00e0 droite du Coop et marchez environ 6 minutes en mont\u00e9e. Notre maison se trouve sur le c\u00f4t\u00e9 gauche de la rue. \u00a0 Impressum Datenschutzvereinbarung<\/p>\n","protected":false},"author":1,"featured_media":0,"parent":0,"menu_order":0,"comment_status":"closed","ping_status":"closed","template":"page-templates\/template-pagebuilder-full-width.php","meta":{"neve_meta_sidebar":"","neve_meta_container":"","neve_meta_enable_content_width":"off","neve_meta_content_width":100,"neve_meta_title_alignment":"","neve_meta_author_avatar":"","neve_post_elements_order":"","neve_meta_disable_header":"","neve_meta_disable_footer":"","neve_meta_disable_title":"on","neve_meta_reading_time":"","footnotes":""},"class_list":["post-1719","page","type-page","status-publish","hentry"],"yoast_head":"<!-- This site is optimized with the Yoast SEO plugin v26.6 - https:\/\/yoast.com\/wordpress\/plugins\/seo\/ -->\n<title>Kontakt - D\u00e9sir\u00e9e Meiser<\/title>\n<meta name=\"robots\" content=\"index, follow, max-snippet:-1, max-image-preview:large, max-video-preview:-1\" \/>\n<link rel=\"canonical\" href=\"https:\/\/desireemeiser-coaching-beratung.com\/fr\/kontakt\/\" \/>\n<meta property=\"og:locale\" content=\"fr_FR\" \/>\n<meta property=\"og:type\" content=\"article\" \/>\n<meta property=\"og:title\" content=\"Kontakt - D\u00e9sir\u00e9e Meiser\" \/>\n<meta property=\"og:description\" content=\"D\u00e9sir\u00e9e MeiserNeubadrain 79CH-4102 BinningenSuisse +41 76 376 02 33 Email \u00a0 Itin\u00e9raire : Prenez le tram num\u00e9ro 8 jusqu\u2019\u00e0 l\u2019arr\u00eat Neubad. Ensuite, suivez la rue \u00e0 droite du Coop et marchez environ 6 minutes en mont\u00e9e. Notre maison se trouve sur le c\u00f4t\u00e9 gauche de la rue. \u00a0 Impressum Datenschutzvereinbarung\" \/>\n<meta property=\"og:url\" content=\"https:\/\/desireemeiser-coaching-beratung.com\/fr\/kontakt\/\" \/>\n<meta property=\"og:site_name\" content=\"D\u00e9sir\u00e9e Meiser\" \/>\n<meta property=\"article:modified_time\" content=\"2025-05-26T19:05:27+00:00\" \/>\n<meta property=\"og:image\" content=\"https:\/\/desireemeiser-coaching-beratung.com\/wp-content\/uploads\/2024\/11\/logo-3.png\" \/>\n\t<meta property=\"og:image:width\" content=\"1772\" \/>\n\t<meta property=\"og:image:height\" content=\"293\" \/>\n\t<meta property=\"og:image:type\" content=\"image\/png\" \/>\n<meta name=\"twitter:card\" content=\"summary_large_image\" \/>\n<meta name=\"twitter:label1\" content=\"Dur\u00e9e de lecture estim\u00e9e\" \/>\n\t<meta name=\"twitter:data1\" content=\"1 minute\" \/>\n<script type=\"application\/ld+json\" class=\"yoast-schema-graph\">{\"@context\":\"https:\/\/schema.org\",\"@graph\":[{\"@type\":\"WebPage\",\"@id\":\"https:\/\/desireemeiser-coaching-beratung.com\/fr\/kontakt\/\",\"url\":\"https:\/\/desireemeiser-coaching-beratung.com\/fr\/kontakt\/\",\"name\":\"Kontakt - D\u00e9sir\u00e9e Meiser\",\"isPartOf\":{\"@id\":\"https:\/\/desireemeiser-coaching-beratung.com\/fr\/#website\"},\"primaryImageOfPage\":{\"@id\":\"https:\/\/desireemeiser-coaching-beratung.com\/fr\/kontakt\/#primaryimage\"},\"image\":{\"@id\":\"https:\/\/desireemeiser-coaching-beratung.com\/fr\/kontakt\/#primaryimage\"},\"thumbnailUrl\":\"https:\/\/desireemeiser-coaching-beratung.com\/wp-content\/uploads\/2024\/11\/logo-3-300x50.png\",\"datePublished\":\"2024-10-19T14:09:55+00:00\",\"dateModified\":\"2025-05-26T19:05:27+00:00\",\"breadcrumb\":{\"@id\":\"https:\/\/desireemeiser-coaching-beratung.com\/fr\/kontakt\/#breadcrumb\"},\"inLanguage\":\"fr-FR\",\"potentialAction\":[{\"@type\":\"ReadAction\",\"target\":[\"https:\/\/desireemeiser-coaching-beratung.com\/fr\/kontakt\/\"]}]},{\"@type\":\"ImageObject\",\"inLanguage\":\"fr-FR\",\"@id\":\"https:\/\/desireemeiser-coaching-beratung.com\/fr\/kontakt\/#primaryimage\",\"url\":\"https:\/\/desireemeiser-coaching-beratung.com\/wp-content\/uploads\/2024\/11\/logo-3-300x50.png\",\"contentUrl\":\"https:\/\/desireemeiser-coaching-beratung.com\/wp-content\/uploads\/2024\/11\/logo-3-300x50.png\"},{\"@type\":\"BreadcrumbList\",\"@id\":\"https:\/\/desireemeiser-coaching-beratung.com\/fr\/kontakt\/#breadcrumb\",\"itemListElement\":[{\"@type\":\"ListItem\",\"position\":1,\"name\":\"Startseite\",\"item\":\"https:\/\/desireemeiser-coaching-beratung.com\/fr\/\"},{\"@type\":\"ListItem\",\"position\":2,\"name\":\"Kontakt\"}]},{\"@type\":\"WebSite\",\"@id\":\"https:\/\/desireemeiser-coaching-beratung.com\/fr\/#website\",\"url\":\"https:\/\/desireemeiser-coaching-beratung.com\/fr\/\",\"name\":\"D\u00e9sir\u00e9e Meiser\",\"description\":\"Coaching &amp; Beratung\",\"potentialAction\":[{\"@type\":\"SearchAction\",\"target\":{\"@type\":\"EntryPoint\",\"urlTemplate\":\"https:\/\/desireemeiser-coaching-beratung.com\/fr\/?s={search_term_string}\"},\"query-input\":{\"@type\":\"PropertyValueSpecification\",\"valueRequired\":true,\"valueName\":\"search_term_string\"}}],\"inLanguage\":\"fr-FR\"}]}<\/script>\n<!-- \/ Yoast SEO plugin. -->","yoast_head_json":{"title":"Kontakt - D\u00e9sir\u00e9e Meiser","robots":{"index":"index","follow":"follow","max-snippet":"max-snippet:-1","max-image-preview":"max-image-preview:large","max-video-preview":"max-video-preview:-1"},"canonical":"https:\/\/desireemeiser-coaching-beratung.com\/fr\/kontakt\/","og_locale":"fr_FR","og_type":"article","og_title":"Kontakt - D\u00e9sir\u00e9e Meiser","og_description":"D\u00e9sir\u00e9e MeiserNeubadrain 79CH-4102 BinningenSuisse +41 76 376 02 33 Email \u00a0 Itin\u00e9raire : Prenez le tram num\u00e9ro 8 jusqu\u2019\u00e0 l\u2019arr\u00eat Neubad. Ensuite, suivez la rue \u00e0 droite du Coop et marchez environ 6 minutes en mont\u00e9e. Notre maison se trouve sur le c\u00f4t\u00e9 gauche de la rue. \u00a0 Impressum Datenschutzvereinbarung","og_url":"https:\/\/desireemeiser-coaching-beratung.com\/fr\/kontakt\/","og_site_name":"D\u00e9sir\u00e9e Meiser","article_modified_time":"2025-05-26T19:05:27+00:00","og_image":[{"width":1772,"height":293,"url":"https:\/\/desireemeiser-coaching-beratung.com\/wp-content\/uploads\/2024\/11\/logo-3.png","type":"image\/png"}],"twitter_card":"summary_large_image","twitter_misc":{"Dur\u00e9e de lecture estim\u00e9e":"1 minute"},"schema":{"@context":"https:\/\/schema.org","@graph":[{"@type":"WebPage","@id":"https:\/\/desireemeiser-coaching-beratung.com\/fr\/kontakt\/","url":"https:\/\/desireemeiser-coaching-beratung.com\/fr\/kontakt\/","name":"Kontakt - D\u00e9sir\u00e9e Meiser","isPartOf":{"@id":"https:\/\/desireemeiser-coaching-beratung.com\/fr\/#website"},"primaryImageOfPage":{"@id":"https:\/\/desireemeiser-coaching-beratung.com\/fr\/kontakt\/#primaryimage"},"image":{"@id":"https:\/\/desireemeiser-coaching-beratung.com\/fr\/kontakt\/#primaryimage"},"thumbnailUrl":"https:\/\/desireemeiser-coaching-beratung.com\/wp-content\/uploads\/2024\/11\/logo-3-300x50.png","datePublished":"2024-10-19T14:09:55+00:00","dateModified":"2025-05-26T19:05:27+00:00","breadcrumb":{"@id":"https:\/\/desireemeiser-coaching-beratung.com\/fr\/kontakt\/#breadcrumb"},"inLanguage":"fr-FR","potentialAction":[{"@type":"ReadAction","target":["https:\/\/desireemeiser-coaching-beratung.com\/fr\/kontakt\/"]}]},{"@type":"ImageObject","inLanguage":"fr-FR","@id":"https:\/\/desireemeiser-coaching-beratung.com\/fr\/kontakt\/#primaryimage","url":"https:\/\/desireemeiser-coaching-beratung.com\/wp-content\/uploads\/2024\/11\/logo-3-300x50.png","contentUrl":"https:\/\/desireemeiser-coaching-beratung.com\/wp-content\/uploads\/2024\/11\/logo-3-300x50.png"},{"@type":"BreadcrumbList","@id":"https:\/\/desireemeiser-coaching-beratung.com\/fr\/kontakt\/#breadcrumb","itemListElement":[{"@type":"ListItem","position":1,"name":"Startseite","item":"https:\/\/desireemeiser-coaching-beratung.com\/fr\/"},{"@type":"ListItem","position":2,"name":"Kontakt"}]},{"@type":"WebSite","@id":"https:\/\/desireemeiser-coaching-beratung.com\/fr\/#website","url":"https:\/\/desireemeiser-coaching-beratung.com\/fr\/","name":"D\u00e9sir\u00e9e Meiser","description":"Coaching &amp; Beratung","potentialAction":[{"@type":"SearchAction","target":{"@type":"EntryPoint","urlTemplate":"https:\/\/desireemeiser-coaching-beratung.com\/fr\/?s={search_term_string}"},"query-input":{"@type":"PropertyValueSpecification","valueRequired":true,"valueName":"search_term_string"}}],"inLanguage":"fr-FR"}]}},"_links":{"self":[{"href":"https:\/\/desireemeiser-coaching-beratung.com\/fr\/wp-json\/wp\/v2\/pages\/1719","targetHints":{"allow":["GET"]}}],"collection":[{"href":"https:\/\/desireemeiser-coaching-beratung.com\/fr\/wp-json\/wp\/v2\/pages"}],"about":[{"href":"https:\/\/desireemeiser-coaching-beratung.com\/fr\/wp-json\/wp\/v2\/types\/page"}],"author":[{"embeddable":true,"href":"https:\/\/desireemeiser-coaching-beratung.com\/fr\/wp-json\/wp\/v2\/users\/1"}],"replies":[{"embeddable":true,"href":"https:\/\/desireemeiser-coaching-beratung.com\/fr\/wp-json\/wp\/v2\/comments?post=1719"}],"version-history":[{"count":16,"href":"https:\/\/desireemeiser-coaching-beratung.com\/fr\/wp-json\/wp\/v2\/pages\/1719\/revisions"}],"predecessor-version":[{"id":2458,"href":"https:\/\/desireemeiser-coaching-beratung.com\/fr\/wp-json\/wp\/v2\/pages\/1719\/revisions\/2458"}],"wp:attachment":[{"href":"https:\/\/desireemeiser-coaching-beratung.com\/fr\/wp-json\/wp\/v2\/media?parent=1719"}],"curies":[{"name":"wp","href":"https:\/\/api.w.org\/{rel}","templated":true}]}}