{"id":1842,"date":"2024-11-18T13:45:16","date_gmt":"2024-11-18T13:45:16","guid":{"rendered":"https:\/\/desireemeiser-coaching-beratung.com\/?page_id=1842"},"modified":"2025-05-26T19:01:33","modified_gmt":"2025-05-26T19:01:33","slug":"testimonials","status":"publish","type":"page","link":"https:\/\/desireemeiser-coaching-beratung.com\/fr\/testimonials\/","title":{"rendered":"Testimonials"},"content":{"rendered":"\t\t<div data-elementor-type=\"wp-page\" data-elementor-id=\"1842\" class=\"elementor elementor-1842 elementor-1408\" data-elementor-post-type=\"page\">\n\t\t\t\t<div class=\"elementor-element elementor-element-0b9ba67 e-flex e-con-boxed e-con e-parent\" data-id=\"0b9ba67\" data-element_type=\"container\">\n\t\t\t\t\t<div class=\"e-con-inner\">\n\t\t\t\t<div class=\"elementor-element elementor-element-e58d65f elementor-widget elementor-widget-text-editor\" data-id=\"e58d65f\" data-element_type=\"widget\" data-widget_type=\"text-editor.default\">\n\t\t\t\t\t\t\t\t\t<div class=\"default-style\">\n<p>\u00abDas Coaching bei D\u00e9sir\u00e9e hat mich auf verschiedenen Ebenen in einem Moment der Neustrukturierung meiner beruflichen Perspektive unterst\u00fctzt. Es half mir, immer wieder eine zuversichtliche und produktive Sicht zu erlangen. Vor dem Coaching haben dr\u00e4ngende Fragen und Sorgen um die Zukunft meinen Blick auf das verstellt, was nun in das Zentrum meiner Aufmerksamkeit ger\u00fcckt ist. Das hat bereits ganz konkrete positive Ver\u00e4nderungen bewirkt. D\u00e9sir\u00e9es einf\u00fchlsame und doch sicher f\u00fchrende Art war f\u00fcr mich \u00fcberaus \u00fcberzeugend. Ihre Arbeit kann ich uneingeschr\u00e4nkt empfehlen.\u00bb<\/p>\n<p>J.K. Musiker und Dozent<\/p>\n<p><\/p>\n<p>\u00abBestechend war der strukturierte Prozess, der es mir erlaubt hat, sehr rasch an meine unbewussten Muster und Glaubenss\u00e4tze heranzukommen. Die kompetente und achtsame Begleitung von D\u00e9sir\u00e9e Meiser hat es mir erm\u00f6glicht, tieferliegende Bed\u00fcrfnisse und Belastungen zu identifizieren und einen hilfreicheren Umgang damit zu finden. Schnell wurde mir durch das Coaching klar, in welchen Lebensbereichen ich genauer hinsehen darf. Ich habe viel Motivation, Kl\u00e4rung und Selbsterkenntnis daraus gezogen- sowohl f\u00fcr mein berufliches als auch f\u00fcr mein privates Leben\u00bb<\/p>\n<p>A.D. Gesch\u00e4ftsfrau und Politikerin<\/p>\n<p><\/p>\n<p>\u00abDas Coaching mit D\u00e9sir\u00e9e hat mir durch seine Ruhe und Orientierung geholfen, in einer verwirrenden Zeit die f\u00fcr mich wesentlichen Dinge aus mir selbst herauszuarbeiten und mir einen Anker f\u00fcr die Zukunft zu legen. In ihrer Art zuzuh\u00f6ren und mit ihrer beruhigenden Pr\u00e4senz, hat sie mir wertvolle Erfahrungen mit auf meinen Weg gegeben, wof\u00fcr ich sehr dankbar bin.\u00bb<\/p>\n<p>A.L. Klientin, Musikerin<\/p>\n<p><\/p>\n<p>\u00abDas Coaching mit Desir\u00e9 hat meine Lebensqualit\u00e4t als Musiker erheblich verbessert. Dank ihrer professionellen Unterst\u00fctzung konnte ich nicht nur meinen Stress beim Spielen reduzieren, sondern auch eine neue Leichtigkeit im Alltag genie\u00dfen. Obwohl ich das Probespiel nicht gewonnen habe, hat mich &lt;&lt;eigentlich&gt;&gt; das Gef\u00fchl, frei von Sorgen zu musizieren, sehr erf\u00fcllt. Jetzt bin ich besser darauf ausgerichtet, gro\u00dfz\u00fcgig mit mir selbst umzugehen. Sehr empfehlenswert!\u00bb<\/p>\n<p>A.G.M. Klient, Musiker<\/p>\n<p><\/p>\n<p>\u00abWenn ich meine pers\u00f6nliche Entwicklung von der ersten bis zur abschliessenden Coaching-Sitzung betrachte, versp\u00fcre ich D\u00e9sir\u00e9e Meiser gegen\u00fcber grosse Dankbarkeit, bin aber auch tief beeindruckt von den teilweise sensationellen Erkenntnissen, die ich in der gemeinsam gestalteten Zeit gewinnen durfte. Die spezifische Herangehensweise des St. Galler Modells hat mir durch D\u00e9sir\u00e9es ebenso behutsame wie konkrete Begleitung neue Wege aufgezeigt, R\u00e4ume ge\u00f6ffnet zur\u00fcck in meine eigene Herkunft und prospektiv f\u00fcr meine Zukunft. Die Struktur der einzelnen Betrachtungswinkel half mir, Wertigkeiten in meinem Leben wiederzufinden, deren Systemik mich ohne grosses Dazutun zu einer reiferen Person gemacht haben. Ich kann die Arbeit mit D\u00e9sir\u00e9e Meiser, die mich auch in k\u00fcnstlerischen Fragestellungen abholen konnte, w\u00e4rmstens empfehlen<b>.<\/b>\u00bb<\/p>\n<p>G.C. Klientin, Musikschaffende<\/p>\n<p><\/p>\n<\/div>\n<div class=\"default-style\">As an artist, there are many moments when we have issues what don&rsquo;t allow us focus on our work, because of our fears and traumas. Working with D\u00e9sir\u00e9e, someone with enormous empathy, helps you to decipher those chapters and find a better balance with yourself, which allows you to focus better and enjoy your artwork more.<br>Totally grateful!<\/div>\n<div class=\"default-style\">&nbsp;<\/div>\n<div class=\"default-style\">R.M. musician \/ performer<\/div>\t\t\t\t\t\t\t\t<\/div>\n\t\t\t\t\t<\/div>\n\t\t\t\t<\/div>\n\t\t\t\t<\/div>\n\t\t","protected":false},"excerpt":{"rendered":"<p>\u00abDas Coaching bei D\u00e9sir\u00e9e hat mich auf verschiedenen Ebenen in einem Moment der Neustrukturierung meiner beruflichen Perspektive unterst\u00fctzt. Es half mir, immer wieder eine zuversichtliche und produktive Sicht zu erlangen. Vor dem Coaching haben dr\u00e4ngende Fragen und Sorgen um die Zukunft meinen Blick auf das verstellt, was nun in das Zentrum meiner Aufmerksamkeit ger\u00fcckt ist.&hellip;&nbsp;<a href=\"https:\/\/desireemeiser-coaching-beratung.com\/fr\/testimonials\/\" rel=\"bookmark\">Read More &raquo;<span class=\"screen-reader-text\">Testimonials<\/span><\/a><\/p>\n","protected":false},"author":1,"featured_media":0,"parent":0,"menu_order":0,"comment_status":"closed","ping_status":"closed","template":"page-templates\/template-pagebuilder-full-width.php","meta":{"neve_meta_sidebar":"","neve_meta_container":"","neve_meta_enable_content_width":"on","neve_meta_content_width":100,"neve_meta_title_alignment":"","neve_meta_author_avatar":"","neve_post_elements_order":"","neve_meta_disable_header":"","neve_meta_disable_footer":"","neve_meta_disable_title":"on","neve_meta_reading_time":"","footnotes":""},"class_list":["post-1842","page","type-page","status-publish","hentry"],"yoast_head":"<!-- This site is optimized with the Yoast SEO plugin v26.6 - https:\/\/yoast.com\/wordpress\/plugins\/seo\/ -->\n<title>Testimonials - D\u00e9sir\u00e9e Meiser<\/title>\n<meta name=\"robots\" content=\"index, follow, max-snippet:-1, max-image-preview:large, max-video-preview:-1\" \/>\n<link rel=\"canonical\" href=\"https:\/\/desireemeiser-coaching-beratung.com\/fr\/testimonials\/\" \/>\n<meta property=\"og:locale\" content=\"fr_FR\" \/>\n<meta property=\"og:type\" content=\"article\" \/>\n<meta property=\"og:title\" content=\"Testimonials - D\u00e9sir\u00e9e Meiser\" \/>\n<meta property=\"og:description\" content=\"\u00abDas Coaching bei D\u00e9sir\u00e9e hat mich auf verschiedenen Ebenen in einem Moment der Neustrukturierung meiner beruflichen Perspektive unterst\u00fctzt. Es half mir, immer wieder eine zuversichtliche und produktive Sicht zu erlangen. Vor dem Coaching haben dr\u00e4ngende Fragen und Sorgen um die Zukunft meinen Blick auf das verstellt, was nun in das Zentrum meiner Aufmerksamkeit ger\u00fcckt ist.&hellip;&nbsp;Read More &raquo;Testimonials\" \/>\n<meta property=\"og:url\" content=\"https:\/\/desireemeiser-coaching-beratung.com\/fr\/testimonials\/\" \/>\n<meta property=\"og:site_name\" content=\"D\u00e9sir\u00e9e Meiser\" \/>\n<meta property=\"article:modified_time\" content=\"2025-05-26T19:01:33+00:00\" \/>\n<meta name=\"twitter:card\" content=\"summary_large_image\" \/>\n<meta name=\"twitter:label1\" content=\"Dur\u00e9e de lecture estim\u00e9e\" \/>\n\t<meta name=\"twitter:data1\" content=\"3 minutes\" \/>\n<script type=\"application\/ld+json\" class=\"yoast-schema-graph\">{\"@context\":\"https:\/\/schema.org\",\"@graph\":[{\"@type\":\"WebPage\",\"@id\":\"https:\/\/desireemeiser-coaching-beratung.com\/fr\/testimonials\/\",\"url\":\"https:\/\/desireemeiser-coaching-beratung.com\/fr\/testimonials\/\",\"name\":\"Testimonials - D\u00e9sir\u00e9e Meiser\",\"isPartOf\":{\"@id\":\"https:\/\/desireemeiser-coaching-beratung.com\/fr\/#website\"},\"datePublished\":\"2024-11-18T13:45:16+00:00\",\"dateModified\":\"2025-05-26T19:01:33+00:00\",\"breadcrumb\":{\"@id\":\"https:\/\/desireemeiser-coaching-beratung.com\/fr\/testimonials\/#breadcrumb\"},\"inLanguage\":\"fr-FR\",\"potentialAction\":[{\"@type\":\"ReadAction\",\"target\":[\"https:\/\/desireemeiser-coaching-beratung.com\/fr\/testimonials\/\"]}]},{\"@type\":\"BreadcrumbList\",\"@id\":\"https:\/\/desireemeiser-coaching-beratung.com\/fr\/testimonials\/#breadcrumb\",\"itemListElement\":[{\"@type\":\"ListItem\",\"position\":1,\"name\":\"Startseite\",\"item\":\"https:\/\/desireemeiser-coaching-beratung.com\/fr\/\"},{\"@type\":\"ListItem\",\"position\":2,\"name\":\"Testimonials\"}]},{\"@type\":\"WebSite\",\"@id\":\"https:\/\/desireemeiser-coaching-beratung.com\/fr\/#website\",\"url\":\"https:\/\/desireemeiser-coaching-beratung.com\/fr\/\",\"name\":\"D\u00e9sir\u00e9e Meiser\",\"description\":\"Coaching &amp; Beratung\",\"potentialAction\":[{\"@type\":\"SearchAction\",\"target\":{\"@type\":\"EntryPoint\",\"urlTemplate\":\"https:\/\/desireemeiser-coaching-beratung.com\/fr\/?s={search_term_string}\"},\"query-input\":{\"@type\":\"PropertyValueSpecification\",\"valueRequired\":true,\"valueName\":\"search_term_string\"}}],\"inLanguage\":\"fr-FR\"}]}<\/script>\n<!-- \/ Yoast SEO plugin. -->","yoast_head_json":{"title":"Testimonials - D\u00e9sir\u00e9e Meiser","robots":{"index":"index","follow":"follow","max-snippet":"max-snippet:-1","max-image-preview":"max-image-preview:large","max-video-preview":"max-video-preview:-1"},"canonical":"https:\/\/desireemeiser-coaching-beratung.com\/fr\/testimonials\/","og_locale":"fr_FR","og_type":"article","og_title":"Testimonials - D\u00e9sir\u00e9e Meiser","og_description":"\u00abDas Coaching bei D\u00e9sir\u00e9e hat mich auf verschiedenen Ebenen in einem Moment der Neustrukturierung meiner beruflichen Perspektive unterst\u00fctzt. Es half mir, immer wieder eine zuversichtliche und produktive Sicht zu erlangen. Vor dem Coaching haben dr\u00e4ngende Fragen und Sorgen um die Zukunft meinen Blick auf das verstellt, was nun in das Zentrum meiner Aufmerksamkeit ger\u00fcckt ist.&hellip;&nbsp;Read More &raquo;Testimonials","og_url":"https:\/\/desireemeiser-coaching-beratung.com\/fr\/testimonials\/","og_site_name":"D\u00e9sir\u00e9e Meiser","article_modified_time":"2025-05-26T19:01:33+00:00","twitter_card":"summary_large_image","twitter_misc":{"Dur\u00e9e de lecture estim\u00e9e":"3 minutes"},"schema":{"@context":"https:\/\/schema.org","@graph":[{"@type":"WebPage","@id":"https:\/\/desireemeiser-coaching-beratung.com\/fr\/testimonials\/","url":"https:\/\/desireemeiser-coaching-beratung.com\/fr\/testimonials\/","name":"Testimonials - D\u00e9sir\u00e9e Meiser","isPartOf":{"@id":"https:\/\/desireemeiser-coaching-beratung.com\/fr\/#website"},"datePublished":"2024-11-18T13:45:16+00:00","dateModified":"2025-05-26T19:01:33+00:00","breadcrumb":{"@id":"https:\/\/desireemeiser-coaching-beratung.com\/fr\/testimonials\/#breadcrumb"},"inLanguage":"fr-FR","potentialAction":[{"@type":"ReadAction","target":["https:\/\/desireemeiser-coaching-beratung.com\/fr\/testimonials\/"]}]},{"@type":"BreadcrumbList","@id":"https:\/\/desireemeiser-coaching-beratung.com\/fr\/testimonials\/#breadcrumb","itemListElement":[{"@type":"ListItem","position":1,"name":"Startseite","item":"https:\/\/desireemeiser-coaching-beratung.com\/fr\/"},{"@type":"ListItem","position":2,"name":"Testimonials"}]},{"@type":"WebSite","@id":"https:\/\/desireemeiser-coaching-beratung.com\/fr\/#website","url":"https:\/\/desireemeiser-coaching-beratung.com\/fr\/","name":"D\u00e9sir\u00e9e Meiser","description":"Coaching &amp; Beratung","potentialAction":[{"@type":"SearchAction","target":{"@type":"EntryPoint","urlTemplate":"https:\/\/desireemeiser-coaching-beratung.com\/fr\/?s={search_term_string}"},"query-input":{"@type":"PropertyValueSpecification","valueRequired":true,"valueName":"search_term_string"}}],"inLanguage":"fr-FR"}]}},"_links":{"self":[{"href":"https:\/\/desireemeiser-coaching-beratung.com\/fr\/wp-json\/wp\/v2\/pages\/1842","targetHints":{"allow":["GET"]}}],"collection":[{"href":"https:\/\/desireemeiser-coaching-beratung.com\/fr\/wp-json\/wp\/v2\/pages"}],"about":[{"href":"https:\/\/desireemeiser-coaching-beratung.com\/fr\/wp-json\/wp\/v2\/types\/page"}],"author":[{"embeddable":true,"href":"https:\/\/desireemeiser-coaching-beratung.com\/fr\/wp-json\/wp\/v2\/users\/1"}],"replies":[{"embeddable":true,"href":"https:\/\/desireemeiser-coaching-beratung.com\/fr\/wp-json\/wp\/v2\/comments?post=1842"}],"version-history":[{"count":7,"href":"https:\/\/desireemeiser-coaching-beratung.com\/fr\/wp-json\/wp\/v2\/pages\/1842\/revisions"}],"predecessor-version":[{"id":2440,"href":"https:\/\/desireemeiser-coaching-beratung.com\/fr\/wp-json\/wp\/v2\/pages\/1842\/revisions\/2440"}],"wp:attachment":[{"href":"https:\/\/desireemeiser-coaching-beratung.com\/fr\/wp-json\/wp\/v2\/media?parent=1842"}],"curies":[{"name":"wp","href":"https:\/\/api.w.org\/{rel}","templated":true}]}}