{"id":1866,"date":"2024-11-19T19:21:56","date_gmt":"2024-11-19T19:21:56","guid":{"rendered":"https:\/\/desireemeiser-coaching-beratung.com\/an-wen-richtet-sich-das-wertorientierte-systemische-coaching-2\/"},"modified":"2025-05-26T18:46:04","modified_gmt":"2025-05-26T18:46:04","slug":"a-qui-sadresse-le-coaching-systemique-oriente-sur-les-valeurs","status":"publish","type":"page","link":"https:\/\/desireemeiser-coaching-beratung.com\/fr\/a-qui-sadresse-le-coaching-systemique-oriente-sur-les-valeurs\/","title":{"rendered":"\u00c0 qui s\u2019adresse le coaching syst\u00e9mique orient\u00e9 sur les valeurs ?"},"content":{"rendered":"\t\t<div data-elementor-type=\"wp-page\" data-elementor-id=\"1866\" class=\"elementor elementor-1866 elementor-1426\" data-elementor-post-type=\"page\">\n\t\t\t\t<div class=\"elementor-element elementor-element-58a156e0 e-con-full e-flex e-con e-parent\" data-id=\"58a156e0\" data-element_type=\"container\">\n\t\t<div class=\"elementor-element elementor-element-4e4a8dc e-flex e-con-boxed e-con e-child\" data-id=\"4e4a8dc\" data-element_type=\"container\">\n\t\t\t\t\t<div class=\"e-con-inner\">\n\t\t\t\t<div class=\"elementor-element elementor-element-7d66d8d elementor-widget elementor-widget-text-editor\" data-id=\"7d66d8d\" data-element_type=\"widget\" data-widget_type=\"text-editor.default\">\n\t\t\t\t\t\t\t\t\t<h2>\u00c0 qui s&rsquo;adresse le coaching syst\u00e9mique orient\u00e9 sur les valeurs ?<\/h2><p>Domaines d&rsquo;application les plus fr\u00e9quents :<\/p><ul><li>En cas d\u2019angoisses, d\u2019obstacles ou de blocages<\/li><li>D\u00e9sir de changement<\/li><li>Clarification de situations de vie confuses ou de d\u00e9cisions difficiles<\/li><li>Orientation, par exemple, en ce qui concerne les questions de carri\u00e8re<\/li><li>En cas de situations de conflit, que ce soit au travail ou dans la vie priv\u00e9e<\/li><li>Manque d&rsquo;estime de soi ou de confiance en soi<\/li><li>En cas de probl\u00e8mes dans la relation de couple ou au travail<\/li><li>Gestion du stress<\/li><li>Pr\u00e9vention du burn-out<\/li><\/ul>\t\t\t\t\t\t\t\t<\/div>\n\t\t\t\t<div class=\"elementor-element elementor-element-800b074 elementor-widget elementor-widget-text-editor\" data-id=\"800b074\" data-element_type=\"widget\" data-widget_type=\"text-editor.default\">\n\t\t\t\t\t\t\t\t\t<p>Le coaching syst\u00e9mique orient\u00e9 vers la valeur nous aide \u00e0 d\u00e9couvrir ce qui est vraiment important. Il cr\u00e9e des acc\u00e8s \u00e0 notre syst\u00e8me le plus profond et nous permet de lever des blocages, des peurs ou des anciens sch\u00e9mas et de nous reconnecter \u00e0 nos ressources.<\/p>\t\t\t\t\t\t\t\t<\/div>\n\t\t\t\t<div class=\"elementor-element elementor-element-f33d6d7 elementor-widget elementor-widget-text-editor\" data-id=\"f33d6d7\" data-element_type=\"widget\" data-widget_type=\"text-editor.default\">\n\t\t\t\t\t\t\t\t\t<p>Je travaille avec le St. Galler Coachingmodell (SCM)\u00ae qui comprend 5 dimensions et qui se termine en maximum<br \/>10 s\u00e9ances de 90 minutes. Il est \u00e9galement possible de travailler avec des processus \u00e0 court terme<br \/>qui fournissent une aide imm\u00e9diate et orient\u00e9e vers les solutions dans des situations difficiles.<br \/>Lors de notre premi\u00e8re rencontre, nous clarifions le chemin que nous allons emprunter ensemble.<\/p>\t\t\t\t\t\t\t\t<\/div>\n\t\t\t\t<div class=\"elementor-element elementor-element-23ba2c3 elementor-widget elementor-widget-text-editor\" data-id=\"23ba2c3\" data-element_type=\"widget\" data-widget_type=\"text-editor.default\">\n\t\t\t\t\t\t\t\t\t<p><span style=\"text-align: var(--text-align); font-family: var(--bodyfontfamily),var(--nv-fallback-ff); font-size: var(--bodyfontsize); letter-spacing: var(--bodyletterspacing); text-transform: var(--bodytexttransform);\">Avez-vous le souhait d&rsquo;un changement personnel ou professionnel, mais ne savez pas par o\u00f9 commencer ? <\/span>\u00cates-vous dans une impasse \u00e9motionnelle dont vous ne pouvez pas sortir ? \u00cates-vous constamment stress\u00e9 et submerg\u00e9 par le sentiment de ne pas pouvoir r\u00e9pondre aux exigences de la vie quotidienne ? Ressentez-vous des angoisses ? Voulez-vous mieux comprendre vos habitudes ou vos sch\u00e9mas comportementaux et les optimiser ou les changer par des approches constructives ? Souhaitez-vous apprendre \u00e0 exploiter votre potentiel pour le transformer en force ? Avez-vous le courage d&rsquo;investir en vous-m\u00eame ? Parfois, il suffit juste de faire le premier pas.<\/p>\t\t\t\t\t\t\t\t<\/div>\n\t\t\t\t\t<\/div>\n\t\t\t\t<\/div>\n\t\t\t\t<\/div>\n\t\t\t\t<\/div>\n\t\t","protected":false},"excerpt":{"rendered":"<p>\u00c0 qui s&rsquo;adresse le coaching syst\u00e9mique orient\u00e9 sur les valeurs ? Domaines d&rsquo;application les plus fr\u00e9quents : En cas d\u2019angoisses, d\u2019obstacles ou de blocages D\u00e9sir de changement Clarification de situations de vie confuses ou de d\u00e9cisions difficiles Orientation, par exemple, en ce qui concerne les questions de carri\u00e8re En cas de situations de conflit, que&hellip;&nbsp;<a href=\"https:\/\/desireemeiser-coaching-beratung.com\/fr\/a-qui-sadresse-le-coaching-systemique-oriente-sur-les-valeurs\/\" rel=\"bookmark\">Read More &raquo;<span class=\"screen-reader-text\">\u00c0 qui s\u2019adresse le coaching syst\u00e9mique orient\u00e9 sur les valeurs ?<\/span><\/a><\/p>\n","protected":false},"author":1,"featured_media":0,"parent":0,"menu_order":0,"comment_status":"closed","ping_status":"closed","template":"page-templates\/template-pagebuilder-full-width.php","meta":{"neve_meta_sidebar":"","neve_meta_container":"","neve_meta_enable_content_width":"on","neve_meta_content_width":100,"neve_meta_title_alignment":"","neve_meta_author_avatar":"","neve_post_elements_order":"","neve_meta_disable_header":"","neve_meta_disable_footer":"","neve_meta_disable_title":"on","neve_meta_reading_time":"","footnotes":""},"class_list":["post-1866","page","type-page","status-publish","hentry"],"yoast_head":"<!-- This site is optimized with the Yoast SEO plugin v26.6 - https:\/\/yoast.com\/wordpress\/plugins\/seo\/ -->\n<title>\u00c0 qui s\u2019adresse le coaching syst\u00e9mique orient\u00e9 sur les valeurs ? - D\u00e9sir\u00e9e Meiser<\/title>\n<meta name=\"robots\" content=\"index, follow, max-snippet:-1, max-image-preview:large, max-video-preview:-1\" \/>\n<link rel=\"canonical\" href=\"https:\/\/desireemeiser-coaching-beratung.com\/fr\/a-qui-sadresse-le-coaching-systemique-oriente-sur-les-valeurs\/\" \/>\n<meta property=\"og:locale\" content=\"fr_FR\" \/>\n<meta property=\"og:type\" content=\"article\" \/>\n<meta property=\"og:title\" content=\"\u00c0 qui s\u2019adresse le coaching syst\u00e9mique orient\u00e9 sur les valeurs ? - D\u00e9sir\u00e9e Meiser\" \/>\n<meta property=\"og:description\" content=\"\u00c0 qui s&rsquo;adresse le coaching syst\u00e9mique orient\u00e9 sur les valeurs ? Domaines d&rsquo;application les plus fr\u00e9quents : En cas d\u2019angoisses, d\u2019obstacles ou de blocages D\u00e9sir de changement Clarification de situations de vie confuses ou de d\u00e9cisions difficiles Orientation, par exemple, en ce qui concerne les questions de carri\u00e8re En cas de situations de conflit, que&hellip;&nbsp;Read More &raquo;\u00c0 qui s\u2019adresse le coaching syst\u00e9mique orient\u00e9 sur les valeurs ?\" \/>\n<meta property=\"og:url\" content=\"https:\/\/desireemeiser-coaching-beratung.com\/fr\/a-qui-sadresse-le-coaching-systemique-oriente-sur-les-valeurs\/\" \/>\n<meta property=\"og:site_name\" content=\"D\u00e9sir\u00e9e Meiser\" \/>\n<meta property=\"article:modified_time\" content=\"2025-05-26T18:46:04+00:00\" \/>\n<meta name=\"twitter:card\" content=\"summary_large_image\" \/>\n<meta name=\"twitter:label1\" content=\"Dur\u00e9e de lecture estim\u00e9e\" \/>\n\t<meta name=\"twitter:data1\" content=\"2 minutes\" \/>\n<script type=\"application\/ld+json\" class=\"yoast-schema-graph\">{\"@context\":\"https:\/\/schema.org\",\"@graph\":[{\"@type\":\"WebPage\",\"@id\":\"https:\/\/desireemeiser-coaching-beratung.com\/fr\/a-qui-sadresse-le-coaching-systemique-oriente-sur-les-valeurs\/\",\"url\":\"https:\/\/desireemeiser-coaching-beratung.com\/fr\/a-qui-sadresse-le-coaching-systemique-oriente-sur-les-valeurs\/\",\"name\":\"\u00c0 qui s\u2019adresse le coaching syst\u00e9mique orient\u00e9 sur les valeurs ? - D\u00e9sir\u00e9e Meiser\",\"isPartOf\":{\"@id\":\"https:\/\/desireemeiser-coaching-beratung.com\/fr\/#website\"},\"datePublished\":\"2024-11-19T19:21:56+00:00\",\"dateModified\":\"2025-05-26T18:46:04+00:00\",\"breadcrumb\":{\"@id\":\"https:\/\/desireemeiser-coaching-beratung.com\/fr\/a-qui-sadresse-le-coaching-systemique-oriente-sur-les-valeurs\/#breadcrumb\"},\"inLanguage\":\"fr-FR\",\"potentialAction\":[{\"@type\":\"ReadAction\",\"target\":[\"https:\/\/desireemeiser-coaching-beratung.com\/fr\/a-qui-sadresse-le-coaching-systemique-oriente-sur-les-valeurs\/\"]}]},{\"@type\":\"BreadcrumbList\",\"@id\":\"https:\/\/desireemeiser-coaching-beratung.com\/fr\/a-qui-sadresse-le-coaching-systemique-oriente-sur-les-valeurs\/#breadcrumb\",\"itemListElement\":[{\"@type\":\"ListItem\",\"position\":1,\"name\":\"Startseite\",\"item\":\"https:\/\/desireemeiser-coaching-beratung.com\/fr\/\"},{\"@type\":\"ListItem\",\"position\":2,\"name\":\"\u00c0 qui s\u2019adresse le coaching syst\u00e9mique orient\u00e9 sur les valeurs ?\"}]},{\"@type\":\"WebSite\",\"@id\":\"https:\/\/desireemeiser-coaching-beratung.com\/fr\/#website\",\"url\":\"https:\/\/desireemeiser-coaching-beratung.com\/fr\/\",\"name\":\"D\u00e9sir\u00e9e Meiser\",\"description\":\"Coaching &amp; Beratung\",\"potentialAction\":[{\"@type\":\"SearchAction\",\"target\":{\"@type\":\"EntryPoint\",\"urlTemplate\":\"https:\/\/desireemeiser-coaching-beratung.com\/fr\/?s={search_term_string}\"},\"query-input\":{\"@type\":\"PropertyValueSpecification\",\"valueRequired\":true,\"valueName\":\"search_term_string\"}}],\"inLanguage\":\"fr-FR\"}]}<\/script>\n<!-- \/ Yoast SEO plugin. -->","yoast_head_json":{"title":"\u00c0 qui s\u2019adresse le coaching syst\u00e9mique orient\u00e9 sur les valeurs ? - D\u00e9sir\u00e9e Meiser","robots":{"index":"index","follow":"follow","max-snippet":"max-snippet:-1","max-image-preview":"max-image-preview:large","max-video-preview":"max-video-preview:-1"},"canonical":"https:\/\/desireemeiser-coaching-beratung.com\/fr\/a-qui-sadresse-le-coaching-systemique-oriente-sur-les-valeurs\/","og_locale":"fr_FR","og_type":"article","og_title":"\u00c0 qui s\u2019adresse le coaching syst\u00e9mique orient\u00e9 sur les valeurs ? - D\u00e9sir\u00e9e Meiser","og_description":"\u00c0 qui s&rsquo;adresse le coaching syst\u00e9mique orient\u00e9 sur les valeurs ? Domaines d&rsquo;application les plus fr\u00e9quents : En cas d\u2019angoisses, d\u2019obstacles ou de blocages D\u00e9sir de changement Clarification de situations de vie confuses ou de d\u00e9cisions difficiles Orientation, par exemple, en ce qui concerne les questions de carri\u00e8re En cas de situations de conflit, que&hellip;&nbsp;Read More &raquo;\u00c0 qui s\u2019adresse le coaching syst\u00e9mique orient\u00e9 sur les valeurs ?","og_url":"https:\/\/desireemeiser-coaching-beratung.com\/fr\/a-qui-sadresse-le-coaching-systemique-oriente-sur-les-valeurs\/","og_site_name":"D\u00e9sir\u00e9e Meiser","article_modified_time":"2025-05-26T18:46:04+00:00","twitter_card":"summary_large_image","twitter_misc":{"Dur\u00e9e de lecture estim\u00e9e":"2 minutes"},"schema":{"@context":"https:\/\/schema.org","@graph":[{"@type":"WebPage","@id":"https:\/\/desireemeiser-coaching-beratung.com\/fr\/a-qui-sadresse-le-coaching-systemique-oriente-sur-les-valeurs\/","url":"https:\/\/desireemeiser-coaching-beratung.com\/fr\/a-qui-sadresse-le-coaching-systemique-oriente-sur-les-valeurs\/","name":"\u00c0 qui s\u2019adresse le coaching syst\u00e9mique orient\u00e9 sur les valeurs ? - D\u00e9sir\u00e9e Meiser","isPartOf":{"@id":"https:\/\/desireemeiser-coaching-beratung.com\/fr\/#website"},"datePublished":"2024-11-19T19:21:56+00:00","dateModified":"2025-05-26T18:46:04+00:00","breadcrumb":{"@id":"https:\/\/desireemeiser-coaching-beratung.com\/fr\/a-qui-sadresse-le-coaching-systemique-oriente-sur-les-valeurs\/#breadcrumb"},"inLanguage":"fr-FR","potentialAction":[{"@type":"ReadAction","target":["https:\/\/desireemeiser-coaching-beratung.com\/fr\/a-qui-sadresse-le-coaching-systemique-oriente-sur-les-valeurs\/"]}]},{"@type":"BreadcrumbList","@id":"https:\/\/desireemeiser-coaching-beratung.com\/fr\/a-qui-sadresse-le-coaching-systemique-oriente-sur-les-valeurs\/#breadcrumb","itemListElement":[{"@type":"ListItem","position":1,"name":"Startseite","item":"https:\/\/desireemeiser-coaching-beratung.com\/fr\/"},{"@type":"ListItem","position":2,"name":"\u00c0 qui s\u2019adresse le coaching syst\u00e9mique orient\u00e9 sur les valeurs ?"}]},{"@type":"WebSite","@id":"https:\/\/desireemeiser-coaching-beratung.com\/fr\/#website","url":"https:\/\/desireemeiser-coaching-beratung.com\/fr\/","name":"D\u00e9sir\u00e9e Meiser","description":"Coaching &amp; Beratung","potentialAction":[{"@type":"SearchAction","target":{"@type":"EntryPoint","urlTemplate":"https:\/\/desireemeiser-coaching-beratung.com\/fr\/?s={search_term_string}"},"query-input":{"@type":"PropertyValueSpecification","valueRequired":true,"valueName":"search_term_string"}}],"inLanguage":"fr-FR"}]}},"_links":{"self":[{"href":"https:\/\/desireemeiser-coaching-beratung.com\/fr\/wp-json\/wp\/v2\/pages\/1866","targetHints":{"allow":["GET"]}}],"collection":[{"href":"https:\/\/desireemeiser-coaching-beratung.com\/fr\/wp-json\/wp\/v2\/pages"}],"about":[{"href":"https:\/\/desireemeiser-coaching-beratung.com\/fr\/wp-json\/wp\/v2\/types\/page"}],"author":[{"embeddable":true,"href":"https:\/\/desireemeiser-coaching-beratung.com\/fr\/wp-json\/wp\/v2\/users\/1"}],"replies":[{"embeddable":true,"href":"https:\/\/desireemeiser-coaching-beratung.com\/fr\/wp-json\/wp\/v2\/comments?post=1866"}],"version-history":[{"count":11,"href":"https:\/\/desireemeiser-coaching-beratung.com\/fr\/wp-json\/wp\/v2\/pages\/1866\/revisions"}],"predecessor-version":[{"id":2380,"href":"https:\/\/desireemeiser-coaching-beratung.com\/fr\/wp-json\/wp\/v2\/pages\/1866\/revisions\/2380"}],"wp:attachment":[{"href":"https:\/\/desireemeiser-coaching-beratung.com\/fr\/wp-json\/wp\/v2\/media?parent=1866"}],"curies":[{"name":"wp","href":"https:\/\/api.w.org\/{rel}","templated":true}]}}