{"id":1889,"date":"2024-11-20T10:38:42","date_gmt":"2024-11-20T10:38:42","guid":{"rendered":"https:\/\/desireemeiser-coaching-beratung.com\/?page_id=1889"},"modified":"2025-05-26T18:49:22","modified_gmt":"2025-05-26T18:49:22","slug":"coaching-consultation-et-mentorat-pour-les-professionnels-de-la-musique-et-du-theatre","status":"publish","type":"page","link":"https:\/\/desireemeiser-coaching-beratung.com\/fr\/coaching-consultation-et-mentorat-pour-les-professionnels-de-la-musique-et-du-theatre\/","title":{"rendered":"Coaching, Consulting, and Mentoring for Music and Theater Professionals"},"content":{"rendered":"\t\t<div data-elementor-type=\"wp-page\" data-elementor-id=\"1889\" class=\"elementor elementor-1889 elementor-1592\" data-elementor-post-type=\"page\">\n\t\t\t\t<div class=\"elementor-element elementor-element-58a156e0 e-con-full e-flex e-con e-parent\" data-id=\"58a156e0\" data-element_type=\"container\">\n\t\t<div class=\"elementor-element elementor-element-4e4a8dc e-flex e-con-boxed e-con e-child\" data-id=\"4e4a8dc\" data-element_type=\"container\">\n\t\t\t\t\t<div class=\"e-con-inner\">\n\t\t\t\t<div class=\"elementor-element elementor-element-7d66d8d elementor-widget elementor-widget-text-editor\" data-id=\"7d66d8d\" data-element_type=\"widget\" data-widget_type=\"text-editor.default\">\n\t\t\t\t\t\t\t\t\t<h2>Coaching, Consultation et Mentorat pour les Professionnels de la Musique et du Th\u00e9\u00e2tre<\/h2><p>\u00c0 travers mes nombreuses ann\u00e9es d&rsquo;exp\u00e9rience en tant que directeur artistique du Gare du Nord et mon vaste parcours en tant qu&rsquo;artiste, j&rsquo;ai une compr\u00e9hension profonde des enjeux et des pr\u00e9occupations rencontr\u00e9s par les cr\u00e9atifs dans les domaines de la musique et du th\u00e9\u00e2tre.<\/p><p>Depuis plusieurs ann\u00e9es, j&rsquo;ai travaill\u00e9 comme mentor pour de jeunes \u00e9tudiants \u00e0 l&rsquo;Universit\u00e9 de Musique FHNW, acqu\u00e9rant de profondes connaissances sur les d\u00e9fis potentiels et les pressions qui peuvent accompagner ce parcours. Les sujets les plus courants incluent la peur de la sc\u00e8ne, les difficult\u00e9s \u00e0 g\u00e9rer la pression, les questions li\u00e9es \u00e0 la carri\u00e8re, les angoisses et les probl\u00e8mes d&rsquo;estime de soi.<\/p><p>En plus du Mod\u00e8le de Coaching de St. Gallen, qui aborde divers probl\u00e8mes et pr\u00e9occupations au cours d&rsquo;un processus de 8 \u00e0 10 sessions, j&rsquo;offre \u00e9galement des processus \u00e0 court terme pour des solutions rapides et efficaces aux probl\u00e8mes. Je suis disponible en tant que mentor pour le soutien de projets ou en tant que consultant concernant des questions professionnelles ou personnelles. Ensemble avec mes clients, je d\u00e9termine l&rsquo;approche qui convient le mieux \u00e0 leurs besoins individuels lors d&rsquo;une conversation pr\u00e9paratoire personnelle.<\/p><p>Les sessions peuvent \u00eatre r\u00e9alis\u00e9es en allemand, en anglais, en fran\u00e7ais ou en espagnol.<\/p><p>\u00a0<\/p><h2>Articles Int\u00e9ressants sur ce Sujet<\/h2><p><a href=\"https:\/\/van-magazin.de\/mag\/petra-kessler\/\">Interview avec la Coach et Entra\u00eeneuse Mentale Petra Kessler<\/a><\/p><p><a href=\"https:\/\/van-magazin.de\/mag\/daniel-scholz-professur-musizierendengesundheit-luebeck\/?fbclid=IwAR2_v3hV4C1xiyLbtT3ni0kyWMesMA8Wf27gMMbLASyknzYi4ijfOJXK-ms\" target=\"_blank\" rel=\"noopener\">Interview avec Daniel Sebastian Scholz<\/a><\/p>\t\t\t\t\t\t\t\t<\/div>\n\t\t\t\t\t<\/div>\n\t\t\t\t<\/div>\n\t\t\t\t<\/div>\n\t\t\t\t<\/div>\n\t\t","protected":false},"excerpt":{"rendered":"<p>Coaching, Consultation et Mentorat pour les Professionnels de la Musique et du Th\u00e9\u00e2tre \u00c0 travers mes nombreuses ann\u00e9es d&rsquo;exp\u00e9rience en tant que directeur artistique du Gare du Nord et mon vaste parcours en tant qu&rsquo;artiste, j&rsquo;ai une compr\u00e9hension profonde des enjeux et des pr\u00e9occupations rencontr\u00e9s par les cr\u00e9atifs dans les domaines de la musique et&hellip;&nbsp;<a href=\"https:\/\/desireemeiser-coaching-beratung.com\/fr\/coaching-consultation-et-mentorat-pour-les-professionnels-de-la-musique-et-du-theatre\/\" rel=\"bookmark\">Read More &raquo;<span class=\"screen-reader-text\">Coaching, Consulting, and Mentoring for Music and Theater Professionals<\/span><\/a><\/p>\n","protected":false},"author":1,"featured_media":0,"parent":0,"menu_order":0,"comment_status":"closed","ping_status":"closed","template":"page-templates\/template-pagebuilder-full-width.php","meta":{"neve_meta_sidebar":"","neve_meta_container":"","neve_meta_enable_content_width":"on","neve_meta_content_width":100,"neve_meta_title_alignment":"","neve_meta_author_avatar":"","neve_post_elements_order":"","neve_meta_disable_header":"","neve_meta_disable_footer":"","neve_meta_disable_title":"on","neve_meta_reading_time":"","footnotes":""},"class_list":["post-1889","page","type-page","status-publish","hentry"],"yoast_head":"<!-- This site is optimized with the Yoast SEO plugin v26.6 - https:\/\/yoast.com\/wordpress\/plugins\/seo\/ -->\n<title>Coaching, Consulting, and Mentoring for Music and Theater Professionals - D\u00e9sir\u00e9e Meiser<\/title>\n<meta name=\"robots\" content=\"index, follow, max-snippet:-1, max-image-preview:large, max-video-preview:-1\" \/>\n<link rel=\"canonical\" href=\"https:\/\/desireemeiser-coaching-beratung.com\/fr\/coaching-consultation-et-mentorat-pour-les-professionnels-de-la-musique-et-du-theatre\/\" \/>\n<meta property=\"og:locale\" content=\"fr_FR\" \/>\n<meta property=\"og:type\" content=\"article\" \/>\n<meta property=\"og:title\" content=\"Coaching, Consulting, and Mentoring for Music and Theater Professionals - D\u00e9sir\u00e9e Meiser\" \/>\n<meta property=\"og:description\" content=\"Coaching, Consultation et Mentorat pour les Professionnels de la Musique et du Th\u00e9\u00e2tre \u00c0 travers mes nombreuses ann\u00e9es d&rsquo;exp\u00e9rience en tant que directeur artistique du Gare du Nord et mon vaste parcours en tant qu&rsquo;artiste, j&rsquo;ai une compr\u00e9hension profonde des enjeux et des pr\u00e9occupations rencontr\u00e9s par les cr\u00e9atifs dans les domaines de la musique et&hellip;&nbsp;Read More &raquo;Coaching, Consulting, and Mentoring for Music and Theater Professionals\" \/>\n<meta property=\"og:url\" content=\"https:\/\/desireemeiser-coaching-beratung.com\/fr\/coaching-consultation-et-mentorat-pour-les-professionnels-de-la-musique-et-du-theatre\/\" \/>\n<meta property=\"og:site_name\" content=\"D\u00e9sir\u00e9e Meiser\" \/>\n<meta property=\"article:modified_time\" content=\"2025-05-26T18:49:22+00:00\" \/>\n<meta name=\"twitter:card\" content=\"summary_large_image\" \/>\n<meta name=\"twitter:label1\" content=\"Dur\u00e9e de lecture estim\u00e9e\" \/>\n\t<meta name=\"twitter:data1\" content=\"2 minutes\" \/>\n<script type=\"application\/ld+json\" class=\"yoast-schema-graph\">{\"@context\":\"https:\/\/schema.org\",\"@graph\":[{\"@type\":\"WebPage\",\"@id\":\"https:\/\/desireemeiser-coaching-beratung.com\/fr\/coaching-consultation-et-mentorat-pour-les-professionnels-de-la-musique-et-du-theatre\/\",\"url\":\"https:\/\/desireemeiser-coaching-beratung.com\/fr\/coaching-consultation-et-mentorat-pour-les-professionnels-de-la-musique-et-du-theatre\/\",\"name\":\"Coaching, Consulting, and Mentoring for Music and Theater Professionals - D\u00e9sir\u00e9e Meiser\",\"isPartOf\":{\"@id\":\"https:\/\/desireemeiser-coaching-beratung.com\/fr\/#website\"},\"datePublished\":\"2024-11-20T10:38:42+00:00\",\"dateModified\":\"2025-05-26T18:49:22+00:00\",\"breadcrumb\":{\"@id\":\"https:\/\/desireemeiser-coaching-beratung.com\/fr\/coaching-consultation-et-mentorat-pour-les-professionnels-de-la-musique-et-du-theatre\/#breadcrumb\"},\"inLanguage\":\"fr-FR\",\"potentialAction\":[{\"@type\":\"ReadAction\",\"target\":[\"https:\/\/desireemeiser-coaching-beratung.com\/fr\/coaching-consultation-et-mentorat-pour-les-professionnels-de-la-musique-et-du-theatre\/\"]}]},{\"@type\":\"BreadcrumbList\",\"@id\":\"https:\/\/desireemeiser-coaching-beratung.com\/fr\/coaching-consultation-et-mentorat-pour-les-professionnels-de-la-musique-et-du-theatre\/#breadcrumb\",\"itemListElement\":[{\"@type\":\"ListItem\",\"position\":1,\"name\":\"Startseite\",\"item\":\"https:\/\/desireemeiser-coaching-beratung.com\/fr\/\"},{\"@type\":\"ListItem\",\"position\":2,\"name\":\"Coaching, Consulting, and Mentoring for Music and Theater Professionals\"}]},{\"@type\":\"WebSite\",\"@id\":\"https:\/\/desireemeiser-coaching-beratung.com\/fr\/#website\",\"url\":\"https:\/\/desireemeiser-coaching-beratung.com\/fr\/\",\"name\":\"D\u00e9sir\u00e9e Meiser\",\"description\":\"Coaching &amp; Beratung\",\"potentialAction\":[{\"@type\":\"SearchAction\",\"target\":{\"@type\":\"EntryPoint\",\"urlTemplate\":\"https:\/\/desireemeiser-coaching-beratung.com\/fr\/?s={search_term_string}\"},\"query-input\":{\"@type\":\"PropertyValueSpecification\",\"valueRequired\":true,\"valueName\":\"search_term_string\"}}],\"inLanguage\":\"fr-FR\"}]}<\/script>\n<!-- \/ Yoast SEO plugin. -->","yoast_head_json":{"title":"Coaching, Consulting, and Mentoring for Music and Theater Professionals - D\u00e9sir\u00e9e Meiser","robots":{"index":"index","follow":"follow","max-snippet":"max-snippet:-1","max-image-preview":"max-image-preview:large","max-video-preview":"max-video-preview:-1"},"canonical":"https:\/\/desireemeiser-coaching-beratung.com\/fr\/coaching-consultation-et-mentorat-pour-les-professionnels-de-la-musique-et-du-theatre\/","og_locale":"fr_FR","og_type":"article","og_title":"Coaching, Consulting, and Mentoring for Music and Theater Professionals - D\u00e9sir\u00e9e Meiser","og_description":"Coaching, Consultation et Mentorat pour les Professionnels de la Musique et du Th\u00e9\u00e2tre \u00c0 travers mes nombreuses ann\u00e9es d&rsquo;exp\u00e9rience en tant que directeur artistique du Gare du Nord et mon vaste parcours en tant qu&rsquo;artiste, j&rsquo;ai une compr\u00e9hension profonde des enjeux et des pr\u00e9occupations rencontr\u00e9s par les cr\u00e9atifs dans les domaines de la musique et&hellip;&nbsp;Read More &raquo;Coaching, Consulting, and Mentoring for Music and Theater Professionals","og_url":"https:\/\/desireemeiser-coaching-beratung.com\/fr\/coaching-consultation-et-mentorat-pour-les-professionnels-de-la-musique-et-du-theatre\/","og_site_name":"D\u00e9sir\u00e9e Meiser","article_modified_time":"2025-05-26T18:49:22+00:00","twitter_card":"summary_large_image","twitter_misc":{"Dur\u00e9e de lecture estim\u00e9e":"2 minutes"},"schema":{"@context":"https:\/\/schema.org","@graph":[{"@type":"WebPage","@id":"https:\/\/desireemeiser-coaching-beratung.com\/fr\/coaching-consultation-et-mentorat-pour-les-professionnels-de-la-musique-et-du-theatre\/","url":"https:\/\/desireemeiser-coaching-beratung.com\/fr\/coaching-consultation-et-mentorat-pour-les-professionnels-de-la-musique-et-du-theatre\/","name":"Coaching, Consulting, and Mentoring for Music and Theater Professionals - D\u00e9sir\u00e9e Meiser","isPartOf":{"@id":"https:\/\/desireemeiser-coaching-beratung.com\/fr\/#website"},"datePublished":"2024-11-20T10:38:42+00:00","dateModified":"2025-05-26T18:49:22+00:00","breadcrumb":{"@id":"https:\/\/desireemeiser-coaching-beratung.com\/fr\/coaching-consultation-et-mentorat-pour-les-professionnels-de-la-musique-et-du-theatre\/#breadcrumb"},"inLanguage":"fr-FR","potentialAction":[{"@type":"ReadAction","target":["https:\/\/desireemeiser-coaching-beratung.com\/fr\/coaching-consultation-et-mentorat-pour-les-professionnels-de-la-musique-et-du-theatre\/"]}]},{"@type":"BreadcrumbList","@id":"https:\/\/desireemeiser-coaching-beratung.com\/fr\/coaching-consultation-et-mentorat-pour-les-professionnels-de-la-musique-et-du-theatre\/#breadcrumb","itemListElement":[{"@type":"ListItem","position":1,"name":"Startseite","item":"https:\/\/desireemeiser-coaching-beratung.com\/fr\/"},{"@type":"ListItem","position":2,"name":"Coaching, Consulting, and Mentoring for Music and Theater Professionals"}]},{"@type":"WebSite","@id":"https:\/\/desireemeiser-coaching-beratung.com\/fr\/#website","url":"https:\/\/desireemeiser-coaching-beratung.com\/fr\/","name":"D\u00e9sir\u00e9e Meiser","description":"Coaching &amp; Beratung","potentialAction":[{"@type":"SearchAction","target":{"@type":"EntryPoint","urlTemplate":"https:\/\/desireemeiser-coaching-beratung.com\/fr\/?s={search_term_string}"},"query-input":{"@type":"PropertyValueSpecification","valueRequired":true,"valueName":"search_term_string"}}],"inLanguage":"fr-FR"}]}},"_links":{"self":[{"href":"https:\/\/desireemeiser-coaching-beratung.com\/fr\/wp-json\/wp\/v2\/pages\/1889","targetHints":{"allow":["GET"]}}],"collection":[{"href":"https:\/\/desireemeiser-coaching-beratung.com\/fr\/wp-json\/wp\/v2\/pages"}],"about":[{"href":"https:\/\/desireemeiser-coaching-beratung.com\/fr\/wp-json\/wp\/v2\/types\/page"}],"author":[{"embeddable":true,"href":"https:\/\/desireemeiser-coaching-beratung.com\/fr\/wp-json\/wp\/v2\/users\/1"}],"replies":[{"embeddable":true,"href":"https:\/\/desireemeiser-coaching-beratung.com\/fr\/wp-json\/wp\/v2\/comments?post=1889"}],"version-history":[{"count":7,"href":"https:\/\/desireemeiser-coaching-beratung.com\/fr\/wp-json\/wp\/v2\/pages\/1889\/revisions"}],"predecessor-version":[{"id":2395,"href":"https:\/\/desireemeiser-coaching-beratung.com\/fr\/wp-json\/wp\/v2\/pages\/1889\/revisions\/2395"}],"wp:attachment":[{"href":"https:\/\/desireemeiser-coaching-beratung.com\/fr\/wp-json\/wp\/v2\/media?parent=1889"}],"curies":[{"name":"wp","href":"https:\/\/api.w.org\/{rel}","templated":true}]}}