{"id":189,"date":"2024-10-19T14:09:06","date_gmt":"2024-10-19T14:09:06","guid":{"rendered":"https:\/\/desireemeiser-coaching-beratung.com\/desiree-meiser\/"},"modified":"2025-08-06T12:04:24","modified_gmt":"2025-08-06T12:04:24","slug":"desiree-meiser","status":"publish","type":"page","link":"https:\/\/desireemeiser-coaching-beratung.com\/fr\/desiree-meiser\/","title":{"rendered":"D\u00e9sir\u00e9e Meiser"},"content":{"rendered":"\t\t<div data-elementor-type=\"wp-page\" data-elementor-id=\"189\" class=\"elementor elementor-189 elementor-149\" data-elementor-post-type=\"page\">\n\t\t\t\t<div class=\"elementor-element elementor-element-052102c e-flex e-con-boxed e-con e-parent\" data-id=\"052102c\" data-element_type=\"container\">\n\t\t\t\t\t<div class=\"e-con-inner\">\n\t\t<div class=\"elementor-element elementor-element-ae77b12 e-con-full e-flex e-con e-child\" data-id=\"ae77b12\" data-element_type=\"container\">\n\t\t\t\t<div class=\"elementor-element elementor-element-d6236bd elementor-widget elementor-widget-text-editor\" data-id=\"d6236bd\" data-element_type=\"widget\" data-widget_type=\"text-editor.default\">\n\t\t\t\t\t\t\t\t\t<p class=\"p1\"><b>D\u00e9sir\u00e9e Meiser \u2013 Cr\u00e9er des passerelles entre l&rsquo;art, le coaching et le d\u00e9veloppement personnel<\/b><b><\/b><\/p><p class=\"p1\">D\u00e9sir\u00e9e Meiser tisse des liens gr\u00e2ce \u00e0 son travail, alliant des d\u00e9cennies d&rsquo;exp\u00e9rience en tant qu&rsquo;artiste \u00e0 sa passion d&rsquo;accompagner les individus dans leur d\u00e9veloppement personnel et professionnel. En tant que mentor aguerrie, coach d&rsquo;entreprise et sp\u00e9cialis\u00e9e en syst\u00e9mique, elle guide aujourd&rsquo;hui des personnes confront\u00e9es \u00e0 des situations de vie complexes \u2013 que ce soit dans un cadre priv\u00e9, professionnel ou en chemin vers une carri\u00e8re artistique. Son \u0153uvre se caract\u00e9rise par une compr\u00e9hension approfondie des processus cr\u00e9atifs, une approche bas\u00e9e sur les valeurs et sa capacit\u00e9 \u00e0 inspirer les autres \u00e0 d\u00e9passer leurs propres limites.<\/p><p class=\"p1\">D\u00e9sir\u00e9e Meiser est n\u00e9e \u00e0 K\u00f6nigstein im Taunus (D) et a v\u00e9cu ses premi\u00e8res ann\u00e9es d&rsquo;enfance aux \u00c9tats-Unis (NY). Apr\u00e8s avoir obtenu son baccalaur\u00e9at, elle a \u00e9tudi\u00e9 l&rsquo;histoire et les \u00e9tudes th\u00e9\u00e2trales \u00e0 Berlin, avant de parachever sa formation au Staatliche Hochschule f\u00fcr Schauspielkunst de Hanovre.<\/p><p class=\"p1\">Son premier engagement en tant qu&rsquo;actrice a eu lieu au Staatstheater de Darmstadt, avant qu&rsquo;elle ne soit embauch\u00e9e de fa\u00e7on permanente en 1988 au Theater Basel sous la direction de Frank Baumbauer. Parall\u00e8lement, elle a \u00e9tendu ses comp\u00e9tences artistiques par une formation professionnelle en chant et s&rsquo;est progressivement tourn\u00e9e vers le th\u00e9\u00e2tre musical. Elle a particip\u00e9 \u00e0 de nombreuses productions en tant que chanteuse et interpr\u00e8te, notamment au Th\u00e9\u00e2tre de B\u00e2le.<\/p><p class=\"p1\">En 1993, elle a commenc\u00e9 \u00e0 concevoir et \u00e0 mettre en sc\u00e8ne ses propres projets de th\u00e9\u00e2tre musical, notamment pour le Th\u00e9\u00e2tre de B\u00e2le, l&rsquo;Op\u00e9ra de S\u00e3o Carlos \u00e0 Lisbonne et le Teatro La Fenice \u00e0 Venise. Ces projets ont rapidement mis en lumi\u00e8re sa capacit\u00e9 \u00e0 cr\u00e9er des passerelles cr\u00e9atives et \u00e0 r\u00e9aliser des id\u00e9es novatrices en collaboration avec d&rsquo;autres \u2013 une comp\u00e9tence qui reste essentielle dans son travail actuel en tant que coach.<\/p><p class=\"p1\">En 2002, elle a cofond\u00e9 avec la dramaturge musicale Ute Haferburg \u00ab Gare du Nord \u00bb, une plateforme pour la musique contemporaine \u00e0 B\u00e2le. En tant que directrice artistique, elle a marqu\u00e9 la sc\u00e8ne culturelle de B\u00e2le et au-del\u00e0 pendant plus de 22 ans. Elle a men\u00e9 \u00e0 bien de nombreux projets et collaborations, notamment avec le Festival de Lucerne, la Haute \u00c9cole de Musique de B\u00e2le et la Schola Cantorum Basiliensis. Dans le m\u00eame temps, elle a pris en charge des \u00e9tudiants en master dans le cadre du programme de p\u00e9dagogie musicale, soutenant activement la nouvelle g\u00e9n\u00e9ration.<\/p><p>Forte de son riche parcours, D\u00e9sir\u00e9e Meiser a choisi de perfectionner ses comp\u00e9tences en suivant la formation de coach syst\u00e9mique orient\u00e9 vers les valeurs selon le mod\u00e8le de Saint-Gall (SCM). Aujourd&rsquo;hui, elle est certifi\u00e9e comme Ma\u00eetre en Coaching Syst\u00e9mique, Ma\u00eetre en Coaching d&rsquo;Affaires, Coach d&rsquo;\u00c9quipe et Coach Dipl\u00f4m\u00e9e en Mise en Situation.<\/p><p>Son travail vise \u00e0 construire des ponts entre d\u00e9fis et solutions, entre objectifs et potentiels.<\/p><p class=\"p1\">D\u00e9sir\u00e9e Meiser est m\u00e8re de trois enfants adultes.<\/p>\t\t\t\t\t\t\t\t<\/div>\n\t\t\t\t<\/div>\n\t\t<div class=\"elementor-element elementor-element-4a3dc12 e-con-full e-flex e-con e-child\" data-id=\"4a3dc12\" data-element_type=\"container\">\n\t\t\t\t<div class=\"elementor-element elementor-element-553b136 elementor-widget elementor-widget-image\" data-id=\"553b136\" data-element_type=\"widget\" data-widget_type=\"image.default\">\n\t\t\t\t\t\t\t\t\t\t\t\t\t\t\t<img fetchpriority=\"high\" decoding=\"async\" width=\"1499\" height=\"944\" src=\"https:\/\/desireemeiser-coaching-beratung.com\/wp-content\/uploads\/2024\/11\/2022-Desiree-Meiser-02.jpg\" class=\"attachment-full size-full wp-image-1742\" alt=\"\" srcset=\"https:\/\/desireemeiser-coaching-beratung.com\/wp-content\/uploads\/2024\/11\/2022-Desiree-Meiser-02.jpg 1499w, https:\/\/desireemeiser-coaching-beratung.com\/wp-content\/uploads\/2024\/11\/2022-Desiree-Meiser-02-300x189.jpg 300w, https:\/\/desireemeiser-coaching-beratung.com\/wp-content\/uploads\/2024\/11\/2022-Desiree-Meiser-02-1024x645.jpg 1024w, https:\/\/desireemeiser-coaching-beratung.com\/wp-content\/uploads\/2024\/11\/2022-Desiree-Meiser-02-768x484.jpg 768w\" sizes=\"(max-width: 1499px) 100vw, 1499px\" \/>\t\t\t\t\t\t\t\t\t\t\t\t\t\t\t<\/div>\n\t\t\t\t<div class=\"elementor-element elementor-element-c636582 elementor-widget elementor-widget-spacer\" data-id=\"c636582\" data-element_type=\"widget\" data-widget_type=\"spacer.default\">\n\t\t\t\t\t\t\t<div class=\"elementor-spacer\">\n\t\t\t<div class=\"elementor-spacer-inner\"><\/div>\n\t\t<\/div>\n\t\t\t\t\t\t<\/div>\n\t\t\t\t<\/div>\n\t\t\t\t\t<\/div>\n\t\t\t\t<\/div>\n\t\t\t\t<\/div>\n\t\t","protected":false},"excerpt":{"rendered":"<p>D\u00e9sir\u00e9e Meiser \u2013 Cr\u00e9er des passerelles entre l&rsquo;art, le coaching et le d\u00e9veloppement personnel D\u00e9sir\u00e9e Meiser tisse des liens gr\u00e2ce \u00e0 son travail, alliant des d\u00e9cennies d&rsquo;exp\u00e9rience en tant qu&rsquo;artiste \u00e0 sa passion d&rsquo;accompagner les individus dans leur d\u00e9veloppement personnel et professionnel. En tant que mentor aguerrie, coach d&rsquo;entreprise et sp\u00e9cialis\u00e9e en syst\u00e9mique, elle guide&hellip;&nbsp;<a href=\"https:\/\/desireemeiser-coaching-beratung.com\/fr\/desiree-meiser\/\" rel=\"bookmark\">Read More &raquo;<span class=\"screen-reader-text\">D\u00e9sir\u00e9e Meiser<\/span><\/a><\/p>\n","protected":false},"author":1,"featured_media":0,"parent":0,"menu_order":0,"comment_status":"closed","ping_status":"closed","template":"page-templates\/template-pagebuilder-full-width.php","meta":{"neve_meta_sidebar":"","neve_meta_container":"","neve_meta_enable_content_width":"on","neve_meta_content_width":100,"neve_meta_title_alignment":"","neve_meta_author_avatar":"","neve_post_elements_order":"","neve_meta_disable_header":"","neve_meta_disable_footer":"","neve_meta_disable_title":"on","neve_meta_reading_time":"","footnotes":""},"class_list":["post-189","page","type-page","status-publish","hentry"],"yoast_head":"<!-- This site is optimized with the Yoast SEO plugin v26.6 - https:\/\/yoast.com\/wordpress\/plugins\/seo\/ -->\n<title>D\u00e9sir\u00e9e Meiser - D\u00e9sir\u00e9e Meiser<\/title>\n<meta name=\"robots\" content=\"index, follow, max-snippet:-1, max-image-preview:large, max-video-preview:-1\" \/>\n<link rel=\"canonical\" href=\"https:\/\/desireemeiser-coaching-beratung.com\/fr\/desiree-meiser\/\" \/>\n<meta property=\"og:locale\" content=\"fr_FR\" \/>\n<meta property=\"og:type\" content=\"article\" \/>\n<meta property=\"og:title\" content=\"D\u00e9sir\u00e9e Meiser - D\u00e9sir\u00e9e Meiser\" \/>\n<meta property=\"og:description\" content=\"D\u00e9sir\u00e9e Meiser \u2013 Cr\u00e9er des passerelles entre l&rsquo;art, le coaching et le d\u00e9veloppement personnel D\u00e9sir\u00e9e Meiser tisse des liens gr\u00e2ce \u00e0 son travail, alliant des d\u00e9cennies d&rsquo;exp\u00e9rience en tant qu&rsquo;artiste \u00e0 sa passion d&rsquo;accompagner les individus dans leur d\u00e9veloppement personnel et professionnel. En tant que mentor aguerrie, coach d&rsquo;entreprise et sp\u00e9cialis\u00e9e en syst\u00e9mique, elle guide&hellip;&nbsp;Read More &raquo;D\u00e9sir\u00e9e Meiser\" \/>\n<meta property=\"og:url\" content=\"https:\/\/desireemeiser-coaching-beratung.com\/fr\/desiree-meiser\/\" \/>\n<meta property=\"og:site_name\" content=\"D\u00e9sir\u00e9e Meiser\" \/>\n<meta property=\"article:modified_time\" content=\"2025-08-06T12:04:24+00:00\" \/>\n<meta property=\"og:image\" content=\"https:\/\/desireemeiser-coaching-beratung.com\/wp-content\/uploads\/2024\/11\/2022-Desiree-Meiser-02.jpg\" \/>\n\t<meta property=\"og:image:width\" content=\"1499\" \/>\n\t<meta property=\"og:image:height\" content=\"944\" \/>\n\t<meta property=\"og:image:type\" content=\"image\/jpeg\" \/>\n<meta name=\"twitter:card\" content=\"summary_large_image\" \/>\n<meta name=\"twitter:label1\" content=\"Dur\u00e9e de lecture estim\u00e9e\" \/>\n\t<meta name=\"twitter:data1\" content=\"3 minutes\" \/>\n<script type=\"application\/ld+json\" class=\"yoast-schema-graph\">{\"@context\":\"https:\/\/schema.org\",\"@graph\":[{\"@type\":\"WebPage\",\"@id\":\"https:\/\/desireemeiser-coaching-beratung.com\/fr\/desiree-meiser\/\",\"url\":\"https:\/\/desireemeiser-coaching-beratung.com\/fr\/desiree-meiser\/\",\"name\":\"D\u00e9sir\u00e9e Meiser - D\u00e9sir\u00e9e Meiser\",\"isPartOf\":{\"@id\":\"https:\/\/desireemeiser-coaching-beratung.com\/fr\/#website\"},\"primaryImageOfPage\":{\"@id\":\"https:\/\/desireemeiser-coaching-beratung.com\/fr\/desiree-meiser\/#primaryimage\"},\"image\":{\"@id\":\"https:\/\/desireemeiser-coaching-beratung.com\/fr\/desiree-meiser\/#primaryimage\"},\"thumbnailUrl\":\"https:\/\/desireemeiser-coaching-beratung.com\/wp-content\/uploads\/2024\/11\/2022-Desiree-Meiser-02.jpg\",\"datePublished\":\"2024-10-19T14:09:06+00:00\",\"dateModified\":\"2025-08-06T12:04:24+00:00\",\"breadcrumb\":{\"@id\":\"https:\/\/desireemeiser-coaching-beratung.com\/fr\/desiree-meiser\/#breadcrumb\"},\"inLanguage\":\"fr-FR\",\"potentialAction\":[{\"@type\":\"ReadAction\",\"target\":[\"https:\/\/desireemeiser-coaching-beratung.com\/fr\/desiree-meiser\/\"]}]},{\"@type\":\"ImageObject\",\"inLanguage\":\"fr-FR\",\"@id\":\"https:\/\/desireemeiser-coaching-beratung.com\/fr\/desiree-meiser\/#primaryimage\",\"url\":\"https:\/\/desireemeiser-coaching-beratung.com\/wp-content\/uploads\/2024\/11\/2022-Desiree-Meiser-02.jpg\",\"contentUrl\":\"https:\/\/desireemeiser-coaching-beratung.com\/wp-content\/uploads\/2024\/11\/2022-Desiree-Meiser-02.jpg\"},{\"@type\":\"BreadcrumbList\",\"@id\":\"https:\/\/desireemeiser-coaching-beratung.com\/fr\/desiree-meiser\/#breadcrumb\",\"itemListElement\":[{\"@type\":\"ListItem\",\"position\":1,\"name\":\"Startseite\",\"item\":\"https:\/\/desireemeiser-coaching-beratung.com\/fr\/\"},{\"@type\":\"ListItem\",\"position\":2,\"name\":\"D\u00e9sir\u00e9e Meiser\"}]},{\"@type\":\"WebSite\",\"@id\":\"https:\/\/desireemeiser-coaching-beratung.com\/fr\/#website\",\"url\":\"https:\/\/desireemeiser-coaching-beratung.com\/fr\/\",\"name\":\"D\u00e9sir\u00e9e Meiser\",\"description\":\"Coaching &amp; Beratung\",\"potentialAction\":[{\"@type\":\"SearchAction\",\"target\":{\"@type\":\"EntryPoint\",\"urlTemplate\":\"https:\/\/desireemeiser-coaching-beratung.com\/fr\/?s={search_term_string}\"},\"query-input\":{\"@type\":\"PropertyValueSpecification\",\"valueRequired\":true,\"valueName\":\"search_term_string\"}}],\"inLanguage\":\"fr-FR\"}]}<\/script>\n<!-- \/ Yoast SEO plugin. -->","yoast_head_json":{"title":"D\u00e9sir\u00e9e Meiser - D\u00e9sir\u00e9e Meiser","robots":{"index":"index","follow":"follow","max-snippet":"max-snippet:-1","max-image-preview":"max-image-preview:large","max-video-preview":"max-video-preview:-1"},"canonical":"https:\/\/desireemeiser-coaching-beratung.com\/fr\/desiree-meiser\/","og_locale":"fr_FR","og_type":"article","og_title":"D\u00e9sir\u00e9e Meiser - D\u00e9sir\u00e9e Meiser","og_description":"D\u00e9sir\u00e9e Meiser \u2013 Cr\u00e9er des passerelles entre l&rsquo;art, le coaching et le d\u00e9veloppement personnel D\u00e9sir\u00e9e Meiser tisse des liens gr\u00e2ce \u00e0 son travail, alliant des d\u00e9cennies d&rsquo;exp\u00e9rience en tant qu&rsquo;artiste \u00e0 sa passion d&rsquo;accompagner les individus dans leur d\u00e9veloppement personnel et professionnel. En tant que mentor aguerrie, coach d&rsquo;entreprise et sp\u00e9cialis\u00e9e en syst\u00e9mique, elle guide&hellip;&nbsp;Read More &raquo;D\u00e9sir\u00e9e Meiser","og_url":"https:\/\/desireemeiser-coaching-beratung.com\/fr\/desiree-meiser\/","og_site_name":"D\u00e9sir\u00e9e Meiser","article_modified_time":"2025-08-06T12:04:24+00:00","og_image":[{"width":1499,"height":944,"url":"https:\/\/desireemeiser-coaching-beratung.com\/wp-content\/uploads\/2024\/11\/2022-Desiree-Meiser-02.jpg","type":"image\/jpeg"}],"twitter_card":"summary_large_image","twitter_misc":{"Dur\u00e9e de lecture estim\u00e9e":"3 minutes"},"schema":{"@context":"https:\/\/schema.org","@graph":[{"@type":"WebPage","@id":"https:\/\/desireemeiser-coaching-beratung.com\/fr\/desiree-meiser\/","url":"https:\/\/desireemeiser-coaching-beratung.com\/fr\/desiree-meiser\/","name":"D\u00e9sir\u00e9e Meiser - D\u00e9sir\u00e9e Meiser","isPartOf":{"@id":"https:\/\/desireemeiser-coaching-beratung.com\/fr\/#website"},"primaryImageOfPage":{"@id":"https:\/\/desireemeiser-coaching-beratung.com\/fr\/desiree-meiser\/#primaryimage"},"image":{"@id":"https:\/\/desireemeiser-coaching-beratung.com\/fr\/desiree-meiser\/#primaryimage"},"thumbnailUrl":"https:\/\/desireemeiser-coaching-beratung.com\/wp-content\/uploads\/2024\/11\/2022-Desiree-Meiser-02.jpg","datePublished":"2024-10-19T14:09:06+00:00","dateModified":"2025-08-06T12:04:24+00:00","breadcrumb":{"@id":"https:\/\/desireemeiser-coaching-beratung.com\/fr\/desiree-meiser\/#breadcrumb"},"inLanguage":"fr-FR","potentialAction":[{"@type":"ReadAction","target":["https:\/\/desireemeiser-coaching-beratung.com\/fr\/desiree-meiser\/"]}]},{"@type":"ImageObject","inLanguage":"fr-FR","@id":"https:\/\/desireemeiser-coaching-beratung.com\/fr\/desiree-meiser\/#primaryimage","url":"https:\/\/desireemeiser-coaching-beratung.com\/wp-content\/uploads\/2024\/11\/2022-Desiree-Meiser-02.jpg","contentUrl":"https:\/\/desireemeiser-coaching-beratung.com\/wp-content\/uploads\/2024\/11\/2022-Desiree-Meiser-02.jpg"},{"@type":"BreadcrumbList","@id":"https:\/\/desireemeiser-coaching-beratung.com\/fr\/desiree-meiser\/#breadcrumb","itemListElement":[{"@type":"ListItem","position":1,"name":"Startseite","item":"https:\/\/desireemeiser-coaching-beratung.com\/fr\/"},{"@type":"ListItem","position":2,"name":"D\u00e9sir\u00e9e Meiser"}]},{"@type":"WebSite","@id":"https:\/\/desireemeiser-coaching-beratung.com\/fr\/#website","url":"https:\/\/desireemeiser-coaching-beratung.com\/fr\/","name":"D\u00e9sir\u00e9e Meiser","description":"Coaching &amp; Beratung","potentialAction":[{"@type":"SearchAction","target":{"@type":"EntryPoint","urlTemplate":"https:\/\/desireemeiser-coaching-beratung.com\/fr\/?s={search_term_string}"},"query-input":{"@type":"PropertyValueSpecification","valueRequired":true,"valueName":"search_term_string"}}],"inLanguage":"fr-FR"}]}},"_links":{"self":[{"href":"https:\/\/desireemeiser-coaching-beratung.com\/fr\/wp-json\/wp\/v2\/pages\/189","targetHints":{"allow":["GET"]}}],"collection":[{"href":"https:\/\/desireemeiser-coaching-beratung.com\/fr\/wp-json\/wp\/v2\/pages"}],"about":[{"href":"https:\/\/desireemeiser-coaching-beratung.com\/fr\/wp-json\/wp\/v2\/types\/page"}],"author":[{"embeddable":true,"href":"https:\/\/desireemeiser-coaching-beratung.com\/fr\/wp-json\/wp\/v2\/users\/1"}],"replies":[{"embeddable":true,"href":"https:\/\/desireemeiser-coaching-beratung.com\/fr\/wp-json\/wp\/v2\/comments?post=189"}],"version-history":[{"count":58,"href":"https:\/\/desireemeiser-coaching-beratung.com\/fr\/wp-json\/wp\/v2\/pages\/189\/revisions"}],"predecessor-version":[{"id":2468,"href":"https:\/\/desireemeiser-coaching-beratung.com\/fr\/wp-json\/wp\/v2\/pages\/189\/revisions\/2468"}],"wp:attachment":[{"href":"https:\/\/desireemeiser-coaching-beratung.com\/fr\/wp-json\/wp\/v2\/media?parent=189"}],"curies":[{"name":"wp","href":"https:\/\/api.w.org\/{rel}","templated":true}]}}