{"id":192,"date":"2024-10-19T14:07:29","date_gmt":"2024-10-19T14:07:29","guid":{"rendered":"https:\/\/desireemeiser-coaching-beratung.com\/coaching-beratung\/"},"modified":"2024-11-20T11:02:27","modified_gmt":"2024-11-20T11:02:27","slug":"coaching-beratung","status":"publish","type":"page","link":"https:\/\/desireemeiser-coaching-beratung.com\/fr\/coaching-beratung\/","title":{"rendered":"Coaching &#038; Beratung"},"content":{"rendered":"\t\t<div data-elementor-type=\"wp-page\" data-elementor-id=\"192\" class=\"elementor elementor-192 elementor-144\" data-elementor-post-type=\"page\">\n\t\t\t\t<div class=\"elementor-element elementor-element-58a156e0 e-flex e-con-boxed e-con e-parent\" data-id=\"58a156e0\" data-element_type=\"container\">\n\t\t\t\t\t<div class=\"e-con-inner\">\n\t\t\t\t<div class=\"elementor-element elementor-element-3c21dca7 elementor-widget elementor-widget-spacer\" data-id=\"3c21dca7\" data-element_type=\"widget\" data-widget_type=\"spacer.default\">\n\t\t\t\t\t\t\t<div class=\"elementor-spacer\">\n\t\t\t<div class=\"elementor-spacer-inner\"><\/div>\n\t\t<\/div>\n\t\t\t\t\t\t<\/div>\n\t\t\t\t<div class=\"elementor-element elementor-element-441bd1e elementor-widget elementor-widget-spacer\" data-id=\"441bd1e\" data-element_type=\"widget\" id=\"testimonials\" data-widget_type=\"spacer.default\">\n\t\t\t\t\t\t\t<div class=\"elementor-spacer\">\n\t\t\t<div class=\"elementor-spacer-inner\"><\/div>\n\t\t<\/div>\n\t\t\t\t\t\t<\/div>\n\t\t\t\t<div class=\"elementor-element elementor-element-d572799 elementor-testimonial--skin-default elementor-testimonial--layout-image_inline elementor-testimonial--align-center elementor-arrows-yes elementor-pagination-type-bullets elementor-widget elementor-widget-testimonial-carousel\" data-id=\"d572799\" data-element_type=\"widget\" data-settings=\"{&quot;show_arrows&quot;:&quot;yes&quot;,&quot;pagination&quot;:&quot;bullets&quot;,&quot;speed&quot;:500,&quot;autoplay&quot;:&quot;yes&quot;,&quot;autoplay_speed&quot;:5000,&quot;loop&quot;:&quot;yes&quot;,&quot;pause_on_hover&quot;:&quot;yes&quot;,&quot;pause_on_interaction&quot;:&quot;yes&quot;,&quot;space_between&quot;:{&quot;unit&quot;:&quot;px&quot;,&quot;size&quot;:10,&quot;sizes&quot;:[]},&quot;space_between_tablet&quot;:{&quot;unit&quot;:&quot;px&quot;,&quot;size&quot;:10,&quot;sizes&quot;:[]},&quot;space_between_mobile&quot;:{&quot;unit&quot;:&quot;px&quot;,&quot;size&quot;:10,&quot;sizes&quot;:[]}}\" data-widget_type=\"testimonial-carousel.default\">\n\t\t\t\t\t\t\t\t\t\t<div class=\"elementor-main-swiper swiper\" role=\"region\" aria-roledescription=\"carousel\" aria-label=\"Diapositives\">\n\t\t\t\t<div class=\"swiper-wrapper\">\n\t\t\t\t\t\t\t\t\t\t\t<div class=\"swiper-slide\" role=\"group\" aria-roledescription=\"slide\">\n\t\t\t\t\t\t\t\t\t<div class=\"elementor-testimonial\">\n\t\t\t\t\t\t\t<div class=\"elementor-testimonial__content\">\n\t\t\t\t\t<div class=\"elementor-testimonial__text\">\n\t\t\t\t\t\t\u00abBestechend war der strukturierte Prozess, der es mir erlaubt hat, sehr rasch an meine unbewussten Muster und Glaubenss\u00e4tze heranzukommen.\n\nDie kompetente und achtsame Begleitung von D\u00e9sir\u00e9e Meiser hat es mir erm\u00f6glicht, tieferliegende Bed\u00fcrfnisse und Belastungen zu identifizieren und einen hilfreicheren Umgang damit zu finden. Schnell wurde mir durch das Coaching klar, in welchen Lebensbereichen ich genauer hinsehen darf.\n\nIch habe viel Motivation, Kl\u00e4rung und Selbsterkenntnis daraus gezogen- sowohl f\u00fcr mein berufliches als auch f\u00fcr mein privates Leben\u00bb\t\t\t\t\t<\/div>\n\t\t\t\t\t\t\t\t\t<\/div>\n\t\t\t\t\t\t<div class=\"elementor-testimonial__footer\">\n\t\t\t\t\t\t\t\t<cite class=\"elementor-testimonial__cite\"><span class=\"elementor-testimonial__name\">A.D. <\/span><span class=\"elementor-testimonial__title\">Klientin, Kulturschaffende<\/span><\/cite>\t\t\t<\/div>\n\t\t<\/div>\n\t\t\t\t\t\t\t\t<\/div>\n\t\t\t\t\t\t\t\t\t\t\t<div class=\"swiper-slide\" role=\"group\" aria-roledescription=\"slide\">\n\t\t\t\t\t\t\t\t\t<div class=\"elementor-testimonial\">\n\t\t\t\t\t\t\t<div class=\"elementor-testimonial__content\">\n\t\t\t\t\t<div class=\"elementor-testimonial__text\">\n\t\t\t\t\t\t\u00abDas Coaching mit D\u00e9sir\u00e9e hat mir durch seine Ruhe und Orientierung geholfen, in einer verwirrenden Zeit die f\u00fcr mich wesentlichen Dinge aus mir selbst herauszuarbeiten und mir einen Anker f\u00fcr die Zukunft zu legen. In ihrer Art zuzuh\u00f6ren und mit ihrer beruhigenden Pr\u00e4senz, hat sie mir wertvolle Erfahrungen mit auf meinen Weg gegeben, wof\u00fcr ich sehr dankbar bin.\u00bb\t\t\t\t\t<\/div>\n\t\t\t\t\t\t\t\t\t<\/div>\n\t\t\t\t\t\t<div class=\"elementor-testimonial__footer\">\n\t\t\t\t\t\t\t\t<cite class=\"elementor-testimonial__cite\"><span class=\"elementor-testimonial__name\">A.L.<\/span><span class=\"elementor-testimonial__title\">Klientin, Musikerin<\/span><\/cite>\t\t\t<\/div>\n\t\t<\/div>\n\t\t\t\t\t\t\t\t<\/div>\n\t\t\t\t\t\t\t\t\t\t\t<div class=\"swiper-slide\" role=\"group\" aria-roledescription=\"slide\">\n\t\t\t\t\t\t\t\t\t<div class=\"elementor-testimonial\">\n\t\t\t\t\t\t\t<div class=\"elementor-testimonial__content\">\n\t\t\t\t\t<div class=\"elementor-testimonial__text\">\n\t\t\t\t\t\t\u00abDas Coaching mit Desir\u00e9 hat meine Lebensqualit\u00e4t als Musiker erheblich verbessert. Dank ihrer professionellen Unterst\u00fctzung konnte ich nicht nur meinen Stress beim Spielen reduzieren, sondern auch eine neue Leichtigkeit im Alltag genie\u00dfen. Obwohl ich das Probespiel nicht gewonnen habe, hat mich <<eigentlich>> das Gef\u00fchl, frei von Sorgen zu musizieren, sehr erf\u00fcllt. Jetzt bin ich besser darauf ausgerichtet, gro\u00dfz\u00fcgig mit mir selbst umzugehen. Sehr empfehlenswert!\u00bb\t\t\t\t\t<\/div>\n\t\t\t\t\t\t\t\t\t<\/div>\n\t\t\t\t\t\t<div class=\"elementor-testimonial__footer\">\n\t\t\t\t\t\t\t\t<cite class=\"elementor-testimonial__cite\"><span class=\"elementor-testimonial__name\">A.G.M.<\/span><span class=\"elementor-testimonial__title\">Klient, Musiker<\/span><\/cite>\t\t\t<\/div>\n\t\t<\/div>\n\t\t\t\t\t\t\t\t<\/div>\n\t\t\t\t\t\t\t\t\t\t\t<div class=\"swiper-slide\" role=\"group\" aria-roledescription=\"slide\">\n\t\t\t\t\t\t\t\t\t<div class=\"elementor-testimonial\">\n\t\t\t\t\t\t\t<div class=\"elementor-testimonial__content\">\n\t\t\t\t\t<div class=\"elementor-testimonial__text\">\n\t\t\t\t\t\t\u00abWenn ich meine pers\u00f6nliche Entwicklung von der ersten bis zur abschliessenden Coaching-Sitzung betrachte, versp\u00fcre ich D\u00e9sir\u00e9e Meiser gegen\u00fcber grosse Dankbarkeit, bin aber auch tief beeindruckt von den teilweise sensationellen Erkenntnissen, die ich in der gemeinsam gestalteten Zeit gewinnen durfte. Die spezifische Herangehensweise des St. Galler Modells hat mir durch D\u00e9sir\u00e9es ebenso behutsame wie konkrete Begleitung neue Wege aufgezeigt, R\u00e4ume ge\u00f6ffnet zur\u00fcck in meine eigene Herkunft und prospektiv f\u00fcr meine Zukunft. Die Struktur der einzelnen Betrachtungswinkel half mir, Wertigkeiten in meinem Leben wiederzufinden, deren Systemik mich ohne grosses Dazutun zu einer reiferen Person gemacht haben. Ich kann die Arbeit mit D\u00e9sir\u00e9e Meiser, die mich auch in k\u00fcnstlerischen Fragestellungen abholen konnte, w\u00e4rmstens empfehlen.\u00bb\t\t\t\t\t<\/div>\n\t\t\t\t\t\t\t\t\t<\/div>\n\t\t\t\t\t\t<div class=\"elementor-testimonial__footer\">\n\t\t\t\t\t\t\t\t<cite class=\"elementor-testimonial__cite\"><span class=\"elementor-testimonial__name\">G.C.<\/span><span class=\"elementor-testimonial__title\">Klientin, Musikschaffende<\/span><\/cite>\t\t\t<\/div>\n\t\t<\/div>\n\t\t\t\t\t\t\t\t<\/div>\n\t\t\t\t\t\t\t\t\t<\/div>\n\t\t\t\t\t\t\t\t\t\t\t\t\t\t\t<div class=\"elementor-swiper-button elementor-swiper-button-prev\" role=\"button\" tabindex=\"0\" aria-label=\"Pr\u00e9c\u00e9dent\">\n\t\t\t\t\t\t\t<svg aria-hidden=\"true\" class=\"e-font-icon-svg e-eicon-chevron-left\" viewBox=\"0 0 1000 1000\" xmlns=\"http:\/\/www.w3.org\/2000\/svg\"><path d=\"M646 125C629 125 613 133 604 142L308 442C296 454 292 471 292 487 292 504 296 521 308 533L604 854C617 867 629 875 646 875 663 875 679 871 692 858 704 846 713 829 713 812 713 796 708 779 692 767L438 487 692 225C700 217 708 204 708 187 708 171 704 154 692 142 675 129 663 125 646 125Z\"><\/path><\/svg>\t\t\t\t\t\t<\/div>\n\t\t\t\t\t\t<div class=\"elementor-swiper-button elementor-swiper-button-next\" role=\"button\" tabindex=\"0\" aria-label=\"Suivant\">\n\t\t\t\t\t\t\t<svg aria-hidden=\"true\" class=\"e-font-icon-svg e-eicon-chevron-right\" viewBox=\"0 0 1000 1000\" xmlns=\"http:\/\/www.w3.org\/2000\/svg\"><path d=\"M696 533C708 521 713 504 713 487 713 471 708 454 696 446L400 146C388 133 375 125 354 125 338 125 325 129 313 142 300 154 292 171 292 187 292 204 296 221 308 233L563 492 304 771C292 783 288 800 288 817 288 833 296 850 308 863 321 871 338 875 354 875 371 875 388 867 400 854L696 533Z\"><\/path><\/svg>\t\t\t\t\t\t<\/div>\n\t\t\t\t\t\t\t\t\t\t\t\t\t\t\t\t<div class=\"swiper-pagination\"><\/div>\n\t\t\t\t\t\t\t\t\t\t\t\t<\/div>\n\t\t\t\t\t\t\t\t<\/div>\n\t\t<div class=\"elementor-element elementor-element-ece84c6 e-con-full e-flex e-con e-child\" data-id=\"ece84c6\" data-element_type=\"container\" data-settings=\"{&quot;background_background&quot;:&quot;slideshow&quot;,&quot;background_slideshow_gallery&quot;:[],&quot;background_slideshow_loop&quot;:&quot;yes&quot;,&quot;background_slideshow_slide_duration&quot;:5000,&quot;background_slideshow_slide_transition&quot;:&quot;fade&quot;,&quot;background_slideshow_transition_duration&quot;:500}\">\n\t\t\t\t<div class=\"elementor-element elementor-element-c04223f elementor-widget elementor-widget-image\" data-id=\"c04223f\" data-element_type=\"widget\" data-widget_type=\"image.default\">\n\t\t\t\t\t\t\t\t\t\t\t\t\t\t\t<img fetchpriority=\"high\" decoding=\"async\" width=\"762\" height=\"988\" src=\"https:\/\/desireemeiser-coaching-beratung.com\/wp-content\/uploads\/2024\/10\/desiree-meiser-coaching-und-beratung-basel.png\" class=\"attachment-large size-large wp-image-85\" alt=\"\" srcset=\"https:\/\/desireemeiser-coaching-beratung.com\/wp-content\/uploads\/2024\/10\/desiree-meiser-coaching-und-beratung-basel.png 762w, https:\/\/desireemeiser-coaching-beratung.com\/wp-content\/uploads\/2024\/10\/desiree-meiser-coaching-und-beratung-basel-231x300.png 231w\" sizes=\"(max-width: 762px) 100vw, 762px\" \/>\t\t\t\t\t\t\t\t\t\t\t\t\t\t\t<\/div>\n\t\t\t\t<div class=\"elementor-element elementor-element-23a588c2 elementor-absolute elementor-widget elementor-widget-heading\" data-id=\"23a588c2\" data-element_type=\"widget\" data-settings=\"{&quot;_position&quot;:&quot;absolute&quot;}\" data-widget_type=\"heading.default\">\n\t\t\t\t\t<h2 class=\"elementor-heading-title elementor-size-default\">\u201cMan kann den Wind nicht \u00e4ndern, <br>\naber die Segel neu setzen.\u201d<\/h2>\t\t\t\t<\/div>\n\t\t\t\t<div class=\"elementor-element elementor-element-35e2d3d1 elementor-widget elementor-widget-spacer\" data-id=\"35e2d3d1\" data-element_type=\"widget\" data-widget_type=\"spacer.default\">\n\t\t\t\t\t\t\t<div class=\"elementor-spacer\">\n\t\t\t<div class=\"elementor-spacer-inner\"><\/div>\n\t\t<\/div>\n\t\t\t\t\t\t<\/div>\n\t\t\t\t<\/div>\n\t\t\t\t\t<\/div>\n\t\t\t\t<\/div>\n\t\t\t\t<\/div>\n\t\t","protected":false},"excerpt":{"rendered":"<p>\u00abBestechend war der strukturierte Prozess, der es mir erlaubt hat, sehr rasch an meine unbewussten Muster und Glaubenss\u00e4tze heranzukommen. Die kompetente und achtsame Begleitung von D\u00e9sir\u00e9e Meiser hat es mir erm\u00f6glicht, tieferliegende Bed\u00fcrfnisse und Belastungen zu identifizieren und einen hilfreicheren Umgang damit zu finden. Schnell wurde mir durch das Coaching klar, in welchen Lebensbereichen ich&hellip;&nbsp;<a href=\"https:\/\/desireemeiser-coaching-beratung.com\/fr\/coaching-beratung\/\" rel=\"bookmark\">Read More &raquo;<span class=\"screen-reader-text\">Coaching &#038; Beratung<\/span><\/a><\/p>\n","protected":false},"author":1,"featured_media":0,"parent":0,"menu_order":0,"comment_status":"closed","ping_status":"closed","template":"page-templates\/template-pagebuilder-full-width.php","meta":{"neve_meta_sidebar":"","neve_meta_container":"","neve_meta_enable_content_width":"on","neve_meta_content_width":100,"neve_meta_title_alignment":"","neve_meta_author_avatar":"","neve_post_elements_order":"","neve_meta_disable_header":"","neve_meta_disable_footer":"","neve_meta_disable_title":"on","neve_meta_reading_time":"","footnotes":""},"class_list":["post-192","page","type-page","status-publish","hentry"],"yoast_head":"<!-- This site is optimized with the Yoast SEO plugin v26.6 - https:\/\/yoast.com\/wordpress\/plugins\/seo\/ -->\n<title>Coaching &amp; Beratung - D\u00e9sir\u00e9e Meiser<\/title>\n<meta name=\"robots\" content=\"index, follow, max-snippet:-1, max-image-preview:large, max-video-preview:-1\" \/>\n<link rel=\"canonical\" href=\"https:\/\/desireemeiser-coaching-beratung.com\/fr\/coaching-beratung\/\" \/>\n<meta property=\"og:locale\" content=\"fr_FR\" \/>\n<meta property=\"og:type\" content=\"article\" \/>\n<meta property=\"og:title\" content=\"Coaching &amp; Beratung - D\u00e9sir\u00e9e Meiser\" \/>\n<meta property=\"og:description\" content=\"\u00abBestechend war der strukturierte Prozess, der es mir erlaubt hat, sehr rasch an meine unbewussten Muster und Glaubenss\u00e4tze heranzukommen. Die kompetente und achtsame Begleitung von D\u00e9sir\u00e9e Meiser hat es mir erm\u00f6glicht, tieferliegende Bed\u00fcrfnisse und Belastungen zu identifizieren und einen hilfreicheren Umgang damit zu finden. Schnell wurde mir durch das Coaching klar, in welchen Lebensbereichen ich&hellip;&nbsp;Read More &raquo;Coaching &#038; Beratung\" \/>\n<meta property=\"og:url\" content=\"https:\/\/desireemeiser-coaching-beratung.com\/fr\/coaching-beratung\/\" \/>\n<meta property=\"og:site_name\" content=\"D\u00e9sir\u00e9e Meiser\" \/>\n<meta property=\"article:modified_time\" content=\"2024-11-20T11:02:27+00:00\" \/>\n<meta property=\"og:image\" content=\"https:\/\/desireemeiser-coaching-beratung.com\/wp-content\/uploads\/2024\/10\/desiree-meiser-coaching-und-beratung-basel.png\" \/>\n\t<meta property=\"og:image:width\" content=\"762\" \/>\n\t<meta property=\"og:image:height\" content=\"988\" \/>\n\t<meta property=\"og:image:type\" content=\"image\/png\" \/>\n<meta name=\"twitter:card\" content=\"summary_large_image\" \/>\n<meta name=\"twitter:label1\" content=\"Dur\u00e9e de lecture estim\u00e9e\" \/>\n\t<meta name=\"twitter:data1\" content=\"8 minutes\" \/>\n<script type=\"application\/ld+json\" class=\"yoast-schema-graph\">{\"@context\":\"https:\/\/schema.org\",\"@graph\":[{\"@type\":\"WebPage\",\"@id\":\"https:\/\/desireemeiser-coaching-beratung.com\/fr\/coaching-beratung\/\",\"url\":\"https:\/\/desireemeiser-coaching-beratung.com\/fr\/coaching-beratung\/\",\"name\":\"Coaching & Beratung - D\u00e9sir\u00e9e Meiser\",\"isPartOf\":{\"@id\":\"https:\/\/desireemeiser-coaching-beratung.com\/fr\/#website\"},\"primaryImageOfPage\":{\"@id\":\"https:\/\/desireemeiser-coaching-beratung.com\/fr\/coaching-beratung\/#primaryimage\"},\"image\":{\"@id\":\"https:\/\/desireemeiser-coaching-beratung.com\/fr\/coaching-beratung\/#primaryimage\"},\"thumbnailUrl\":\"https:\/\/desireemeiser-coaching-beratung.com\/wp-content\/uploads\/2024\/10\/desiree-meiser-coaching-und-beratung-basel.png\",\"datePublished\":\"2024-10-19T14:07:29+00:00\",\"dateModified\":\"2024-11-20T11:02:27+00:00\",\"breadcrumb\":{\"@id\":\"https:\/\/desireemeiser-coaching-beratung.com\/fr\/coaching-beratung\/#breadcrumb\"},\"inLanguage\":\"fr-FR\",\"potentialAction\":[{\"@type\":\"ReadAction\",\"target\":[\"https:\/\/desireemeiser-coaching-beratung.com\/fr\/coaching-beratung\/\"]}]},{\"@type\":\"ImageObject\",\"inLanguage\":\"fr-FR\",\"@id\":\"https:\/\/desireemeiser-coaching-beratung.com\/fr\/coaching-beratung\/#primaryimage\",\"url\":\"https:\/\/desireemeiser-coaching-beratung.com\/wp-content\/uploads\/2024\/10\/desiree-meiser-coaching-und-beratung-basel.png\",\"contentUrl\":\"https:\/\/desireemeiser-coaching-beratung.com\/wp-content\/uploads\/2024\/10\/desiree-meiser-coaching-und-beratung-basel.png\"},{\"@type\":\"BreadcrumbList\",\"@id\":\"https:\/\/desireemeiser-coaching-beratung.com\/fr\/coaching-beratung\/#breadcrumb\",\"itemListElement\":[{\"@type\":\"ListItem\",\"position\":1,\"name\":\"Startseite\",\"item\":\"https:\/\/desireemeiser-coaching-beratung.com\/fr\/\"},{\"@type\":\"ListItem\",\"position\":2,\"name\":\"Coaching &#038; Beratung\"}]},{\"@type\":\"WebSite\",\"@id\":\"https:\/\/desireemeiser-coaching-beratung.com\/fr\/#website\",\"url\":\"https:\/\/desireemeiser-coaching-beratung.com\/fr\/\",\"name\":\"D\u00e9sir\u00e9e Meiser\",\"description\":\"Coaching &amp; Beratung\",\"potentialAction\":[{\"@type\":\"SearchAction\",\"target\":{\"@type\":\"EntryPoint\",\"urlTemplate\":\"https:\/\/desireemeiser-coaching-beratung.com\/fr\/?s={search_term_string}\"},\"query-input\":{\"@type\":\"PropertyValueSpecification\",\"valueRequired\":true,\"valueName\":\"search_term_string\"}}],\"inLanguage\":\"fr-FR\"}]}<\/script>\n<!-- \/ Yoast SEO plugin. -->","yoast_head_json":{"title":"Coaching & Beratung - D\u00e9sir\u00e9e Meiser","robots":{"index":"index","follow":"follow","max-snippet":"max-snippet:-1","max-image-preview":"max-image-preview:large","max-video-preview":"max-video-preview:-1"},"canonical":"https:\/\/desireemeiser-coaching-beratung.com\/fr\/coaching-beratung\/","og_locale":"fr_FR","og_type":"article","og_title":"Coaching & Beratung - D\u00e9sir\u00e9e Meiser","og_description":"\u00abBestechend war der strukturierte Prozess, der es mir erlaubt hat, sehr rasch an meine unbewussten Muster und Glaubenss\u00e4tze heranzukommen. Die kompetente und achtsame Begleitung von D\u00e9sir\u00e9e Meiser hat es mir erm\u00f6glicht, tieferliegende Bed\u00fcrfnisse und Belastungen zu identifizieren und einen hilfreicheren Umgang damit zu finden. Schnell wurde mir durch das Coaching klar, in welchen Lebensbereichen ich&hellip;&nbsp;Read More &raquo;Coaching &#038; Beratung","og_url":"https:\/\/desireemeiser-coaching-beratung.com\/fr\/coaching-beratung\/","og_site_name":"D\u00e9sir\u00e9e Meiser","article_modified_time":"2024-11-20T11:02:27+00:00","og_image":[{"width":762,"height":988,"url":"https:\/\/desireemeiser-coaching-beratung.com\/wp-content\/uploads\/2024\/10\/desiree-meiser-coaching-und-beratung-basel.png","type":"image\/png"}],"twitter_card":"summary_large_image","twitter_misc":{"Dur\u00e9e de lecture estim\u00e9e":"8 minutes"},"schema":{"@context":"https:\/\/schema.org","@graph":[{"@type":"WebPage","@id":"https:\/\/desireemeiser-coaching-beratung.com\/fr\/coaching-beratung\/","url":"https:\/\/desireemeiser-coaching-beratung.com\/fr\/coaching-beratung\/","name":"Coaching & Beratung - D\u00e9sir\u00e9e Meiser","isPartOf":{"@id":"https:\/\/desireemeiser-coaching-beratung.com\/fr\/#website"},"primaryImageOfPage":{"@id":"https:\/\/desireemeiser-coaching-beratung.com\/fr\/coaching-beratung\/#primaryimage"},"image":{"@id":"https:\/\/desireemeiser-coaching-beratung.com\/fr\/coaching-beratung\/#primaryimage"},"thumbnailUrl":"https:\/\/desireemeiser-coaching-beratung.com\/wp-content\/uploads\/2024\/10\/desiree-meiser-coaching-und-beratung-basel.png","datePublished":"2024-10-19T14:07:29+00:00","dateModified":"2024-11-20T11:02:27+00:00","breadcrumb":{"@id":"https:\/\/desireemeiser-coaching-beratung.com\/fr\/coaching-beratung\/#breadcrumb"},"inLanguage":"fr-FR","potentialAction":[{"@type":"ReadAction","target":["https:\/\/desireemeiser-coaching-beratung.com\/fr\/coaching-beratung\/"]}]},{"@type":"ImageObject","inLanguage":"fr-FR","@id":"https:\/\/desireemeiser-coaching-beratung.com\/fr\/coaching-beratung\/#primaryimage","url":"https:\/\/desireemeiser-coaching-beratung.com\/wp-content\/uploads\/2024\/10\/desiree-meiser-coaching-und-beratung-basel.png","contentUrl":"https:\/\/desireemeiser-coaching-beratung.com\/wp-content\/uploads\/2024\/10\/desiree-meiser-coaching-und-beratung-basel.png"},{"@type":"BreadcrumbList","@id":"https:\/\/desireemeiser-coaching-beratung.com\/fr\/coaching-beratung\/#breadcrumb","itemListElement":[{"@type":"ListItem","position":1,"name":"Startseite","item":"https:\/\/desireemeiser-coaching-beratung.com\/fr\/"},{"@type":"ListItem","position":2,"name":"Coaching &#038; Beratung"}]},{"@type":"WebSite","@id":"https:\/\/desireemeiser-coaching-beratung.com\/fr\/#website","url":"https:\/\/desireemeiser-coaching-beratung.com\/fr\/","name":"D\u00e9sir\u00e9e Meiser","description":"Coaching &amp; Beratung","potentialAction":[{"@type":"SearchAction","target":{"@type":"EntryPoint","urlTemplate":"https:\/\/desireemeiser-coaching-beratung.com\/fr\/?s={search_term_string}"},"query-input":{"@type":"PropertyValueSpecification","valueRequired":true,"valueName":"search_term_string"}}],"inLanguage":"fr-FR"}]}},"_links":{"self":[{"href":"https:\/\/desireemeiser-coaching-beratung.com\/fr\/wp-json\/wp\/v2\/pages\/192","targetHints":{"allow":["GET"]}}],"collection":[{"href":"https:\/\/desireemeiser-coaching-beratung.com\/fr\/wp-json\/wp\/v2\/pages"}],"about":[{"href":"https:\/\/desireemeiser-coaching-beratung.com\/fr\/wp-json\/wp\/v2\/types\/page"}],"author":[{"embeddable":true,"href":"https:\/\/desireemeiser-coaching-beratung.com\/fr\/wp-json\/wp\/v2\/users\/1"}],"replies":[{"embeddable":true,"href":"https:\/\/desireemeiser-coaching-beratung.com\/fr\/wp-json\/wp\/v2\/comments?post=192"}],"version-history":[{"count":138,"href":"https:\/\/desireemeiser-coaching-beratung.com\/fr\/wp-json\/wp\/v2\/pages\/192\/revisions"}],"predecessor-version":[{"id":1615,"href":"https:\/\/desireemeiser-coaching-beratung.com\/fr\/wp-json\/wp\/v2\/pages\/192\/revisions\/1615"}],"wp:attachment":[{"href":"https:\/\/desireemeiser-coaching-beratung.com\/fr\/wp-json\/wp\/v2\/media?parent=192"}],"curies":[{"name":"wp","href":"https:\/\/api.w.org\/{rel}","templated":true}]}}