{"id":1987,"date":"2024-11-20T09:20:59","date_gmt":"2024-11-20T09:20:59","guid":{"rendered":"https:\/\/desireemeiser-coaching-beratung.com\/coaching-basado-en-valores-segun-el-modelo-de-st-gallen\/"},"modified":"2025-05-26T18:47:32","modified_gmt":"2025-05-26T18:47:32","slug":"coaching-basado-en-valores-segun-el-modelo-de-st-gallen","status":"publish","type":"page","link":"https:\/\/desireemeiser-coaching-beratung.com\/fr\/coaching-basado-en-valores-segun-el-modelo-de-st-gallen\/","title":{"rendered":"Coaching basado en valores seg\u00fan el Modelo de St. Gallen"},"content":{"rendered":"\t\t<div data-elementor-type=\"wp-page\" data-elementor-id=\"1987\" class=\"elementor elementor-1987 elementor-1544\" data-elementor-post-type=\"page\">\n\t\t\t\t<div class=\"elementor-element elementor-element-58a156e0 e-flex e-con-boxed e-con e-parent\" data-id=\"58a156e0\" data-element_type=\"container\">\n\t\t\t\t\t<div class=\"e-con-inner\">\n\t\t\t\t<div class=\"elementor-element elementor-element-ffdf63f elementor-widget elementor-widget-text-editor\" data-id=\"ffdf63f\" data-element_type=\"widget\" data-widget_type=\"text-editor.default\">\n\t\t\t\t\t\t\t\t\t<h4>Coaching bas\u00e9 sur les valeurs selon le Mod\u00e8le de St. Gallen<\/h4><p>Les valeurs d\u00e9crivent des \u00e9tats internes et externes qui offrent orientation et stabilit\u00e9 aux individus. Un coaching bas\u00e9 sur les valeurs s&rsquo;aligne avec cette orientation et augmente l&rsquo;efficacit\u00e9 et la durabilit\u00e9 des processus de changement.<\/p><p>\u00a0<\/p><h4>Les valeurs donnent un sens<\/h4><p>Les valeurs rev\u00eatent une importance fondamentale pour la vie humaine. Elles forment la base de la soci\u00e9t\u00e9. Toutes les normes, traditions, rituels et lois qui r\u00e9gissent la coexistence reposent sur elles. En plus des notions g\u00e9n\u00e9rales de valeur, il existe des <i>valeurs personnelles<\/i>, consid\u00e9r\u00e9es comme souhaitables dans leur manifestation individuelle et constituant la base de sa propre vision du monde. Un besoin fondamental de l&rsquo;\u00eatre humain est de percevoir sa vie comme digne d&rsquo;\u00eatre v\u00e9cue. <i>Se sentir pr\u00e9cieux<\/i>, r\u00e9aliser qu&rsquo;il est bon d&rsquo;exister et d&rsquo;\u00eatre appr\u00e9ci\u00e9, constitue la fondation de toutes les valeurs personnelles et conf\u00e8re un sens \u00e0 la vie.<\/p><p>Le neurologue et psychiatre autrichien <i>Viktor Frankl<\/i> classe nos valeurs en trois cat\u00e9gories :<\/p><p>Les valeurs d&rsquo;attitude telles que l&rsquo;amour, le respect, la confiance et la gratitude d\u00e9finissent les postures (attitudes) que nous consid\u00e9rons comme pr\u00e9cieuses face \u00e0 des situations que nous ne pouvons changer. La force de l&rsquo;acceptation choisie consciemment nous permet d&rsquo;affronter et de surmonter des situations tr\u00e8s difficiles. Les valeurs de cr\u00e9ation englobent tout ce que nous consid\u00e9rons comme pr\u00e9cieux \u00e0 cr\u00e9er, construire, r\u00e9aliser ou apprendre, comme par exemple : carri\u00e8re, relations, enfants, argent ou connaissances. Les valeurs exp\u00e9rientielles sont les exp\u00e9riences qui \u00e9mergent de nos valeurs de cr\u00e9ation, comme la joie, la s\u00e9curit\u00e9, la satisfaction, le bonheur, le succ\u00e8s et la reconnaissance. La perception consciente, l&rsquo;exp\u00e9rience et l&rsquo;attention sont des conditions n\u00e9cessaires \u00e0 l&rsquo;\u00e9mergence des valeurs exp\u00e9rientielles.<\/p><p>Des recherches ont montr\u00e9 que la plupart des gens orientent leur vie vers leurs valeurs de cr\u00e9ation : ils recherchent le statut social. Cependant, cela entra\u00eene une n\u00e9gligence de la perception de leurs valeurs exp\u00e9rientielles et d&rsquo;attitude. Pour mener une vie \u00ab\u00a0heureuse\u00a0\u00bb, un \u00e9quilibre et un m\u00e9lange des cat\u00e9gories de valeurs sont n\u00e9cessaires. Vivre consciemment selon ses propres valeurs et celles commun\u00e9ment d\u00e9finies signifie plus de satisfaction et moins de stress.<\/p><p>\u00a0<\/p><h4>D\u00e9veloppement des valeurs pour une meilleure qualit\u00e9 de vie<\/h4><p>\u00c0 long terme, l&rsquo;absence de valeurs ou une violation de celles-ci peuvent entra\u00eener des probl\u00e8mes psychologiques et physiques. Il est donc essentiel de reconna\u00eetre, suivre et vivre selon nos propres valeurs. Surtout dans les processus de changement, les valeurs personnelles agissent comme une sorte de boussole interne qui nous indique, souvent de mani\u00e8re inconsciente, quelles d\u00e9cisions prendre. Notre action ne s&rsquo;oriente pas principalement vers des objectifs. Les objectifs que nous \u00e9tablissons dans notre vie ne servent qu&rsquo;\u00e0 augmenter ou \u00e9viter les violations des valeurs que nous consid\u00e9rons comme importantes. Un coaching bas\u00e9 sur les valeurs prend en compte ces relations.<\/p><p>\u00a0<\/p><h4>Approche syst\u00e9mique et holistique<\/h4><p>Dans le coaching syst\u00e9mique, le client n&rsquo;est pas consid\u00e9r\u00e9 isol\u00e9ment avec son th\u00e8me (probl\u00e8me\/demande), mais dans le contexte de sa famille d&rsquo;origine, d&rsquo;une relation de couple, de son cercle d&rsquo;amis ou de connaissances, ainsi que des syst\u00e8mes professionnels tels que des entreprises, des (formations), des \u00e9quipes ou des coll\u00e8gues. On part du principe que nous sommes en constante interaction avec d&rsquo;autres personnes et syst\u00e8mes, et que des dynamiques de changement existent entre la sph\u00e8re priv\u00e9e et professionnelle. Le coaching syst\u00e9mique aide le client \u00e0 prendre conscience que tout est interconnect\u00e9 et que les changements entra\u00eenent toujours des changements ailleurs. Lorsque nous nous transformons, nous affectons tout le syst\u00e8me. En regardant vers l&rsquo;avenir, on consid\u00e8re non seulement ce qu&rsquo;il faut faire, mais aussi quelles seraient les cons\u00e9quences de l&rsquo;inaction. Inclure tous les syst\u00e8mes pertinents dans le processus de changement peut permettre au <i>coachee<\/i> non seulement de prendre conscience de motifs de comportement typiques li\u00e9s au probl\u00e8me qui se r\u00e9p\u00e8tent, mais aussi d&rsquo;ouvrir de nouvelles possibilit\u00e9s d&rsquo;action orient\u00e9es vers des objectifs. Dans l&rsquo;approche syst\u00e9mique et holistique du probl\u00e8me du coachee, on ne traite pas seulement l&rsquo;objectif -peut-\u00eatre superficiel ou uniquement \u00e0 court terme- du client, mais \u00e9galement les objectifs possibles (cibles), les besoins et les effets secondaires (d\u00e9savantages d&rsquo;objectif) qui se cachent derri\u00e8re. Le coaching syst\u00e9mique repose toujours sur les ressources et forces existantes du client. La (re)activation et le renforcement des comp\u00e9tences occupent une place centrale dans ce processus.<\/p><p>Le Mod\u00e8le de Coaching de St. Gallen est une m\u00e9thode de coaching syst\u00e9mique hautement efficace qui promeut de mani\u00e8re contextuelle et ind\u00e9pendante le d\u00e9veloppement au niveau de l&rsquo;identit\u00e9 et la conscience des valeurs personnelles. L&rsquo;orientation claire vers ces valeurs g\u00e9n\u00e8re un degr\u00e9 \u00e9lev\u00e9 d&rsquo;efficacit\u00e9 et de durabilit\u00e9 prouv\u00e9 dans le processus de d\u00e9veloppement souhait\u00e9 par le client.<\/p><p>(Texte Dr. Peter Engel, Coachingakademie)<\/p>\t\t\t\t\t\t\t\t<\/div>\n\t\t\t\t\t<\/div>\n\t\t\t\t<\/div>\n\t\t\t\t<\/div>\n\t\t","protected":false},"excerpt":{"rendered":"<p>Coaching bas\u00e9 sur les valeurs selon le Mod\u00e8le de St. Gallen Les valeurs d\u00e9crivent des \u00e9tats internes et externes qui offrent orientation et stabilit\u00e9 aux individus. Un coaching bas\u00e9 sur les valeurs s&rsquo;aligne avec cette orientation et augmente l&rsquo;efficacit\u00e9 et la durabilit\u00e9 des processus de changement. \u00a0 Les valeurs donnent un sens Les valeurs rev\u00eatent&hellip;&nbsp;<a href=\"https:\/\/desireemeiser-coaching-beratung.com\/fr\/coaching-basado-en-valores-segun-el-modelo-de-st-gallen\/\" rel=\"bookmark\">Read More &raquo;<span class=\"screen-reader-text\">Coaching basado en valores seg\u00fan el Modelo de St. Gallen<\/span><\/a><\/p>\n","protected":false},"author":1,"featured_media":0,"parent":0,"menu_order":0,"comment_status":"closed","ping_status":"closed","template":"page-templates\/template-pagebuilder-full-width.php","meta":{"neve_meta_sidebar":"","neve_meta_container":"","neve_meta_enable_content_width":"on","neve_meta_content_width":100,"neve_meta_title_alignment":"","neve_meta_author_avatar":"","neve_post_elements_order":"","neve_meta_disable_header":"","neve_meta_disable_footer":"","neve_meta_disable_title":"on","neve_meta_reading_time":"","footnotes":""},"class_list":["post-1987","page","type-page","status-publish","hentry"],"yoast_head":"<!-- This site is optimized with the Yoast SEO plugin v26.6 - https:\/\/yoast.com\/wordpress\/plugins\/seo\/ -->\n<title>Coaching basado en valores seg\u00fan el Modelo de St. Gallen - D\u00e9sir\u00e9e Meiser<\/title>\n<meta name=\"robots\" content=\"index, follow, max-snippet:-1, max-image-preview:large, max-video-preview:-1\" \/>\n<link rel=\"canonical\" href=\"https:\/\/desireemeiser-coaching-beratung.com\/fr\/coaching-basado-en-valores-segun-el-modelo-de-st-gallen\/\" \/>\n<meta property=\"og:locale\" content=\"fr_FR\" \/>\n<meta property=\"og:type\" content=\"article\" \/>\n<meta property=\"og:title\" content=\"Coaching basado en valores seg\u00fan el Modelo de St. Gallen - D\u00e9sir\u00e9e Meiser\" \/>\n<meta property=\"og:description\" content=\"Coaching bas\u00e9 sur les valeurs selon le Mod\u00e8le de St. Gallen Les valeurs d\u00e9crivent des \u00e9tats internes et externes qui offrent orientation et stabilit\u00e9 aux individus. Un coaching bas\u00e9 sur les valeurs s&rsquo;aligne avec cette orientation et augmente l&rsquo;efficacit\u00e9 et la durabilit\u00e9 des processus de changement. \u00a0 Les valeurs donnent un sens Les valeurs rev\u00eatent&hellip;&nbsp;Read More &raquo;Coaching basado en valores seg\u00fan el Modelo de St. Gallen\" \/>\n<meta property=\"og:url\" content=\"https:\/\/desireemeiser-coaching-beratung.com\/fr\/coaching-basado-en-valores-segun-el-modelo-de-st-gallen\/\" \/>\n<meta property=\"og:site_name\" content=\"D\u00e9sir\u00e9e Meiser\" \/>\n<meta property=\"article:modified_time\" content=\"2025-05-26T18:47:32+00:00\" \/>\n<meta name=\"twitter:card\" content=\"summary_large_image\" \/>\n<meta name=\"twitter:label1\" content=\"Dur\u00e9e de lecture estim\u00e9e\" \/>\n\t<meta name=\"twitter:data1\" content=\"4 minutes\" \/>\n<script type=\"application\/ld+json\" class=\"yoast-schema-graph\">{\"@context\":\"https:\/\/schema.org\",\"@graph\":[{\"@type\":\"WebPage\",\"@id\":\"https:\/\/desireemeiser-coaching-beratung.com\/fr\/coaching-basado-en-valores-segun-el-modelo-de-st-gallen\/\",\"url\":\"https:\/\/desireemeiser-coaching-beratung.com\/fr\/coaching-basado-en-valores-segun-el-modelo-de-st-gallen\/\",\"name\":\"Coaching basado en valores seg\u00fan el Modelo de St. Gallen - D\u00e9sir\u00e9e Meiser\",\"isPartOf\":{\"@id\":\"https:\/\/desireemeiser-coaching-beratung.com\/fr\/#website\"},\"datePublished\":\"2024-11-20T09:20:59+00:00\",\"dateModified\":\"2025-05-26T18:47:32+00:00\",\"breadcrumb\":{\"@id\":\"https:\/\/desireemeiser-coaching-beratung.com\/fr\/coaching-basado-en-valores-segun-el-modelo-de-st-gallen\/#breadcrumb\"},\"inLanguage\":\"fr-FR\",\"potentialAction\":[{\"@type\":\"ReadAction\",\"target\":[\"https:\/\/desireemeiser-coaching-beratung.com\/fr\/coaching-basado-en-valores-segun-el-modelo-de-st-gallen\/\"]}]},{\"@type\":\"BreadcrumbList\",\"@id\":\"https:\/\/desireemeiser-coaching-beratung.com\/fr\/coaching-basado-en-valores-segun-el-modelo-de-st-gallen\/#breadcrumb\",\"itemListElement\":[{\"@type\":\"ListItem\",\"position\":1,\"name\":\"Startseite\",\"item\":\"https:\/\/desireemeiser-coaching-beratung.com\/fr\/\"},{\"@type\":\"ListItem\",\"position\":2,\"name\":\"Coaching basado en valores seg\u00fan el Modelo de St. Gallen\"}]},{\"@type\":\"WebSite\",\"@id\":\"https:\/\/desireemeiser-coaching-beratung.com\/fr\/#website\",\"url\":\"https:\/\/desireemeiser-coaching-beratung.com\/fr\/\",\"name\":\"D\u00e9sir\u00e9e Meiser\",\"description\":\"Coaching &amp; Beratung\",\"potentialAction\":[{\"@type\":\"SearchAction\",\"target\":{\"@type\":\"EntryPoint\",\"urlTemplate\":\"https:\/\/desireemeiser-coaching-beratung.com\/fr\/?s={search_term_string}\"},\"query-input\":{\"@type\":\"PropertyValueSpecification\",\"valueRequired\":true,\"valueName\":\"search_term_string\"}}],\"inLanguage\":\"fr-FR\"}]}<\/script>\n<!-- \/ Yoast SEO plugin. -->","yoast_head_json":{"title":"Coaching basado en valores seg\u00fan el Modelo de St. Gallen - D\u00e9sir\u00e9e Meiser","robots":{"index":"index","follow":"follow","max-snippet":"max-snippet:-1","max-image-preview":"max-image-preview:large","max-video-preview":"max-video-preview:-1"},"canonical":"https:\/\/desireemeiser-coaching-beratung.com\/fr\/coaching-basado-en-valores-segun-el-modelo-de-st-gallen\/","og_locale":"fr_FR","og_type":"article","og_title":"Coaching basado en valores seg\u00fan el Modelo de St. Gallen - D\u00e9sir\u00e9e Meiser","og_description":"Coaching bas\u00e9 sur les valeurs selon le Mod\u00e8le de St. Gallen Les valeurs d\u00e9crivent des \u00e9tats internes et externes qui offrent orientation et stabilit\u00e9 aux individus. Un coaching bas\u00e9 sur les valeurs s&rsquo;aligne avec cette orientation et augmente l&rsquo;efficacit\u00e9 et la durabilit\u00e9 des processus de changement. \u00a0 Les valeurs donnent un sens Les valeurs rev\u00eatent&hellip;&nbsp;Read More &raquo;Coaching basado en valores seg\u00fan el Modelo de St. Gallen","og_url":"https:\/\/desireemeiser-coaching-beratung.com\/fr\/coaching-basado-en-valores-segun-el-modelo-de-st-gallen\/","og_site_name":"D\u00e9sir\u00e9e Meiser","article_modified_time":"2025-05-26T18:47:32+00:00","twitter_card":"summary_large_image","twitter_misc":{"Dur\u00e9e de lecture estim\u00e9e":"4 minutes"},"schema":{"@context":"https:\/\/schema.org","@graph":[{"@type":"WebPage","@id":"https:\/\/desireemeiser-coaching-beratung.com\/fr\/coaching-basado-en-valores-segun-el-modelo-de-st-gallen\/","url":"https:\/\/desireemeiser-coaching-beratung.com\/fr\/coaching-basado-en-valores-segun-el-modelo-de-st-gallen\/","name":"Coaching basado en valores seg\u00fan el Modelo de St. Gallen - D\u00e9sir\u00e9e Meiser","isPartOf":{"@id":"https:\/\/desireemeiser-coaching-beratung.com\/fr\/#website"},"datePublished":"2024-11-20T09:20:59+00:00","dateModified":"2025-05-26T18:47:32+00:00","breadcrumb":{"@id":"https:\/\/desireemeiser-coaching-beratung.com\/fr\/coaching-basado-en-valores-segun-el-modelo-de-st-gallen\/#breadcrumb"},"inLanguage":"fr-FR","potentialAction":[{"@type":"ReadAction","target":["https:\/\/desireemeiser-coaching-beratung.com\/fr\/coaching-basado-en-valores-segun-el-modelo-de-st-gallen\/"]}]},{"@type":"BreadcrumbList","@id":"https:\/\/desireemeiser-coaching-beratung.com\/fr\/coaching-basado-en-valores-segun-el-modelo-de-st-gallen\/#breadcrumb","itemListElement":[{"@type":"ListItem","position":1,"name":"Startseite","item":"https:\/\/desireemeiser-coaching-beratung.com\/fr\/"},{"@type":"ListItem","position":2,"name":"Coaching basado en valores seg\u00fan el Modelo de St. Gallen"}]},{"@type":"WebSite","@id":"https:\/\/desireemeiser-coaching-beratung.com\/fr\/#website","url":"https:\/\/desireemeiser-coaching-beratung.com\/fr\/","name":"D\u00e9sir\u00e9e Meiser","description":"Coaching &amp; Beratung","potentialAction":[{"@type":"SearchAction","target":{"@type":"EntryPoint","urlTemplate":"https:\/\/desireemeiser-coaching-beratung.com\/fr\/?s={search_term_string}"},"query-input":{"@type":"PropertyValueSpecification","valueRequired":true,"valueName":"search_term_string"}}],"inLanguage":"fr-FR"}]}},"_links":{"self":[{"href":"https:\/\/desireemeiser-coaching-beratung.com\/fr\/wp-json\/wp\/v2\/pages\/1987","targetHints":{"allow":["GET"]}}],"collection":[{"href":"https:\/\/desireemeiser-coaching-beratung.com\/fr\/wp-json\/wp\/v2\/pages"}],"about":[{"href":"https:\/\/desireemeiser-coaching-beratung.com\/fr\/wp-json\/wp\/v2\/types\/page"}],"author":[{"embeddable":true,"href":"https:\/\/desireemeiser-coaching-beratung.com\/fr\/wp-json\/wp\/v2\/users\/1"}],"replies":[{"embeddable":true,"href":"https:\/\/desireemeiser-coaching-beratung.com\/fr\/wp-json\/wp\/v2\/comments?post=1987"}],"version-history":[{"count":6,"href":"https:\/\/desireemeiser-coaching-beratung.com\/fr\/wp-json\/wp\/v2\/pages\/1987\/revisions"}],"predecessor-version":[{"id":2386,"href":"https:\/\/desireemeiser-coaching-beratung.com\/fr\/wp-json\/wp\/v2\/pages\/1987\/revisions\/2386"}],"wp:attachment":[{"href":"https:\/\/desireemeiser-coaching-beratung.com\/fr\/wp-json\/wp\/v2\/media?parent=1987"}],"curies":[{"name":"wp","href":"https:\/\/api.w.org\/{rel}","templated":true}]}}