{"id":2212,"date":"2025-05-21T13:05:26","date_gmt":"2025-05-21T13:05:26","guid":{"rendered":"https:\/\/desireemeiser-coaching-beratung.com\/?page_id=2212"},"modified":"2025-05-26T18:51:36","modified_gmt":"2025-05-26T18:51:36","slug":"desiree-meiser-2","status":"publish","type":"page","link":"https:\/\/desireemeiser-coaching-beratung.com\/fr\/desiree-meiser-2\/","title":{"rendered":"D\u00e9sir\u00e9e Meiser"},"content":{"rendered":"\t\t<div data-elementor-type=\"wp-page\" data-elementor-id=\"2212\" class=\"elementor elementor-2212 elementor-2211\" data-elementor-post-type=\"page\">\n\t\t\t\t<div class=\"elementor-element elementor-element-052102c e-flex e-con-boxed e-con e-parent\" data-id=\"052102c\" data-element_type=\"container\">\n\t\t\t\t\t<div class=\"e-con-inner\">\n\t\t<div class=\"elementor-element elementor-element-ae77b12 e-con-full e-flex e-con e-child\" data-id=\"ae77b12\" data-element_type=\"container\">\n\t\t\t\t<div class=\"elementor-element elementor-element-d6236bd elementor-widget elementor-widget-text-editor\" data-id=\"d6236bd\" data-element_type=\"widget\" data-widget_type=\"text-editor.default\">\n\t\t\t\t\t\t\t\t\t<p>Gr\u00e2ce \u00e0 ma longue exp\u00e9rience en tant qu&rsquo;actrice, chanteuse et r\u00e9alisatrice, je sais exactement ce qu&rsquo;il faut prendre en compte lorsque des personnes se trouvent devant un public \u2013 que ce soit sur sc\u00e8ne, lors d&rsquo;une pr\u00e9sentation professionnelle, dans une r\u00e9union importante, lors d&rsquo;un pitch ou d&rsquo;une pr\u00e9sentation. <br \/><br \/>Dans de tels moments expos\u00e9s, non seulement le contenu d\u00e9termine le succ\u00e8s, mais aussi le charisme, la pr\u00e9sence et la capacit\u00e9 \u00e0 transmettre son message de mani\u00e8re authentique et convaincante. Se sentir en confiance dans ces situations et avoir un impact efficace n&rsquo;est pas une question de talent, mais le r\u00e9sultat d&rsquo;une pr\u00e9paration cibl\u00e9e, d&rsquo;un travail corporel conscient et d&rsquo;une pr\u00e9sence mentale. Et c&rsquo;est pr\u00e9cis\u00e9ment cela qui peut s&rsquo;apprendre.<br \/><br \/>Dans mon coaching, je vous aide \u00e0 d\u00e9velopper votre expressivit\u00e9 individuelle, \u00e0 utiliser votre voix de mani\u00e8re r\u00e9fl\u00e9chie, \u00e0 harmoniser votre langage corporel et \u00e0 renforcer durablement votre impact personnel \u2013 que ce soit lors de performances en direct, de r\u00e9unions en ligne, de pr\u00e9sentations ou de conversations dans des situations exigeantes.<br \/><br \/>Je propose des formations individuelles sur mesure et des ateliers qui r\u00e9pondent \u00e0 vos d\u00e9fis et objectifs sp\u00e9cifiques. Que vous vous pr\u00e9pariez pour une performance importante, que vous souhaitiez am\u00e9liorer vos comp\u00e9tences en pr\u00e9sentation au quotidien professionnel ou que vous souhaitiez d\u00e9velopper votre pr\u00e9sence sur sc\u00e8ne \u2013 ensemble, nous \u00e9laborerons des strat\u00e9gies concr\u00e8tes qui vous correspondent et s&rsquo;alignent avec votre style personnel.<br \/><br \/>Sur demande, je peux \u00e9galement vous accompagner ponctuellement lors d&rsquo;\u00e9v\u00e9nements sp\u00e9cifiques \u2013 par exemple, lors d&rsquo;une mod\u00e9ration, d&rsquo;une pr\u00e9sentation, d&rsquo;un entretien d\u2019embauche ou d&rsquo;une apparition publique.<br \/><br \/>Mon objectif est que vous vous sentiez \u00e0 l&rsquo;aise dans votre peau \u2013 et que vous touchiez votre public avec clart\u00e9, chaleur et pr\u00e9sence.<\/p>\t\t\t\t\t\t\t\t<\/div>\n\t\t\t\t<\/div>\n\t\t<div class=\"elementor-element elementor-element-4a3dc12 e-con-full e-flex e-con e-child\" data-id=\"4a3dc12\" data-element_type=\"container\">\n\t\t\t\t<div class=\"elementor-element elementor-element-553b136 elementor-widget elementor-widget-image\" data-id=\"553b136\" data-element_type=\"widget\" data-widget_type=\"image.default\">\n\t\t\t\t\t\t\t\t\t\t\t\t\t\t\t<img fetchpriority=\"high\" decoding=\"async\" width=\"1391\" height=\"2560\" src=\"https:\/\/desireemeiser-coaching-beratung.com\/wp-content\/uploads\/2024\/10\/desiree-meiser-coaching-und-beratung-basel-schweiz-3-scaled.jpg\" class=\"attachment-full size-full wp-image-642\" alt=\"\" srcset=\"https:\/\/desireemeiser-coaching-beratung.com\/wp-content\/uploads\/2024\/10\/desiree-meiser-coaching-und-beratung-basel-schweiz-3-scaled.jpg 1391w, https:\/\/desireemeiser-coaching-beratung.com\/wp-content\/uploads\/2024\/10\/desiree-meiser-coaching-und-beratung-basel-schweiz-3-163x300.jpg 163w, https:\/\/desireemeiser-coaching-beratung.com\/wp-content\/uploads\/2024\/10\/desiree-meiser-coaching-und-beratung-basel-schweiz-3-556x1024.jpg 556w, https:\/\/desireemeiser-coaching-beratung.com\/wp-content\/uploads\/2024\/10\/desiree-meiser-coaching-und-beratung-basel-schweiz-3-768x1414.jpg 768w, https:\/\/desireemeiser-coaching-beratung.com\/wp-content\/uploads\/2024\/10\/desiree-meiser-coaching-und-beratung-basel-schweiz-3-834x1536.jpg 834w, https:\/\/desireemeiser-coaching-beratung.com\/wp-content\/uploads\/2024\/10\/desiree-meiser-coaching-und-beratung-basel-schweiz-3-1113x2048.jpg 1113w\" sizes=\"(max-width: 1391px) 100vw, 1391px\" \/>\t\t\t\t\t\t\t\t\t\t\t\t\t\t\t<\/div>\n\t\t\t\t<div class=\"elementor-element elementor-element-c636582 elementor-widget elementor-widget-spacer\" data-id=\"c636582\" data-element_type=\"widget\" data-widget_type=\"spacer.default\">\n\t\t\t\t\t\t\t<div class=\"elementor-spacer\">\n\t\t\t<div class=\"elementor-spacer-inner\"><\/div>\n\t\t<\/div>\n\t\t\t\t\t\t<\/div>\n\t\t\t\t<\/div>\n\t\t\t\t\t<\/div>\n\t\t\t\t<\/div>\n\t\t\t\t<\/div>\n\t\t","protected":false},"excerpt":{"rendered":"<p>Gr\u00e2ce \u00e0 ma longue exp\u00e9rience en tant qu&rsquo;actrice, chanteuse et r\u00e9alisatrice, je sais exactement ce qu&rsquo;il faut prendre en compte lorsque des personnes se trouvent devant un public \u2013 que ce soit sur sc\u00e8ne, lors d&rsquo;une pr\u00e9sentation professionnelle, dans une r\u00e9union importante, lors d&rsquo;un pitch ou d&rsquo;une pr\u00e9sentation. Dans de tels moments expos\u00e9s, non seulement&hellip;&nbsp;<a href=\"https:\/\/desireemeiser-coaching-beratung.com\/fr\/desiree-meiser-2\/\" rel=\"bookmark\">Read More &raquo;<span class=\"screen-reader-text\">D\u00e9sir\u00e9e Meiser<\/span><\/a><\/p>\n","protected":false},"author":1,"featured_media":0,"parent":0,"menu_order":0,"comment_status":"closed","ping_status":"closed","template":"page-templates\/template-pagebuilder-full-width.php","meta":{"neve_meta_sidebar":"","neve_meta_container":"","neve_meta_enable_content_width":"on","neve_meta_content_width":100,"neve_meta_title_alignment":"","neve_meta_author_avatar":"","neve_post_elements_order":"","neve_meta_disable_header":"","neve_meta_disable_footer":"","neve_meta_disable_title":"on","neve_meta_reading_time":"","footnotes":""},"class_list":["post-2212","page","type-page","status-publish","hentry"],"yoast_head":"<!-- This site is optimized with the Yoast SEO plugin v26.6 - https:\/\/yoast.com\/wordpress\/plugins\/seo\/ -->\n<title>D\u00e9sir\u00e9e Meiser - D\u00e9sir\u00e9e Meiser<\/title>\n<meta name=\"robots\" content=\"index, follow, max-snippet:-1, max-image-preview:large, max-video-preview:-1\" \/>\n<link rel=\"canonical\" href=\"https:\/\/desireemeiser-coaching-beratung.com\/fr\/desiree-meiser-2\/\" \/>\n<meta property=\"og:locale\" content=\"fr_FR\" \/>\n<meta property=\"og:type\" content=\"article\" \/>\n<meta property=\"og:title\" content=\"D\u00e9sir\u00e9e Meiser - D\u00e9sir\u00e9e Meiser\" \/>\n<meta property=\"og:description\" content=\"Gr\u00e2ce \u00e0 ma longue exp\u00e9rience en tant qu&rsquo;actrice, chanteuse et r\u00e9alisatrice, je sais exactement ce qu&rsquo;il faut prendre en compte lorsque des personnes se trouvent devant un public \u2013 que ce soit sur sc\u00e8ne, lors d&rsquo;une pr\u00e9sentation professionnelle, dans une r\u00e9union importante, lors d&rsquo;un pitch ou d&rsquo;une pr\u00e9sentation. Dans de tels moments expos\u00e9s, non seulement&hellip;&nbsp;Read More &raquo;D\u00e9sir\u00e9e Meiser\" \/>\n<meta property=\"og:url\" content=\"https:\/\/desireemeiser-coaching-beratung.com\/fr\/desiree-meiser-2\/\" \/>\n<meta property=\"og:site_name\" content=\"D\u00e9sir\u00e9e Meiser\" \/>\n<meta property=\"article:modified_time\" content=\"2025-05-26T18:51:36+00:00\" \/>\n<meta property=\"og:image\" content=\"https:\/\/desireemeiser-coaching-beratung.com\/wp-content\/uploads\/2024\/10\/desiree-meiser-coaching-und-beratung-basel-schweiz-3-scaled.jpg\" \/>\n\t<meta property=\"og:image:width\" content=\"1391\" \/>\n\t<meta property=\"og:image:height\" content=\"2560\" \/>\n\t<meta property=\"og:image:type\" content=\"image\/jpeg\" \/>\n<meta name=\"twitter:card\" content=\"summary_large_image\" \/>\n<meta name=\"twitter:label1\" content=\"Dur\u00e9e de lecture estim\u00e9e\" \/>\n\t<meta name=\"twitter:data1\" content=\"2 minutes\" \/>\n<script type=\"application\/ld+json\" class=\"yoast-schema-graph\">{\"@context\":\"https:\/\/schema.org\",\"@graph\":[{\"@type\":\"WebPage\",\"@id\":\"https:\/\/desireemeiser-coaching-beratung.com\/fr\/desiree-meiser-2\/\",\"url\":\"https:\/\/desireemeiser-coaching-beratung.com\/fr\/desiree-meiser-2\/\",\"name\":\"D\u00e9sir\u00e9e Meiser - D\u00e9sir\u00e9e Meiser\",\"isPartOf\":{\"@id\":\"https:\/\/desireemeiser-coaching-beratung.com\/fr\/#website\"},\"primaryImageOfPage\":{\"@id\":\"https:\/\/desireemeiser-coaching-beratung.com\/fr\/desiree-meiser-2\/#primaryimage\"},\"image\":{\"@id\":\"https:\/\/desireemeiser-coaching-beratung.com\/fr\/desiree-meiser-2\/#primaryimage\"},\"thumbnailUrl\":\"https:\/\/desireemeiser-coaching-beratung.com\/wp-content\/uploads\/2024\/10\/desiree-meiser-coaching-und-beratung-basel-schweiz-3-scaled.jpg\",\"datePublished\":\"2025-05-21T13:05:26+00:00\",\"dateModified\":\"2025-05-26T18:51:36+00:00\",\"breadcrumb\":{\"@id\":\"https:\/\/desireemeiser-coaching-beratung.com\/fr\/desiree-meiser-2\/#breadcrumb\"},\"inLanguage\":\"fr-FR\",\"potentialAction\":[{\"@type\":\"ReadAction\",\"target\":[\"https:\/\/desireemeiser-coaching-beratung.com\/fr\/desiree-meiser-2\/\"]}]},{\"@type\":\"ImageObject\",\"inLanguage\":\"fr-FR\",\"@id\":\"https:\/\/desireemeiser-coaching-beratung.com\/fr\/desiree-meiser-2\/#primaryimage\",\"url\":\"https:\/\/desireemeiser-coaching-beratung.com\/wp-content\/uploads\/2024\/10\/desiree-meiser-coaching-und-beratung-basel-schweiz-3-scaled.jpg\",\"contentUrl\":\"https:\/\/desireemeiser-coaching-beratung.com\/wp-content\/uploads\/2024\/10\/desiree-meiser-coaching-und-beratung-basel-schweiz-3-scaled.jpg\"},{\"@type\":\"BreadcrumbList\",\"@id\":\"https:\/\/desireemeiser-coaching-beratung.com\/fr\/desiree-meiser-2\/#breadcrumb\",\"itemListElement\":[{\"@type\":\"ListItem\",\"position\":1,\"name\":\"Startseite\",\"item\":\"https:\/\/desireemeiser-coaching-beratung.com\/fr\/\"},{\"@type\":\"ListItem\",\"position\":2,\"name\":\"D\u00e9sir\u00e9e Meiser\"}]},{\"@type\":\"WebSite\",\"@id\":\"https:\/\/desireemeiser-coaching-beratung.com\/fr\/#website\",\"url\":\"https:\/\/desireemeiser-coaching-beratung.com\/fr\/\",\"name\":\"D\u00e9sir\u00e9e Meiser\",\"description\":\"Coaching &amp; Beratung\",\"potentialAction\":[{\"@type\":\"SearchAction\",\"target\":{\"@type\":\"EntryPoint\",\"urlTemplate\":\"https:\/\/desireemeiser-coaching-beratung.com\/fr\/?s={search_term_string}\"},\"query-input\":{\"@type\":\"PropertyValueSpecification\",\"valueRequired\":true,\"valueName\":\"search_term_string\"}}],\"inLanguage\":\"fr-FR\"}]}<\/script>\n<!-- \/ Yoast SEO plugin. -->","yoast_head_json":{"title":"D\u00e9sir\u00e9e Meiser - D\u00e9sir\u00e9e Meiser","robots":{"index":"index","follow":"follow","max-snippet":"max-snippet:-1","max-image-preview":"max-image-preview:large","max-video-preview":"max-video-preview:-1"},"canonical":"https:\/\/desireemeiser-coaching-beratung.com\/fr\/desiree-meiser-2\/","og_locale":"fr_FR","og_type":"article","og_title":"D\u00e9sir\u00e9e Meiser - D\u00e9sir\u00e9e Meiser","og_description":"Gr\u00e2ce \u00e0 ma longue exp\u00e9rience en tant qu&rsquo;actrice, chanteuse et r\u00e9alisatrice, je sais exactement ce qu&rsquo;il faut prendre en compte lorsque des personnes se trouvent devant un public \u2013 que ce soit sur sc\u00e8ne, lors d&rsquo;une pr\u00e9sentation professionnelle, dans une r\u00e9union importante, lors d&rsquo;un pitch ou d&rsquo;une pr\u00e9sentation. Dans de tels moments expos\u00e9s, non seulement&hellip;&nbsp;Read More &raquo;D\u00e9sir\u00e9e Meiser","og_url":"https:\/\/desireemeiser-coaching-beratung.com\/fr\/desiree-meiser-2\/","og_site_name":"D\u00e9sir\u00e9e Meiser","article_modified_time":"2025-05-26T18:51:36+00:00","og_image":[{"width":1391,"height":2560,"url":"https:\/\/desireemeiser-coaching-beratung.com\/wp-content\/uploads\/2024\/10\/desiree-meiser-coaching-und-beratung-basel-schweiz-3-scaled.jpg","type":"image\/jpeg"}],"twitter_card":"summary_large_image","twitter_misc":{"Dur\u00e9e de lecture estim\u00e9e":"2 minutes"},"schema":{"@context":"https:\/\/schema.org","@graph":[{"@type":"WebPage","@id":"https:\/\/desireemeiser-coaching-beratung.com\/fr\/desiree-meiser-2\/","url":"https:\/\/desireemeiser-coaching-beratung.com\/fr\/desiree-meiser-2\/","name":"D\u00e9sir\u00e9e Meiser - D\u00e9sir\u00e9e Meiser","isPartOf":{"@id":"https:\/\/desireemeiser-coaching-beratung.com\/fr\/#website"},"primaryImageOfPage":{"@id":"https:\/\/desireemeiser-coaching-beratung.com\/fr\/desiree-meiser-2\/#primaryimage"},"image":{"@id":"https:\/\/desireemeiser-coaching-beratung.com\/fr\/desiree-meiser-2\/#primaryimage"},"thumbnailUrl":"https:\/\/desireemeiser-coaching-beratung.com\/wp-content\/uploads\/2024\/10\/desiree-meiser-coaching-und-beratung-basel-schweiz-3-scaled.jpg","datePublished":"2025-05-21T13:05:26+00:00","dateModified":"2025-05-26T18:51:36+00:00","breadcrumb":{"@id":"https:\/\/desireemeiser-coaching-beratung.com\/fr\/desiree-meiser-2\/#breadcrumb"},"inLanguage":"fr-FR","potentialAction":[{"@type":"ReadAction","target":["https:\/\/desireemeiser-coaching-beratung.com\/fr\/desiree-meiser-2\/"]}]},{"@type":"ImageObject","inLanguage":"fr-FR","@id":"https:\/\/desireemeiser-coaching-beratung.com\/fr\/desiree-meiser-2\/#primaryimage","url":"https:\/\/desireemeiser-coaching-beratung.com\/wp-content\/uploads\/2024\/10\/desiree-meiser-coaching-und-beratung-basel-schweiz-3-scaled.jpg","contentUrl":"https:\/\/desireemeiser-coaching-beratung.com\/wp-content\/uploads\/2024\/10\/desiree-meiser-coaching-und-beratung-basel-schweiz-3-scaled.jpg"},{"@type":"BreadcrumbList","@id":"https:\/\/desireemeiser-coaching-beratung.com\/fr\/desiree-meiser-2\/#breadcrumb","itemListElement":[{"@type":"ListItem","position":1,"name":"Startseite","item":"https:\/\/desireemeiser-coaching-beratung.com\/fr\/"},{"@type":"ListItem","position":2,"name":"D\u00e9sir\u00e9e Meiser"}]},{"@type":"WebSite","@id":"https:\/\/desireemeiser-coaching-beratung.com\/fr\/#website","url":"https:\/\/desireemeiser-coaching-beratung.com\/fr\/","name":"D\u00e9sir\u00e9e Meiser","description":"Coaching &amp; Beratung","potentialAction":[{"@type":"SearchAction","target":{"@type":"EntryPoint","urlTemplate":"https:\/\/desireemeiser-coaching-beratung.com\/fr\/?s={search_term_string}"},"query-input":{"@type":"PropertyValueSpecification","valueRequired":true,"valueName":"search_term_string"}}],"inLanguage":"fr-FR"}]}},"_links":{"self":[{"href":"https:\/\/desireemeiser-coaching-beratung.com\/fr\/wp-json\/wp\/v2\/pages\/2212","targetHints":{"allow":["GET"]}}],"collection":[{"href":"https:\/\/desireemeiser-coaching-beratung.com\/fr\/wp-json\/wp\/v2\/pages"}],"about":[{"href":"https:\/\/desireemeiser-coaching-beratung.com\/fr\/wp-json\/wp\/v2\/types\/page"}],"author":[{"embeddable":true,"href":"https:\/\/desireemeiser-coaching-beratung.com\/fr\/wp-json\/wp\/v2\/users\/1"}],"replies":[{"embeddable":true,"href":"https:\/\/desireemeiser-coaching-beratung.com\/fr\/wp-json\/wp\/v2\/comments?post=2212"}],"version-history":[{"count":7,"href":"https:\/\/desireemeiser-coaching-beratung.com\/fr\/wp-json\/wp\/v2\/pages\/2212\/revisions"}],"predecessor-version":[{"id":2407,"href":"https:\/\/desireemeiser-coaching-beratung.com\/fr\/wp-json\/wp\/v2\/pages\/2212\/revisions\/2407"}],"wp:attachment":[{"href":"https:\/\/desireemeiser-coaching-beratung.com\/fr\/wp-json\/wp\/v2\/media?parent=2212"}],"curies":[{"name":"wp","href":"https:\/\/api.w.org\/{rel}","templated":true}]}}